
{"id":2632,"date":"2021-07-31T17:53:19","date_gmt":"2021-07-31T17:53:19","guid":{"rendered":"https:\/\/www.overline-design.de\/poetry\/?page_id=2632"},"modified":"2022-12-07T07:18:39","modified_gmt":"2022-12-07T07:18:39","slug":"fernsehquoten","status":"publish","type":"page","link":"https:\/\/www.overline-design.de\/poetry\/?page_id=2632","title":{"rendered":"Fernsehquoten"},"content":{"rendered":"\n<p>Wird gesendet an einem Tag auf allen Sendern nur &#8222;Mist&#8220;,<br>dann gewinnt die Quote, die von dem &#8222;Mist&#8220; die Beste ist.<br>Das sollte aber nicht zu der Fehleinsch\u00e4tzung dann verleiten,<br>dass dieser gesendete &#8222;Mist&#8220; wird uns auch weiter begleiten.<br><br>Kommt Fu\u00dfball, dann liegt die Quote vorn, dann ist wohl klar,<br>dass diese Fu\u00dfball\u00fcbertragung der gro\u00dfe &#8222;Quotenrenner&#8220; war.<br>F\u00fcr die nicht Fu\u00dfballinteressierten wird es nicht die gro\u00dfe Wahl,<br>denn aufgrund der fehlenden Werbepartner wird es eine Qual.<br><br>Das die &#8222;Spielesendungen&#8220;, die pausenlos werden produziert,<br>mit der Hoffnung, dass sich der Zuschauer daf\u00fcr interessiert.<br>&#8222;Brot und Spiele&#8220;, dass wurde auch im alten Rom praktiziert<br>und da war vorgeplant, dass der Gegner nur get\u00f6tet verliert.<br><br>Die &#8222;Tribute von Panem&#8220; hat es doch auch schon aufgezeigt,<br>wo sich dann der Fernsehzuschauer der Zukunft hin sich neigt.<br>Wir sind nicht weit davon entfernt, so wie es im Film gedacht,<br>man hat das am Verhalten der Fernsehzuschauer fest gemacht.<br><br><strong>\u00a9<\/strong> Rainer Dambroth &#8211; 31.07.2021 &#8211; <strong><a href=\"http:\/\/www.overline-poetry.de\">www.overline-poetry.de<\/a><\/strong><\/p>\n","protected":false},"excerpt":{"rendered":"<p>Wird gesendet an einem Tag auf allen Sendern nur &#8222;Mist&#8220;,dann gewinnt die Quote, die von dem &#8222;Mist&#8220; die Beste ist.Das sollte aber nicht zu der Fehleinsch\u00e4tzung dann verleiten,dass dieser gesendete &#8222;Mist&#8220; wird uns auch weiter begleiten. Kommt Fu\u00dfball, dann liegt die Quote vorn, dann ist wohl klar,dass diese Fu\u00dfball\u00fcbertragung der gro\u00dfe &#8222;Quotenrenner&#8220; war.F\u00fcr die nicht [&hellip;]<\/p>\n","protected":false},"author":3,"featured_media":0,"parent":0,"menu_order":0,"comment_status":"closed","ping_status":"closed","template":"","meta":{"footnotes":""},"class_list":["post-2632","page","type-page","status-publish","hentry"],"jetpack_sharing_enabled":true,"_links":{"self":[{"href":"https:\/\/www.overline-design.de\/poetry\/index.php?rest_route=\/wp\/v2\/pages\/2632","targetHints":{"allow":["GET"]}}],"collection":[{"href":"https:\/\/www.overline-design.de\/poetry\/index.php?rest_route=\/wp\/v2\/pages"}],"about":[{"href":"https:\/\/www.overline-design.de\/poetry\/index.php?rest_route=\/wp\/v2\/types\/page"}],"author":[{"embeddable":true,"href":"https:\/\/www.overline-design.de\/poetry\/index.php?rest_route=\/wp\/v2\/users\/3"}],"replies":[{"embeddable":true,"href":"https:\/\/www.overline-design.de\/poetry\/index.php?rest_route=%2Fwp%2Fv2%2Fcomments&post=2632"}],"version-history":[{"count":12,"href":"https:\/\/www.overline-design.de\/poetry\/index.php?rest_route=\/wp\/v2\/pages\/2632\/revisions"}],"predecessor-version":[{"id":6456,"href":"https:\/\/www.overline-design.de\/poetry\/index.php?rest_route=\/wp\/v2\/pages\/2632\/revisions\/6456"}],"wp:attachment":[{"href":"https:\/\/www.overline-design.de\/poetry\/index.php?rest_route=%2Fwp%2Fv2%2Fmedia&parent=2632"}],"curies":[{"name":"wp","href":"https:\/\/api.w.org\/{rel}","templated":true}]}}