
{"id":2774,"date":"2022-03-02T05:22:00","date_gmt":"2022-03-02T05:22:00","guid":{"rendered":"https:\/\/www.overline-design.de\/poetry\/?page_id=2774"},"modified":"2024-12-03T08:16:56","modified_gmt":"2024-12-03T08:16:56","slug":"die-fische-ertrinken-im-plastikmeer","status":"publish","type":"page","link":"https:\/\/www.overline-design.de\/poetry\/?page_id=2774","title":{"rendered":"Die Fische &#8222;ertrinken&#8220; im Plastikmeer"},"content":{"rendered":"\n<p>Wenn ich so sehe, vom Menschen diese Gedankenlosigkeit<br>resigniere ich bald, weil es schon \u201elaut zum Himmel schreit\u201c.<br>Wenn die Menschen zum Strand fahren, weil die Sonne lacht,<br>die leeren Wasserflaschen sehr oft nicht nach Haus gebracht.<br><br>Bl\u00e4st der Wind die leere Flasche weg, l\u00e4sst man sie \u201elaufen\u201c,<br>f\u00fcr morgen wird man wieder eine volle Wasserflasche kaufen.<br>Ein Pfandsystem die R\u00fcckgabe einer leeren Flasche garantiert,<br>damit ist gew\u00e4hrleistet, dass man die Flasche nicht \u201everliert\u201c.<br><br>Wenn die \u201eVerlierer\u201c, die die Flasche an dem Strand vergessen,<br>findet sie ein \u201eSammler\u201c und kauft von dem Pfand sein Essen.<br>Diese Flasche wird nicht im Meer dann landen und das ist gut.<br>Lasst uns gegen die Gedankenlosigkeit k\u00e4mpfen mit viel Mut.<br><br>Die Nahrung der Fische Mikroplastik vom Meer fein \u201ezerrieben\u201c,<br>dann durch alle Str\u00f6mungen der Weltmeere dahin getrieben.<br>Dieses wird mit der Nahrung von den Meerestieren aufgesogen<br>und damit um ihre ben\u00f6tigte Nahrung zum \u00dcberleben betrogen.<br><br>Das Gute ist, denn mit dem frisch gefangenen \u201ePlastik\u201c-Fisch,<br>kommt auch so der Kunststoffabfall zur\u00fcck auf unseren Tisch.<br>Er wurde mit den gefangenen Fischen den Meeren entnommen,<br>in dem die Fische mit Mikroplastik im Magen sind geschwommen.<br><br>Das Mikroplastik was in den Weiten der Weltmeere entschwindet,<br>sich schon sehr bald schon auf deinem Teller dann wiederfindet<br>Gegessen, verdaut in deinem Magen und dann ausgeschieden,<br>ger\u00e4t das wieder in die Nahrungskette und das geh\u00f6rt vermieden.<br><br>Plastikabf\u00e4lle wir in auf Devisen angewiesene L\u00e4nder exportieren<br>und es als in Fisch verpacktes Mikroplastik wieder \u201eimportieren\u201c,<br>denn die Plastikabf\u00e4lle werden in direkter Meeresn\u00e4he deponiert,<br>so dass sich manches Plastik in den Meeresweiten dann verliert.<br><br>Die Wiederverwertbarkeit von Kunststoffen muss man forcieren,<br>nicht trennbare Kunstverbundstoffe m\u00fcssen dabei ganz verlieren.<br>100% Recycling sollte unser Bestreben f\u00fcr Kunststoffe werden,<br>denn uns wurde nur gegeben, dieses eine Leben hier auf Erden.<br><br><strong>\u00a9<\/strong> Rainer Dambroth &#8211; 02.03.2022 &#8211; <strong><a href=\"http:\/\/www.overline-poetry.de\/\">www.overline-poetry.de<\/a><\/strong><\/p>\n\n\n\n<p><\/p>\n","protected":false},"excerpt":{"rendered":"<p>Wenn ich so sehe, vom Menschen diese Gedankenlosigkeitresigniere ich bald, weil es schon \u201elaut zum Himmel schreit\u201c.Wenn die Menschen zum Strand fahren, weil die Sonne lacht,die leeren Wasserflaschen sehr oft nicht nach Haus gebracht. Bl\u00e4st der Wind die leere Flasche weg, l\u00e4sst man sie \u201elaufen\u201c,f\u00fcr morgen wird man wieder eine volle Wasserflasche kaufen.Ein Pfandsystem die [&hellip;]<\/p>\n","protected":false},"author":3,"featured_media":0,"parent":0,"menu_order":0,"comment_status":"closed","ping_status":"closed","template":"","meta":{"footnotes":""},"class_list":["post-2774","page","type-page","status-publish","hentry"],"jetpack_sharing_enabled":true,"_links":{"self":[{"href":"https:\/\/www.overline-design.de\/poetry\/index.php?rest_route=\/wp\/v2\/pages\/2774","targetHints":{"allow":["GET"]}}],"collection":[{"href":"https:\/\/www.overline-design.de\/poetry\/index.php?rest_route=\/wp\/v2\/pages"}],"about":[{"href":"https:\/\/www.overline-design.de\/poetry\/index.php?rest_route=\/wp\/v2\/types\/page"}],"author":[{"embeddable":true,"href":"https:\/\/www.overline-design.de\/poetry\/index.php?rest_route=\/wp\/v2\/users\/3"}],"replies":[{"embeddable":true,"href":"https:\/\/www.overline-design.de\/poetry\/index.php?rest_route=%2Fwp%2Fv2%2Fcomments&post=2774"}],"version-history":[{"count":14,"href":"https:\/\/www.overline-design.de\/poetry\/index.php?rest_route=\/wp\/v2\/pages\/2774\/revisions"}],"predecessor-version":[{"id":9535,"href":"https:\/\/www.overline-design.de\/poetry\/index.php?rest_route=\/wp\/v2\/pages\/2774\/revisions\/9535"}],"wp:attachment":[{"href":"https:\/\/www.overline-design.de\/poetry\/index.php?rest_route=%2Fwp%2Fv2%2Fmedia&parent=2774"}],"curies":[{"name":"wp","href":"https:\/\/api.w.org\/{rel}","templated":true}]}}