
{"id":3048,"date":"2021-03-04T21:27:44","date_gmt":"2021-03-04T21:27:44","guid":{"rendered":"https:\/\/www.overline-design.de\/poetry\/?page_id=3048"},"modified":"2021-03-05T17:35:33","modified_gmt":"2021-03-05T17:35:33","slug":"corona-impfung-chaosbewaeltigung-in-niedersachsen","status":"publish","type":"page","link":"https:\/\/www.overline-design.de\/poetry\/?page_id=3048","title":{"rendered":"Corona Impfung &#8211;  Chaosbew\u00e4ltigung in Niedersachsen?!"},"content":{"rendered":"\n<p>Sofort nach Freigabe der Hotline haben wir mit den Anrufen begonnen.<br>Ungez\u00e4hlte Stunden sind von unserer Tageszeit am Telefon zerronnen.<br>Nach unz\u00e4hligen Anrufen bei der Impf-Hotline zum Termin anfragen,<br>wurde man am 11.02.21 erh\u00f6rt und auf die Impf-Warteliste eingetragen.<br><br>Seitdem war es ruhig und man hat keine weitere Nachricht erhalten!<br>In Niedersachsen braucht man Zeit zum organisieren und verwalten!<br>Am 03.03.21, wir versuchen es erneut mit einer Impf-Terminabfrage,<br>denn es kam keine Impf-Terminbest\u00e4tigung, all die vergangenen Tage.<br><br>Man kam, oh ein Wunder,  sofort bei der Impf-Termin-Hotline an!<br>Am Telefon war, weil &#8222;gef\u00fchlt&#8220; zwei Telefone, diesesmal ein Mann.<br>Er wurde f\u00fcndig auf der langen Liste und best\u00e4tigte den Eintrag!<br>Wenigstens schon ein kleiner Erfolg, wie ich hier zu sagen vermag.<br><br>Man w\u00fcrde schon noch einen Impftermin-Bescheid  bekommen!<br>Mit der Antwort, wurde einem die Frage schon vorweg genommen.<br>Am heutigem Tag, haben wir da vielleicht jemanden aufgeweckt,<br>denn wir haben einen Brief vom Ministerium in der Post entdeckt.<br><br>Der Brief hat inhaltlich nur eine pers\u00f6nliche ID einem zugesendet,<br>die man bei einer m\u00f6glichen Impfung in der Ferne dann verwendet.<br>Eine Entschuldigung f\u00fcr dieses langsame Vorgehen w\u00e4re angebracht,<br>denn die Verwandschaft aus Bayern hat uns daf\u00fcr schon ausgelacht.<br><br><strong>\u00a9<\/strong> Rainer Dambroth &#8211; 04.03.2021 &#8211; <strong><a href=\"https:\/\/www.overline-poetry.de\">www.overline-poetry.de<\/a><\/strong><\/p>\n","protected":false},"excerpt":{"rendered":"<p>Sofort nach Freigabe der Hotline haben wir mit den Anrufen begonnen.Ungez\u00e4hlte Stunden sind von unserer Tageszeit am Telefon zerronnen.Nach unz\u00e4hligen Anrufen bei der Impf-Hotline zum Termin anfragen,wurde man am 11.02.21 erh\u00f6rt und auf die Impf-Warteliste eingetragen. Seitdem war es ruhig und man hat keine weitere Nachricht erhalten!In Niedersachsen braucht man Zeit zum organisieren und verwalten!Am [&hellip;]<\/p>\n","protected":false},"author":3,"featured_media":0,"parent":0,"menu_order":0,"comment_status":"closed","ping_status":"closed","template":"","meta":{"footnotes":""},"class_list":["post-3048","page","type-page","status-publish","hentry"],"jetpack_sharing_enabled":true,"_links":{"self":[{"href":"https:\/\/www.overline-design.de\/poetry\/index.php?rest_route=\/wp\/v2\/pages\/3048","targetHints":{"allow":["GET"]}}],"collection":[{"href":"https:\/\/www.overline-design.de\/poetry\/index.php?rest_route=\/wp\/v2\/pages"}],"about":[{"href":"https:\/\/www.overline-design.de\/poetry\/index.php?rest_route=\/wp\/v2\/types\/page"}],"author":[{"embeddable":true,"href":"https:\/\/www.overline-design.de\/poetry\/index.php?rest_route=\/wp\/v2\/users\/3"}],"replies":[{"embeddable":true,"href":"https:\/\/www.overline-design.de\/poetry\/index.php?rest_route=%2Fwp%2Fv2%2Fcomments&post=3048"}],"version-history":[{"count":5,"href":"https:\/\/www.overline-design.de\/poetry\/index.php?rest_route=\/wp\/v2\/pages\/3048\/revisions"}],"predecessor-version":[{"id":3064,"href":"https:\/\/www.overline-design.de\/poetry\/index.php?rest_route=\/wp\/v2\/pages\/3048\/revisions\/3064"}],"wp:attachment":[{"href":"https:\/\/www.overline-design.de\/poetry\/index.php?rest_route=%2Fwp%2Fv2%2Fmedia&parent=3048"}],"curies":[{"name":"wp","href":"https:\/\/api.w.org\/{rel}","templated":true}]}}