
{"id":3138,"date":"2020-11-08T18:21:00","date_gmt":"2020-11-08T18:21:00","guid":{"rendered":"https:\/\/www.overline-design.de\/poetry\/?page_id=3138"},"modified":"2022-11-25T10:57:58","modified_gmt":"2022-11-25T10:57:58","slug":"hurra-unsere-neuen-nachbarn-sind-da","status":"publish","type":"page","link":"https:\/\/www.overline-design.de\/poetry\/?page_id=3138","title":{"rendered":"Hurra, unsere neuen Nachbarn sind da"},"content":{"rendered":"\n<p>Nach etlichen Monaten mit &#8222;Stille im Glas&#8220;,<br>tut sich in unserer Nachbarschaft wieder was.<br>Es ist &#8222;Leben&#8220; eingezogen, im Haus nebenan,<br>ein P\u00e4rchen mit festen Zielen und einem Plan.<\/p>\n\n\n\n<p>Die M\u00fclltonnen haben sich bereits gefunden<br>und warten &#8222;dicht-an-dicht&#8220; etliche Stunden.<br>So sparen wir gemeinsam f\u00fcr unsere Umwelt,<br>denn jedes Bremsen und Starten kostet Geld.<\/p>\n\n\n\n<p>Zugewunken haben wir uns aus der Ferne,<br>&#8222;Kommt erst an&#8220;, dann sehen wir uns gerne.<br>Sehr positiv haben wir es doch vernommen,<br>dass ihr so schnell zu uns seid gekommen.<\/p>\n\n\n\n<p>Zur der Begr\u00fcssung gab es nicht nur Worte<br>sondern f\u00fcr uns St\u00fccke der Hochzeitstorte.<br>Tanja+Nils hatten den Ehebund geschlossen,<br>die Hochzeitstorte haben wir mit genossen.<\/p>\n\n\n\n<p>\u00dcbrigens, die Hochzeitstorte war sehr lecker,<br>bitte die Adresse vom Konditor oder B\u00e4cker.<br>Wir hoffen, auf eine sehr gute Nachbarschaft,<br>das wollen wir haben, mit gemeinsamer Kraft.<\/p>\n\n\n\n<p>Lasst uns \u00fcber m\u00f6gliche Probleme sprechen,<br>\u00fcber Umwege wird sich das an uns nur r\u00e4chen.<br>Euch Beiden f\u00fcr das Haus ganz viel Geschick<br>f\u00fcr eure Liebe und Zukunft das gro\u00dfe Gl\u00fcck.<\/p>\n\n\n\n<p><strong>\u00a9<\/strong> Rainer Dambroth &#8211; 08.11.2020 &#8211; <strong><a href=\"https:\/\/www.overline-poetry.de\">www.overline-poetry.de<\/a><\/strong><br><br> Herzlich willkommen in der Nachbarschaft<br>und liebe Gr\u00fc\u00dfe von euren neuen Nachbarn<br>Karin+Rainer <\/p>\n","protected":false},"excerpt":{"rendered":"<p>Nach etlichen Monaten mit &#8222;Stille im Glas&#8220;,tut sich in unserer Nachbarschaft wieder was.Es ist &#8222;Leben&#8220; eingezogen, im Haus nebenan,ein P\u00e4rchen mit festen Zielen und einem Plan. Die M\u00fclltonnen haben sich bereits gefundenund warten &#8222;dicht-an-dicht&#8220; etliche Stunden.So sparen wir gemeinsam f\u00fcr unsere Umwelt,denn jedes Bremsen und Starten kostet Geld. Zugewunken haben wir uns aus der Ferne,&#8222;Kommt [&hellip;]<\/p>\n","protected":false},"author":3,"featured_media":0,"parent":0,"menu_order":0,"comment_status":"closed","ping_status":"closed","template":"","meta":{"footnotes":""},"class_list":["post-3138","page","type-page","status-publish","hentry"],"jetpack_sharing_enabled":true,"_links":{"self":[{"href":"https:\/\/www.overline-design.de\/poetry\/index.php?rest_route=\/wp\/v2\/pages\/3138","targetHints":{"allow":["GET"]}}],"collection":[{"href":"https:\/\/www.overline-design.de\/poetry\/index.php?rest_route=\/wp\/v2\/pages"}],"about":[{"href":"https:\/\/www.overline-design.de\/poetry\/index.php?rest_route=\/wp\/v2\/types\/page"}],"author":[{"embeddable":true,"href":"https:\/\/www.overline-design.de\/poetry\/index.php?rest_route=\/wp\/v2\/users\/3"}],"replies":[{"embeddable":true,"href":"https:\/\/www.overline-design.de\/poetry\/index.php?rest_route=%2Fwp%2Fv2%2Fcomments&post=3138"}],"version-history":[{"count":3,"href":"https:\/\/www.overline-design.de\/poetry\/index.php?rest_route=\/wp\/v2\/pages\/3138\/revisions"}],"predecessor-version":[{"id":6376,"href":"https:\/\/www.overline-design.de\/poetry\/index.php?rest_route=\/wp\/v2\/pages\/3138\/revisions\/6376"}],"wp:attachment":[{"href":"https:\/\/www.overline-design.de\/poetry\/index.php?rest_route=%2Fwp%2Fv2%2Fmedia&parent=3138"}],"curies":[{"name":"wp","href":"https:\/\/api.w.org\/{rel}","templated":true}]}}