
{"id":3351,"date":"2021-04-03T14:19:00","date_gmt":"2021-04-03T14:19:00","guid":{"rendered":"https:\/\/www.overline-design.de\/poetry\/?page_id=3351"},"modified":"2022-10-29T09:35:18","modified_gmt":"2022-10-29T09:35:18","slug":"die-fragwuerdige-chinesische-medizin","status":"publish","type":"page","link":"https:\/\/www.overline-design.de\/poetry\/?page_id=3351","title":{"rendered":"Die (fragw\u00fcrdige) chinesische Medizin"},"content":{"rendered":"\n<p>Wer die traditionelle chinesische Medizin f\u00fcr sich hat ausgew\u00e4hlt,<br>sollte vorher wissen, dass man daf\u00fcr auch Tiere t\u00f6tet oder qu\u00e4lt.<br>Die H\u00e4ute von Eseln werden zu einer Traditionsmedizin verkocht,<br>den Gedanken an die Massenschlachtung, habe ich nie gemocht.<br><br>Da werden zum Beispiel Tiere lebendig in Flaschen hinein gestopft<br>mit einem Sud aufgegossen und dann die Flasche fest verpfropft.<br>Die Heilkraft ist mehr an den Glauben als an die Wirkung gebunden,<br>besser w\u00e4re es, man h\u00e4tte den Verursacher des Leidens gefunden.<br><br>Den Kragenb\u00e4ren wird qualvoll der Saft der Galle entnommen,<br>da im engen K\u00e4fig eingepfercht, gibt es f\u00fcr ihn kein Entkommen.<br>Dieser wird verwendet zur Behandlung von Leberbeschwerden, <br>immer mit dem Wunsch, dass die Beschwerden besser  werden.<br><br>Um zu fangen f\u00fcr die fragw\u00fcrdige Medizin ein sehr seltenes Tier,<br>um so teurer wird f\u00fcr die &#8222;Wundergl\u00e4ubigen&#8220; das heilende Elixier.<br>Ich frage mich, wenn von dem Tier ein K\u00f6rperteil wird gebraucht,<br>muss es sein, dass dem Tier daf\u00fcr sein Leben wird ausgehaucht?<br> <br>Wenn beim Mann die Kraft im Bett ist schon mal &#8222;erschlafft&#8220;,<br>er es dann auch nicht mit einem Pulver vom Nashorn schafft!<br>Anstatt das Nashorn zu t\u00f6ten und sein Nashorn abzuschlagen,<br>kann man sich mit gleichem Effekt die Fingern\u00e4gel &#8222;abnagen&#8220;.<br><br>Hauptsache, das verwendete Tier ist nur noch selten zu finden,<br>dann l\u00e4sst sich ein hoher Preis f\u00fcr die Medizin so begr\u00fcnden. <br>Ob den chinesischen Wunderheilern meine Kritik nun gef\u00e4llt,<br>nicht alles hilft der Gesundheit, aber bringt f\u00fcr die Heiler Geld. <br><br>Die Kr\u00e4uter, die uns die Natur aus ihrem Garten hat gegeben,<br>aber k\u00f6nnen Wunder bewirken, f\u00fcr ein gesundes langes Leben.<br>Ich lasse mich gerne belehren von der heilenden Kraft der Natur,<br>denn der Kr\u00e4utergarten hat f\u00fcr viele Leiden eine wirksame Mixtur.<br><br>Eine Anmerkung zur chinesischen Medizin ich mir hier erlaube,<br>was haupts\u00e4chlich hilft, ist statt der Wirkung mehr der Glaube.<br>Denn der Glaube an die Wirkung bekanntlich die Berge versetzt,<br>nur wichtig ist, dass dabei kein Tier get\u00f6tet oder dabei verletzt.<br><br><strong>\u00a9<\/strong> Rainer Dambroth &#8211; 03.04.2021 &#8211; <strong><a href=\"https:\/\/www.overline-poetry.de\">www.overline-poetry.de<\/a><\/strong><br><br><br><br><br><br><br><\/p>\n","protected":false},"excerpt":{"rendered":"<p>Wer die traditionelle chinesische Medizin f\u00fcr sich hat ausgew\u00e4hlt,sollte vorher wissen, dass man daf\u00fcr auch Tiere t\u00f6tet oder qu\u00e4lt.Die H\u00e4ute von Eseln werden zu einer Traditionsmedizin verkocht,den Gedanken an die Massenschlachtung, habe ich nie gemocht. Da werden zum Beispiel Tiere lebendig in Flaschen hinein gestopftmit einem Sud aufgegossen und dann die Flasche fest verpfropft.Die Heilkraft [&hellip;]<\/p>\n","protected":false},"author":3,"featured_media":0,"parent":0,"menu_order":0,"comment_status":"closed","ping_status":"closed","template":"","meta":{"footnotes":""},"class_list":["post-3351","page","type-page","status-publish","hentry"],"jetpack_sharing_enabled":true,"_links":{"self":[{"href":"https:\/\/www.overline-design.de\/poetry\/index.php?rest_route=\/wp\/v2\/pages\/3351","targetHints":{"allow":["GET"]}}],"collection":[{"href":"https:\/\/www.overline-design.de\/poetry\/index.php?rest_route=\/wp\/v2\/pages"}],"about":[{"href":"https:\/\/www.overline-design.de\/poetry\/index.php?rest_route=\/wp\/v2\/types\/page"}],"author":[{"embeddable":true,"href":"https:\/\/www.overline-design.de\/poetry\/index.php?rest_route=\/wp\/v2\/users\/3"}],"replies":[{"embeddable":true,"href":"https:\/\/www.overline-design.de\/poetry\/index.php?rest_route=%2Fwp%2Fv2%2Fcomments&post=3351"}],"version-history":[{"count":23,"href":"https:\/\/www.overline-design.de\/poetry\/index.php?rest_route=\/wp\/v2\/pages\/3351\/revisions"}],"predecessor-version":[{"id":6149,"href":"https:\/\/www.overline-design.de\/poetry\/index.php?rest_route=\/wp\/v2\/pages\/3351\/revisions\/6149"}],"wp:attachment":[{"href":"https:\/\/www.overline-design.de\/poetry\/index.php?rest_route=%2Fwp%2Fv2%2Fmedia&parent=3351"}],"curies":[{"name":"wp","href":"https:\/\/api.w.org\/{rel}","templated":true}]}}