
{"id":3430,"date":"2021-09-10T10:37:10","date_gmt":"2021-09-10T10:37:10","guid":{"rendered":"https:\/\/www.overline-design.de\/poetry\/?page_id=3430"},"modified":"2022-05-14T17:39:41","modified_gmt":"2022-05-14T17:39:41","slug":"betrueger-verkaufen-bei-facebook","status":"publish","type":"page","link":"https:\/\/www.overline-design.de\/poetry\/?page_id=3430","title":{"rendered":"Betr\u00fcger verkaufen bei Facebook"},"content":{"rendered":"\n<p>Anbieter von zweifelhaften Angeboten nur darauf spekulieren,<br>dass sich Facebook-Besucher f\u00fcr diese Angebote interessieren.<br>Es werden bewusst Gegenst\u00e4nde weit unterm Preis ausgesucht!<br>Ziel ist, dass jemand dieser Verlockung erliegt und dieses bucht.<br><br>Man zahlt nur ein Bruchteil vom dem normalen Verkaufspreis<br>und bekommt geliefert irgendwelchen unbrauchbaren \u201eSchei\u00df\u201c.<br>Facebook scheint sich nicht f\u00fcr dieses Betrug zu interessieren,<br>der Anbieter zahlt f\u00fcr den Werbeeintrag doch seine Geb\u00fchren.<br><br>Da Facebook, erwartet man doch seri\u00f6se Gesch\u00e4ftsgebahren,<br>aber da ist einem leider doch auch vieles andere wiederfahren.<br>Seri\u00f6sit\u00e4t ist anders, denn hier arbeitet ein mafi\u00f6ses Konstrukt.<br>Beworben, als dann geliefert, wird ein hochwertigeres Produkt.<br><br>Eine computergesteuerte Makita-K\u00fchlbox f\u00fcr ganz wenig Geld,<br>dass ist genau das was den kaufwilligen Interessenten gef\u00e4llt.<br>Geliefert wird vielleicht aus Plastik eine ganz billige K\u00fchltasche,<br>oder aus Plastik, zum K\u00fchlen von Getr\u00e4nken, eine Isolierflasche.<br><br>Wird ein elektrischen Speed-Board f\u00fcr unter Hundert offeriert,<br>geht man davon aus, dass dich das nat\u00fcrlich sehr interessiert.<br>Dieses Board kostet normal einen hohen dreistelligen Betrag,<br>und ich bin gespannt, was man dir dann daf\u00fcr so liefern mag.<br><br>Wird ein E-Quad aus den USA sehr billig dir dann angeboten,<br>sei ganz auf der Hut und mache dich nicht zu einem Idioten.<br>Deine Kinder freuen sich, wird dann ein Spielzeug versendet,<br>nur du wirst dich \u00e4rgern, wof\u00fcr man das Geld hat verwendet.<br><br>Sind deine Kommentare oder die \u201eLikes\u201c nicht mehr erlaubt,<br>seid ganz besonders vorsichtig und das ihr nicht alles glaubt.<br>Der Anbieter hat dann wieder voll die Kontrolle \u00fcbernommen,<br>nur positive Kommentare; andere werden heraus genommen.<br><br>Oft der Anbieter die Kommentare auch selbst dann schreibt,<br>dass dann nur Positives bei den Interessenten h\u00e4ngen bleibt.<br>Solltest du dich f\u00fcr ein so verlockendes Produkt entscheiden,<br>nimm\u00b4s mit Humor, nur deine Wut l\u00e4sst sich nicht vermeiden.<br><br>So manches Mal, so habe ich erfahren, kommt nur ein Spruch,<br>aber f\u00fcr die mafi\u00f6sen Anbieter war es ein lohnender Besuch.<br>Kommt irgendwelche Ware an, nimm es einfach doch so hin,<br>denn f\u00fcr die Versender, die Betr\u00fcger, war es doch ein Gewinn.<br><br><strong>\u00a9<\/strong> Rainer Dambroth &#8211; 10.09.2021 &#8211; <strong><a href=\"https:\/\/www.overline-poetry.de\/\">www.overline-poetry.de<\/a><\/strong><br><br><\/p>\n\n\n\n<p><br><\/p>\n","protected":false},"excerpt":{"rendered":"<p>Anbieter von zweifelhaften Angeboten nur darauf spekulieren,dass sich Facebook-Besucher f\u00fcr diese Angebote interessieren.Es werden bewusst Gegenst\u00e4nde weit unterm Preis ausgesucht!Ziel ist, dass jemand dieser Verlockung erliegt und dieses bucht. Man zahlt nur ein Bruchteil vom dem normalen Verkaufspreisund bekommt geliefert irgendwelchen unbrauchbaren \u201eSchei\u00df\u201c.Facebook scheint sich nicht f\u00fcr dieses Betrug zu interessieren,der Anbieter zahlt f\u00fcr den [&hellip;]<\/p>\n","protected":false},"author":3,"featured_media":0,"parent":0,"menu_order":0,"comment_status":"closed","ping_status":"closed","template":"","meta":{"footnotes":""},"class_list":["post-3430","page","type-page","status-publish","hentry"],"jetpack_sharing_enabled":true,"_links":{"self":[{"href":"https:\/\/www.overline-design.de\/poetry\/index.php?rest_route=\/wp\/v2\/pages\/3430","targetHints":{"allow":["GET"]}}],"collection":[{"href":"https:\/\/www.overline-design.de\/poetry\/index.php?rest_route=\/wp\/v2\/pages"}],"about":[{"href":"https:\/\/www.overline-design.de\/poetry\/index.php?rest_route=\/wp\/v2\/types\/page"}],"author":[{"embeddable":true,"href":"https:\/\/www.overline-design.de\/poetry\/index.php?rest_route=\/wp\/v2\/users\/3"}],"replies":[{"embeddable":true,"href":"https:\/\/www.overline-design.de\/poetry\/index.php?rest_route=%2Fwp%2Fv2%2Fcomments&post=3430"}],"version-history":[{"count":22,"href":"https:\/\/www.overline-design.de\/poetry\/index.php?rest_route=\/wp\/v2\/pages\/3430\/revisions"}],"predecessor-version":[{"id":5576,"href":"https:\/\/www.overline-design.de\/poetry\/index.php?rest_route=\/wp\/v2\/pages\/3430\/revisions\/5576"}],"wp:attachment":[{"href":"https:\/\/www.overline-design.de\/poetry\/index.php?rest_route=%2Fwp%2Fv2%2Fmedia&parent=3430"}],"curies":[{"name":"wp","href":"https:\/\/api.w.org\/{rel}","templated":true}]}}