
{"id":3526,"date":"2021-07-01T15:48:26","date_gmt":"2021-07-01T15:48:26","guid":{"rendered":"https:\/\/www.overline-design.de\/poetry\/?page_id=3526"},"modified":"2022-04-27T04:31:25","modified_gmt":"2022-04-27T04:31:25","slug":"catering-in-den-krankenhaeusern","status":"publish","type":"page","link":"https:\/\/www.overline-design.de\/poetry\/?page_id=3526","title":{"rendered":"Catering in den Krankenh\u00e4usern"},"content":{"rendered":"\n<p>Wirst du leider krank und musst du in ein Krankenhaus,<br>dann sieht das Ern\u00e4hrungskonzept schon recht triste aus.<br>Ern\u00e4hrst du dich vegetarisch oder vielleicht schon vegan,<br>dann steht so etwas im Krankenhaus nicht auf dem Plan.<br><br>Bei den Patienten, die das morgens ihr Fr\u00fchst\u00fcck sehen,<br>im Geiste und beim Anblick schon die M\u00e4gen umdrehen.<br>Sehr gut &#8222;gek\u00fchlt&#8220; die Br\u00f6tchen, das Brot und die Butter,<br>auf dem Tablett angeboten als &#8222;Patientenmorgenfutter&#8220;. <br><br>Mit viel Gl\u00fcck gibt es Mittags schon drei Ern\u00e4hrungsarten,<br>die gedruckt auf dem Speiseplan auf die Patienten warten.<br>Normalkost, Schonkost und auch vegetarisch mit viel Gl\u00fcck.<br>Nur die zunehmenden Veganer, die hat man nicht im Blick.<br><br>Ich habe auch erlebt in einer Klinik in den letzten Jahren, <br>wie ein Buffetwagen durch die Stationen wurde gefahren.<br>Da der Patient auch gerne isst, was appetitlich pr\u00e4sentiert<br>wird auf diesem Wege wenig Lebensmittelabfall produziert.<br><br>Ich frage mich, wie ern\u00e4hrt man die kranken Patienten nur,<br>die kommen aus einem anderen Land und fremder Kultur.<br>Die Patienten m\u00fcssen sich bescheiden und nur willig sein,<br>dann schmeckt als Moslem auch das Fleisch vom Schwein.<br><br>Es war einmal ein Patient aus dem orientalischen Raum,<br>f\u00fcr den war das Krankenhausessen der reinste Albtraum.<br>Holte sich vom Imbiss D\u00f6ner, die er auf dem Zimmer a\u00df,<br>aber dabei den verbreitenden Geruch im Geb\u00e4ude verga\u00df.<br><br>Man fragt nicht, welche Ern\u00e4hrungsform man ausgew\u00e4hlt,<br>es muss nur kosteng\u00fcnstig sein, dass ist alles was nur z\u00e4hlt.<br>Da klebt dann der K\u00e4se auf der Wurstscheibe vom Schwein<br>und das soll dann noch f\u00f6rderlich f\u00fcr die Gesundheit sein?<br><br>Die Krankenkassen verlangen f\u00fcr das Essen ohne Genuss,<br>10 Euro Zuzahlung von den Patienten als Kostenzuschuss.<br>Wenn ich so die gesch\u00e4tzten Kosten f\u00fcr das Essen addiere,<br>fast schon meinen vorhandenen &#8222;Galgenhumor&#8220; verliere.<br><br>Mein Vorschlag w\u00e4re es, f\u00fcr die 10 Euro Verpflegungsgeld,<br>gibt es ein Essen, was in der Krankenhausk\u00fcche hergestellt.<br>Das Essen lecker zubereitet, vielseitig und appetitlich bunt,<br>dann werden die Patienten auch schneller wieder gesund.<br><br><strong>\u00a9<\/strong> Rainer Dambroth &#8211; 01.07.2021 &#8211; <strong><a href=\"https:\/\/www.overline-poetry.de\/\">www.overline-poetry.de<\/a><\/strong><\/p>\n","protected":false},"excerpt":{"rendered":"<p>Wirst du leider krank und musst du in ein Krankenhaus,dann sieht das Ern\u00e4hrungskonzept schon recht triste aus.Ern\u00e4hrst du dich vegetarisch oder vielleicht schon vegan,dann steht so etwas im Krankenhaus nicht auf dem Plan. Bei den Patienten, die das morgens ihr Fr\u00fchst\u00fcck sehen,im Geiste und beim Anblick schon die M\u00e4gen umdrehen.Sehr gut &#8222;gek\u00fchlt&#8220; die Br\u00f6tchen, das [&hellip;]<\/p>\n","protected":false},"author":3,"featured_media":0,"parent":0,"menu_order":0,"comment_status":"closed","ping_status":"closed","template":"","meta":{"footnotes":""},"class_list":["post-3526","page","type-page","status-publish","hentry"],"jetpack_sharing_enabled":true,"_links":{"self":[{"href":"https:\/\/www.overline-design.de\/poetry\/index.php?rest_route=\/wp\/v2\/pages\/3526","targetHints":{"allow":["GET"]}}],"collection":[{"href":"https:\/\/www.overline-design.de\/poetry\/index.php?rest_route=\/wp\/v2\/pages"}],"about":[{"href":"https:\/\/www.overline-design.de\/poetry\/index.php?rest_route=\/wp\/v2\/types\/page"}],"author":[{"embeddable":true,"href":"https:\/\/www.overline-design.de\/poetry\/index.php?rest_route=\/wp\/v2\/users\/3"}],"replies":[{"embeddable":true,"href":"https:\/\/www.overline-design.de\/poetry\/index.php?rest_route=%2Fwp%2Fv2%2Fcomments&post=3526"}],"version-history":[{"count":12,"href":"https:\/\/www.overline-design.de\/poetry\/index.php?rest_route=\/wp\/v2\/pages\/3526\/revisions"}],"predecessor-version":[{"id":5509,"href":"https:\/\/www.overline-design.de\/poetry\/index.php?rest_route=\/wp\/v2\/pages\/3526\/revisions\/5509"}],"wp:attachment":[{"href":"https:\/\/www.overline-design.de\/poetry\/index.php?rest_route=%2Fwp%2Fv2%2Fmedia&parent=3526"}],"curies":[{"name":"wp","href":"https:\/\/api.w.org\/{rel}","templated":true}]}}