
{"id":3669,"date":"2021-05-15T11:08:00","date_gmt":"2021-05-15T11:08:00","guid":{"rendered":"https:\/\/www.overline-design.de\/poetry\/?page_id=3669"},"modified":"2022-10-30T17:54:45","modified_gmt":"2022-10-30T17:54:45","slug":"fusion-ard-zdf","status":"publish","type":"page","link":"https:\/\/www.overline-design.de\/poetry\/?page_id=3669","title":{"rendered":"Fusion ARD + ZDF"},"content":{"rendered":"\n<p>Die <strong>\u00d6ffentlichrechtlichen <\/strong>sollten mit der Verwaltung fusionieren<br>und die <strong>\u201eZwangszahler\u201c<\/strong> werden sicherlich dabei nicht verlieren.<br>Denn bei einer doppelten Verwaltung \u201everbrennt\u201c man zu viel Geld!<br>Wichtig ist nur, dass den <strong>\u201eZwangszahlern\u201c<\/strong> das Gesendete gef\u00e4llt.<br><br>Bei den <strong>\u00d6ffentlichrechtlichen<\/strong> werden fast nur \u201eKrimis\u201c gesendet,<br>mit der Hoffnung, dass die <strong>\u201eZwangszahler\u201c<\/strong> damit gut \u201egeblendet\u201c.<br>Oft vermisst man bei einigen Schauspielern auch die Professionalit\u00e4t<br>und sie sollten doch einen Profi befragen, wie es auch richtig geht.<br><br>Die <strong>\u00d6ffentlichrechtlichen<\/strong> den an sie gestellten Anspruch verlassen,<br>sie wollen, wie die Privaten, den <strong>\u201eZwangszahler\u201c<\/strong> nur gut bespa\u00dfen.<br>Wenn sie sich auch nur an Fernsehquoten werden dann orientieren,<br>die <strong>\u201eZwangszahler\u201c<\/strong> der <strong>\u00d6ffentlichrechtlichen<\/strong> nur dabei verlieren.<br><br>Bei den Kassen der \u00d6<strong>ffentlichrechtlichen<\/strong> fehlt die pr\u00fcfende Revision<br>und f\u00fcr eine Kosten\u00fcberwachung der Ausgaben war es das schon.<br>Hier fehlte die Kontrolle \u00fcber Mittelverwendung vom Geb\u00fchrentopf!<br>So passiert es, dass Geld flie\u00dft ungesteuert in den \u201eeigenen Kropf\u201c.<br><br>Die getrennte Kassenf\u00fchrung kostet den <strong>\u201eZwangszahlern\u201c <\/strong>viel Geld<br>und dadurch h\u00f6here Geb\u00fchren, was keinem <strong>\u201eZwangszahler\u201c<\/strong> gef\u00e4llt.<br>Fr\u00fcher waren <strong>\u00d6ffentlichrechtliche<\/strong> zu den Privaten ein guter Kontrast,<br>heute senden Private auch vielseitige Informationen und das passt!<br><br>Personalkosten bei den <strong>\u00d6ffentlichrechtlichen <\/strong>sind ein gro\u00dfes Problem,<br>denn Selbstbedienung bei \u201ezu offenen Kassen\u201c ist doch sehr bequem.<br>\u201eAlte Seilschaften\u201c wollen bei den <strong>\u00d6ffentlichrechtlichen <\/strong>gut verdienen<br>und werden sich an dem noch gef\u00fcllten Geb\u00fchrentopf zuerst bedienen.<br><br>Ein neuer Intendant bei den <strong>\u00d6ffentlichrechtlichen<\/strong> ist kein Spar-Garant,<br>denn die Strukturen bleiben erhalten und so wird weiter Geld verbrannt.<br>Ein Netzwerk bei den <strong>\u00d6ffentlichrechtlichen <\/strong>im Laufe der Zeit etabliert<br>und man muss nicht \u00fcberlegen, dass der <strong>\u201eZwangszahler\u201c <\/strong>dabei verliert.<br><br><strong>\u00a9<\/strong> Rainer Dambroth &#8211; 15.05.2021 &#8211; <strong><a href=\"https:\/\/www.overline-poetry.de\/\">www.overline-poetry.de<\/a><\/strong><br><br><\/p>\n\n\n\n<p><\/p>\n","protected":false},"excerpt":{"rendered":"<p>Die \u00d6ffentlichrechtlichen sollten mit der Verwaltung fusionierenund die \u201eZwangszahler\u201c werden sicherlich dabei nicht verlieren.Denn bei einer doppelten Verwaltung \u201everbrennt\u201c man zu viel Geld!Wichtig ist nur, dass den \u201eZwangszahlern\u201c das Gesendete gef\u00e4llt. Bei den \u00d6ffentlichrechtlichen werden fast nur \u201eKrimis\u201c gesendet,mit der Hoffnung, dass die \u201eZwangszahler\u201c damit gut \u201egeblendet\u201c.Oft vermisst man bei einigen Schauspielern auch die Professionalit\u00e4tund [&hellip;]<\/p>\n","protected":false},"author":3,"featured_media":0,"parent":0,"menu_order":0,"comment_status":"closed","ping_status":"closed","template":"","meta":{"footnotes":""},"class_list":["post-3669","page","type-page","status-publish","hentry"],"jetpack_sharing_enabled":true,"_links":{"self":[{"href":"https:\/\/www.overline-design.de\/poetry\/index.php?rest_route=\/wp\/v2\/pages\/3669","targetHints":{"allow":["GET"]}}],"collection":[{"href":"https:\/\/www.overline-design.de\/poetry\/index.php?rest_route=\/wp\/v2\/pages"}],"about":[{"href":"https:\/\/www.overline-design.de\/poetry\/index.php?rest_route=\/wp\/v2\/types\/page"}],"author":[{"embeddable":true,"href":"https:\/\/www.overline-design.de\/poetry\/index.php?rest_route=\/wp\/v2\/users\/3"}],"replies":[{"embeddable":true,"href":"https:\/\/www.overline-design.de\/poetry\/index.php?rest_route=%2Fwp%2Fv2%2Fcomments&post=3669"}],"version-history":[{"count":7,"href":"https:\/\/www.overline-design.de\/poetry\/index.php?rest_route=\/wp\/v2\/pages\/3669\/revisions"}],"predecessor-version":[{"id":6155,"href":"https:\/\/www.overline-design.de\/poetry\/index.php?rest_route=\/wp\/v2\/pages\/3669\/revisions\/6155"}],"wp:attachment":[{"href":"https:\/\/www.overline-design.de\/poetry\/index.php?rest_route=%2Fwp%2Fv2%2Fmedia&parent=3669"}],"curies":[{"name":"wp","href":"https:\/\/api.w.org\/{rel}","templated":true}]}}