
{"id":3673,"date":"2021-05-15T15:30:00","date_gmt":"2021-05-15T15:30:00","guid":{"rendered":"https:\/\/www.overline-design.de\/poetry\/?page_id=3673"},"modified":"2024-08-15T11:26:08","modified_gmt":"2024-08-15T11:26:08","slug":"radweg-neubruchhausen-nach-bassum-an-der-l332-neu","status":"publish","type":"page","link":"https:\/\/www.overline-design.de\/poetry\/?page_id=3673","title":{"rendered":"Radweg Neubruchhausen nach Bassum an der L332"},"content":{"rendered":"\n<p>Jetzt so zu tun, als h\u00e4tte man den Radweg erst jetzt entdeckt<br>und als w\u00e4re es ein v\u00f6llig neues politisches Verkehrsprojekt.<br>Als wurde es bisher in irgendwelchen Schubladen versteckt<br>und man h\u00e4tte die Politik mit dieser Forderung verschreckt.<br><br>Der Radweg an der L332 war eines meiner politische Ziele, <br>wo noch kein Radweg ist, da fehlte oft der politische Wille.<br>Alle sind dazu angehalten, das Fahrrad mehr zu verwenden,<br>um nicht fossile Ressourcen und Energien zu verschwenden.<br><br>Bei fast jeder Sitzung, an der ich habe aktiv teilgenommen,<br>ist der m\u00f6gliche Radweg L332 mit ins Protokoll gekommen.<br>Als Anfrage habe ich mich f\u00fcr den Stand Radweg interessiert,<br>zu erreichen, dass dieser Fahrradweg wird endlich realisiert.<br><br>Es wurde stets die sch\u00f6nere Strecke \u00fcber Hallstedt favorisiert,<br>wegen der &#8222;Berg- und Talfahrt&#8220; war ich hier nicht interessiert.<br>Der Radweg \u00fcber die L332 wurde nicht als dringlich forciert,<br>es war kein Wunder, dass dieses Projekt nicht sehr pressiert.<br><br>Es gab Stimmen, die Wege durch die Felder haben aufgezeigt,<br>aber bei Dunkelheit und im Winter w\u00e4re ich doch abgeneigt.<br>Mit Rad von Bassum nach Neubruchhausen durch den Wald<br>und mein Pulsschlag w\u00fcrde rasen bei Dunkelheit schon bald.<br><br>Als eine Ausflugsfahrt bietet sich die Strecke \u00fcber Hallstedt an,<br>mit Picknickkorb und Getr\u00e4nke f\u00fcr einen fr\u00f6hlichen Reiseplan.<br>Aber f\u00fcr die Fahrt zum Bahnhof, zur Schule oder zur Innenstadt,<br>ist man doch froh, wenn man eine kraftsparende Fahrt dann hat.<br><br>Politisch habe ich mein Wirken schon sehr lange abgeschlossen,<br>doch macht mich die langsame Vorgehensweise doch verdrossen.<br>Man hat durch eine schlechte Planung zu viel Zeit &#8222;verschossen&#8220;!<br>Ich h\u00e4tte gerne schon die sichere Fahrt auf dem Radweg genossen.<br><br>Fahren wir zur Sauna in Bassum \u00fcber Hallstedt und Eschenhausen,<br>die Autos auf einer vom Radweg getrennten Stra\u00dfe vorbei brausen.<br>Den R\u00fcckweg dann auf der L332 von Bassum nach Neubruchhausen,<br>wo die Autos mit Gegenverkehr schnell und zu dicht vorbei sausen.<br><br>Ich war zu einer Geburtstagsfeier in den Ort Bramstedt eingeladen.<br>Konnte auf der R\u00fcckfahrt im Dunkeln nur im Angstschweiss baden.<br>Ich bekam bei dem nur noch sehr kurzen Weg das kalte Grausen,<br>mit welchen hohen Geschwindigkeiten die Autos vorbei brausen.<br><br>Die B\u00fcrgerinitiative &#8222;Radweg L332&#8220; wurde von mir allein initiniert,<br>in der Ausschu\u00dfsitzung als demonstrative B\u00fcrgerinitiative realisiert.<br>CDU und SPD kamen auf die Unterschriftenliste als Gemeinsamkeit,<br>sollte diese B\u00fcrgerinitiative demonstrieren mit \u00dcberparteilichkeit.<br><br>Gr\u00fcnes Licht gab es auf der Auschusssitzung mit n\u00f6tigen Respekt.<br>Auch auf der folgenden Ratssitzung wurde votiert f\u00fcr das Projekt.<br>Nun ist das Projekt &#8222;Radweg L332&#8220; im Dornr\u00f6schenschlaf versackt,<br>mit der Hoffnung, dass es endlich &#8222;wach gek\u00fcsst&#8220; und angepackt.<br><br>Es ist doch Gl\u00fcck, dass den Radlern auf der L332 ist wenig passiert, <br>weil man als Radler gegen die motorisierten Fahrzeuge nur verliert.<br>Man sollte dem eindeutigen Votum endlich Taten folgen lassen,<br>bevor doch noch Radler auf der L332 in ihrem Leben &#8222;verblassen&#8220;.<br><br><strong>\u00a9<\/strong> Rainer Dambroth &#8211; 15.05.2021 &#8211; <strong><a href=\"https:\/\/www.overline-poetry.de\/\">www.overline-poetry.de<\/a><\/strong><br><br><strong>Nach einer 30-j\u00e4hrigen Wartezeit wurde der Radweg zwichen Bassum und Neubruchhausen am Samstag, 18.05.2024 feierlich eingeweiht.<\/strong><\/p>\n","protected":false},"excerpt":{"rendered":"<p>Jetzt so zu tun, als h\u00e4tte man den Radweg erst jetzt entdecktund als w\u00e4re es ein v\u00f6llig neues politisches Verkehrsprojekt.Als wurde es bisher in irgendwelchen Schubladen verstecktund man h\u00e4tte die Politik mit dieser Forderung verschreckt. Der Radweg an der L332 war eines meiner politische Ziele, wo noch kein Radweg ist, da fehlte oft der politische [&hellip;]<\/p>\n","protected":false},"author":3,"featured_media":0,"parent":0,"menu_order":0,"comment_status":"closed","ping_status":"closed","template":"","meta":{"footnotes":""},"class_list":["post-3673","page","type-page","status-publish","hentry"],"jetpack_sharing_enabled":true,"_links":{"self":[{"href":"https:\/\/www.overline-design.de\/poetry\/index.php?rest_route=\/wp\/v2\/pages\/3673","targetHints":{"allow":["GET"]}}],"collection":[{"href":"https:\/\/www.overline-design.de\/poetry\/index.php?rest_route=\/wp\/v2\/pages"}],"about":[{"href":"https:\/\/www.overline-design.de\/poetry\/index.php?rest_route=\/wp\/v2\/types\/page"}],"author":[{"embeddable":true,"href":"https:\/\/www.overline-design.de\/poetry\/index.php?rest_route=\/wp\/v2\/users\/3"}],"replies":[{"embeddable":true,"href":"https:\/\/www.overline-design.de\/poetry\/index.php?rest_route=%2Fwp%2Fv2%2Fcomments&post=3673"}],"version-history":[{"count":48,"href":"https:\/\/www.overline-design.de\/poetry\/index.php?rest_route=\/wp\/v2\/pages\/3673\/revisions"}],"predecessor-version":[{"id":8946,"href":"https:\/\/www.overline-design.de\/poetry\/index.php?rest_route=\/wp\/v2\/pages\/3673\/revisions\/8946"}],"wp:attachment":[{"href":"https:\/\/www.overline-design.de\/poetry\/index.php?rest_route=%2Fwp%2Fv2%2Fmedia&parent=3673"}],"curies":[{"name":"wp","href":"https:\/\/api.w.org\/{rel}","templated":true}]}}