
{"id":4092,"date":"2021-01-08T15:33:00","date_gmt":"2021-01-08T15:33:00","guid":{"rendered":"https:\/\/www.overline-design.de\/poetry\/?page_id=4092"},"modified":"2022-08-26T17:01:18","modified_gmt":"2022-08-26T17:01:18","slug":"awg-bassum-abfalltonnen-als-paar","status":"publish","type":"page","link":"https:\/\/www.overline-design.de\/poetry\/?page_id=4092","title":{"rendered":"AWG Bassum &#8211; Abfalltonnen als Paar"},"content":{"rendered":"\n<p>Zwei Abfalltonnen sollen als Paar dicht nebeneinander stehen.<br>Wenn sich drei Nachbarn gut verstehen, wie soll das gehen?<br>Ich bin schon vom Lesen der AWG-Info schon ganz frustriert, <br>wo wird denn die dritte oder vierte Abfalltonne hin platziert?<br><br>Was ist, wenn die Abfalltonnen stehen nebeneinander zu Dritt,<br>kommt denn der Inhalt der dritten Abfalltonne auch noch mit.<br>Stellt man die dritte Tonne rechts oder links neben dem &#8222;Paar&#8220;?<br>Liebe AWG, bitte stellt dieses Problem f\u00fcr mich eindeutig klar.<br><br>Die eine Abfalltonne zu gro\u00df, die andere Abfalltonne zu klein!<br>D\u00fcrfen die als ein Paar dann \u00fcberhaupt nebeneinander sein?<br>Bekommt der M\u00fcllwagen das mit verschiedenen Tonnen hin,<br>sonst macht das ganze Thema Paarung auch gar keinen Sinn?<br> <br><strong>\u00a9<\/strong> Rainer Dambroth &#8211; 08.01.2021 &#8211; <strong><a href=\"http:\/\/www.overline-poetry.de\">www.overline-poetry.de<\/a><\/strong><\/p>\n","protected":false},"excerpt":{"rendered":"<p>Zwei Abfalltonnen sollen als Paar dicht nebeneinander stehen.Wenn sich drei Nachbarn gut verstehen, wie soll das gehen?Ich bin schon vom Lesen der AWG-Info schon ganz frustriert, wo wird denn die dritte oder vierte Abfalltonne hin platziert? Was ist, wenn die Abfalltonnen stehen nebeneinander zu Dritt,kommt denn der Inhalt der dritten Abfalltonne auch noch mit.Stellt man [&hellip;]<\/p>\n","protected":false},"author":3,"featured_media":0,"parent":0,"menu_order":0,"comment_status":"closed","ping_status":"closed","template":"","meta":{"footnotes":""},"class_list":["post-4092","page","type-page","status-publish","hentry"],"jetpack_sharing_enabled":true,"_links":{"self":[{"href":"https:\/\/www.overline-design.de\/poetry\/index.php?rest_route=\/wp\/v2\/pages\/4092","targetHints":{"allow":["GET"]}}],"collection":[{"href":"https:\/\/www.overline-design.de\/poetry\/index.php?rest_route=\/wp\/v2\/pages"}],"about":[{"href":"https:\/\/www.overline-design.de\/poetry\/index.php?rest_route=\/wp\/v2\/types\/page"}],"author":[{"embeddable":true,"href":"https:\/\/www.overline-design.de\/poetry\/index.php?rest_route=\/wp\/v2\/users\/3"}],"replies":[{"embeddable":true,"href":"https:\/\/www.overline-design.de\/poetry\/index.php?rest_route=%2Fwp%2Fv2%2Fcomments&post=4092"}],"version-history":[{"count":9,"href":"https:\/\/www.overline-design.de\/poetry\/index.php?rest_route=\/wp\/v2\/pages\/4092\/revisions"}],"predecessor-version":[{"id":5855,"href":"https:\/\/www.overline-design.de\/poetry\/index.php?rest_route=\/wp\/v2\/pages\/4092\/revisions\/5855"}],"wp:attachment":[{"href":"https:\/\/www.overline-design.de\/poetry\/index.php?rest_route=%2Fwp%2Fv2%2Fmedia&parent=4092"}],"curies":[{"name":"wp","href":"https:\/\/api.w.org\/{rel}","templated":true}]}}