
{"id":4164,"date":"2021-08-30T17:00:20","date_gmt":"2021-08-30T17:00:20","guid":{"rendered":"https:\/\/www.overline-design.de\/poetry\/?page_id=4164"},"modified":"2021-08-30T17:01:15","modified_gmt":"2021-08-30T17:01:15","slug":"die-wahlen-werfen-ihre-schatten-weit-voraus","status":"publish","type":"page","link":"https:\/\/www.overline-design.de\/poetry\/?page_id=4164","title":{"rendered":"Die Wahlen werfen ihre Schatten weit voraus"},"content":{"rendered":"\n<p>Manche zur Wahl stehenden Politiker \u00fcberschatten durch ihre Statur,<br>die Probleme ihrer T\u00e4tigkeit als nicht besonders aktive Politiker nur.<br>Sie hoffen, die W\u00e4hler bemerken die Probleme dieser Politiker nicht<br>und holen sie aus dem sch\u00fctzenden Schatten ins helle Rampenlicht. <br><br>Andere leben und handeln in ihrem eigenen Schatten ohne ein Licht,<br>darum sieht man die erbrachten Leistungen in der Politik auch nicht.<br>Im Schattendasein stehen sie nicht vorne und werden nicht erblickt,<br>auch in ihrem bisherigen Handeln waren sie auch nicht sehr geschickt.<br><br>Einige Politiker sind ohne Schatten, denn sie sind politisch unsichtbar<br>und denen ist ihr Handeln in einer Demokratie auch nicht ganz klar.<br>Sie wurden zwar gew\u00e4hlt, aber bleiben ohne eine besondere Funktion.<br>Sie bleiben &#8222;Hinterb\u00e4nkler&#8220; mit gutem Gehalt und das war es schon.<br><br>Andere w\u00fcrden sich gerne wieder in den sch\u00fctzenden Schatten stellen,<br>damit ihre bisherigen Fehlleistungen nicht im Rampenlicht zu erhellen.<br>Manche versuchen im Windschatten eines Anderen mit aufzusteigen,<br>wenn sie weit nach vorne mitgegangen, dann werden sie sich zeigen.<br><br>Schatten des Grauens sehen sich schon in der Regierung und tr\u00e4umen.<br>Planen schon eine neue Steuerverschwendung in den Ministerr\u00e4umen.<br>Die &#8222;Seilschaften&#8220; sich schon f\u00fcr die Regierungsaufgaben  interessieren!<br>Ein &#8222;Weiter so&#8220; werden sie dann als ein Auftrag der W\u00e4hler registrieren.<br><br>Gebildet wird schon, in sehr gro\u00dfer Hoffnung, ein &#8222;Schattenkabinett&#8220;,<br>weil so mancher Parteifreund einen Posten im &#8222;Schattenkabinett&#8220; h\u00e4tt&#8216;<br>So viele Minister\u00e4mter gibt es nicht, um all diese Begehren zu erf\u00fcllen,<br>aber ideenreich, wird man daf\u00fcr ein neues Ministeramt dann enth\u00fcllen.<br><br><strong>\u00a9<\/strong> Rainer Dambroth &#8211; 30.08.2021 &#8211; <strong><a href=\"http:\/\/www.overline-poetry.de\">www.overline-poetry.de<\/a><\/strong><br><br><strong><a href=\"https:\/\/www.overline-design.de\/poetry\/?page_id=815\" data-type=\"URL\" data-id=\"https:\/\/www.overline-design.de\/poetry\/?page_id=815\">Die Qual der Wahl<\/a><\/strong><br><strong><a href=\"https:\/\/www.overline-design.de\/poetry\/?page_id=3089\" data-type=\"URL\" data-id=\"https:\/\/www.overline-design.de\/poetry\/?page_id=3089\">Maskenball bei CDU und CSU! N\u00fcsslein, L\u00f6bel, Sauter und Co?<\/a><\/strong><\/p>\n","protected":false},"excerpt":{"rendered":"<p>Manche zur Wahl stehenden Politiker \u00fcberschatten durch ihre Statur,die Probleme ihrer T\u00e4tigkeit als nicht besonders aktive Politiker nur.Sie hoffen, die W\u00e4hler bemerken die Probleme dieser Politiker nichtund holen sie aus dem sch\u00fctzenden Schatten ins helle Rampenlicht. Andere leben und handeln in ihrem eigenen Schatten ohne ein Licht,darum sieht man die erbrachten Leistungen in der Politik [&hellip;]<\/p>\n","protected":false},"author":3,"featured_media":0,"parent":0,"menu_order":0,"comment_status":"closed","ping_status":"closed","template":"","meta":{"footnotes":""},"class_list":["post-4164","page","type-page","status-publish","hentry"],"jetpack_sharing_enabled":true,"_links":{"self":[{"href":"https:\/\/www.overline-design.de\/poetry\/index.php?rest_route=\/wp\/v2\/pages\/4164","targetHints":{"allow":["GET"]}}],"collection":[{"href":"https:\/\/www.overline-design.de\/poetry\/index.php?rest_route=\/wp\/v2\/pages"}],"about":[{"href":"https:\/\/www.overline-design.de\/poetry\/index.php?rest_route=\/wp\/v2\/types\/page"}],"author":[{"embeddable":true,"href":"https:\/\/www.overline-design.de\/poetry\/index.php?rest_route=\/wp\/v2\/users\/3"}],"replies":[{"embeddable":true,"href":"https:\/\/www.overline-design.de\/poetry\/index.php?rest_route=%2Fwp%2Fv2%2Fcomments&post=4164"}],"version-history":[{"count":28,"href":"https:\/\/www.overline-design.de\/poetry\/index.php?rest_route=\/wp\/v2\/pages\/4164\/revisions"}],"predecessor-version":[{"id":4725,"href":"https:\/\/www.overline-design.de\/poetry\/index.php?rest_route=\/wp\/v2\/pages\/4164\/revisions\/4725"}],"wp:attachment":[{"href":"https:\/\/www.overline-design.de\/poetry\/index.php?rest_route=%2Fwp%2Fv2%2Fmedia&parent=4164"}],"curies":[{"name":"wp","href":"https:\/\/api.w.org\/{rel}","templated":true}]}}