
{"id":4267,"date":"2021-07-28T08:37:00","date_gmt":"2021-07-28T08:37:00","guid":{"rendered":"https:\/\/www.overline-design.de\/poetry\/?page_id=4267"},"modified":"2021-08-20T12:58:32","modified_gmt":"2021-08-20T12:58:32","slug":"die-gruenen-braucht-man-nicht-mehr","status":"publish","type":"page","link":"https:\/\/www.overline-design.de\/poetry\/?page_id=4267","title":{"rendered":"&#8222;Die Gr\u00fcnen braucht man nicht mehr&#8220;"},"content":{"rendered":"\n<p>Die Aussage: &#8222;Die Gr\u00fcnen braucht man nicht mehr&#8220;,<br>kommt von der CSU-Staatsministerin Dorothee B\u00e4r.<br>Wie ist sie blo\u00df selbst nur zu ihrem Amt gekommen?<br>Zu diesem Thema habe ich noch nichts vernommen.<br><br>&#8222;Ich weiss doch etwas, was sonst kein anderer wei\u00df,<br>wollt ihr mich nicht, mache ich euch die H\u00f6lle heiss&#8220;.<br>Auch w\u00e4re m\u00f6glich, dass die &#8222;CSU-Gang&#8220; aus Bayern,<br>war auf der &#8222;Wiesn&#8220; und hatte wieder etwas zu feiern.<br><br>Und als man getrunken, die eine oder die andere Ma\u00df,<br>kam der Gedanke mit dem Ministerium, nur aus Spa\u00df.<br>Die Dorothee B\u00e4r hat den Spa\u00df sehr ernst genommen,<br>so ist es zu dem Amt als Staatsministerin gekommen.<br><br>Eine hohe Qualifikation ich mir nicht vorstellen kann,<br>denn dieses Amt, dass war vorher nicht auf dem Plan.<br>Bei Auftritten in der Glamourwelt, wo man sie nur sieht,<br>da ist sie immer dabei und da macht sie auch aktiv mit.<br><br>Nur das ist nicht das, wof\u00fcr wir ihren Posten finanzieren.<br>Ihr Plan, dass wir bei der Digitalisierung nicht verlieren.<br>Wir haben in der Europa-Rangliste schon fast verloren,<br>denn die Ministerin hatte andere Dinge um die Ohren.<br><br>Wenn die &#8222;CSU-Gang&#8220; nach der Wahl bleibt in Bayern,<br>dann h\u00e4tten wir Hoffnung und auch mal was zu feiern.<br>Wenn wir die Posten auch qualifiziert richtig besetzen,<br>k\u00f6nnen wir die bisherigen Posten problemlos ersetzen.<br><br>Wir brauchen endlich eine neue frische Bundespolitik,<br>damit wir die Probleme der Zukunft l\u00f6sen mit Geschick.<br>Die alten Seilschaften brauchen jetzt Ruhe zum Denken,<br>denn sie scheinen m\u00fcde, weil sie zuviel mussten lenken.<br><br>Welche neuen Koalitionen sich m\u00f6glichweise ergeben,<br>dar\u00fcber m\u00f6chte ich noch keine Vermutungen abgeben.<br>Wir brauchen wieder Gestaltung mit &#8222;frischen Pferden&#8220;,<br>damit wir wieder auch international gewinnen werden.<br><br><strong>\u00a9<\/strong> Rainer Dambroth &#8211; 28.07.2021 &#8211; <strong><a href=\"http:\/\/www.overline-poetry.de\">www.overline-poetry.de<\/a><\/strong><br><\/p>\n","protected":false},"excerpt":{"rendered":"<p>Die Aussage: &#8222;Die Gr\u00fcnen braucht man nicht mehr&#8220;,kommt von der CSU-Staatsministerin Dorothee B\u00e4r.Wie ist sie blo\u00df selbst nur zu ihrem Amt gekommen?Zu diesem Thema habe ich noch nichts vernommen. &#8222;Ich weiss doch etwas, was sonst kein anderer wei\u00df,wollt ihr mich nicht, mache ich euch die H\u00f6lle heiss&#8220;.Auch w\u00e4re m\u00f6glich, dass die &#8222;CSU-Gang&#8220; aus Bayern,war auf [&hellip;]<\/p>\n","protected":false},"author":3,"featured_media":0,"parent":0,"menu_order":0,"comment_status":"closed","ping_status":"closed","template":"","meta":{"footnotes":""},"class_list":["post-4267","page","type-page","status-publish","hentry"],"jetpack_sharing_enabled":true,"_links":{"self":[{"href":"https:\/\/www.overline-design.de\/poetry\/index.php?rest_route=\/wp\/v2\/pages\/4267","targetHints":{"allow":["GET"]}}],"collection":[{"href":"https:\/\/www.overline-design.de\/poetry\/index.php?rest_route=\/wp\/v2\/pages"}],"about":[{"href":"https:\/\/www.overline-design.de\/poetry\/index.php?rest_route=\/wp\/v2\/types\/page"}],"author":[{"embeddable":true,"href":"https:\/\/www.overline-design.de\/poetry\/index.php?rest_route=\/wp\/v2\/users\/3"}],"replies":[{"embeddable":true,"href":"https:\/\/www.overline-design.de\/poetry\/index.php?rest_route=%2Fwp%2Fv2%2Fcomments&post=4267"}],"version-history":[{"count":12,"href":"https:\/\/www.overline-design.de\/poetry\/index.php?rest_route=\/wp\/v2\/pages\/4267\/revisions"}],"predecessor-version":[{"id":5007,"href":"https:\/\/www.overline-design.de\/poetry\/index.php?rest_route=\/wp\/v2\/pages\/4267\/revisions\/5007"}],"wp:attachment":[{"href":"https:\/\/www.overline-design.de\/poetry\/index.php?rest_route=%2Fwp%2Fv2%2Fmedia&parent=4267"}],"curies":[{"name":"wp","href":"https:\/\/api.w.org\/{rel}","templated":true}]}}