
{"id":4289,"date":"2021-07-30T18:09:44","date_gmt":"2021-07-30T18:09:44","guid":{"rendered":"https:\/\/www.overline-design.de\/poetry\/?page_id=4289"},"modified":"2022-12-07T07:35:58","modified_gmt":"2022-12-07T07:35:58","slug":"corona-im-wahljahr-2021","status":"publish","type":"page","link":"https:\/\/www.overline-design.de\/poetry\/?page_id=4289","title":{"rendered":"Corona im Wahljahr 2021"},"content":{"rendered":"\n<p>Die regierende Politik wird vor der Wahl von der Angst getrieben,<br>die W\u00e4hler k\u00f6nnten sie bei der Bundestagswahl nicht mehr lieben.<br>Darum h\u00e4lt sich ganz feige und destruktiv die regierende Politik,<br>mit wichtigen Entscheidungen zu Corona jetzt auch ganz zur\u00fcck.<br><br>Blo\u00df jetzt keine Fehler machen, sonst werden sie nicht gew\u00e4hlt<br>und das ist zur Zeit das, was f\u00fcr die Partei und Person nur z\u00e4hlt.<br>Sie sagen auch nicht, wie sie als Partei jetzt entscheiden w\u00fcrden.<br>denn bei dieser Bundestagswahl liegen sie sehr hoch, die H\u00fcrden.<br><br>Sie warten erst, bis die Urlaubsr\u00fcckkehrer sind alle wieder zu Haus,<br>dann sprechen sie f\u00fcr die Heimkehrer die h\u00e4usliche Quarant\u00e4ne aus.<br>Es ist wohl besser, vor der Wahl keine &#8222;Machtw\u00f6rter&#8220; auszusprechen,<br>st\u00e4ndig diese Angst, dieses k\u00f6nnte sich auf dem Wahlzettel r\u00e4chen.<br><br>Die Parteien sagen auch nicht, wo der Vorteil w\u00e4re, nur sie zu w\u00e4hlen,<br>was sie besser machen w\u00fcrden und worauf kann der W\u00e4hler z\u00e4hlen.<br>Man sucht nur akribisch nach den Fehlern der konkurrierenden Person,<br>als Qualifikation der eigenen Person muss dieses doch reichen schon.<br><br>Ich w\u00fcnsche f\u00fcr die Bundestagswahl Politiker mit Weitblick und Mut,<br>denn das tut den Menschen und nicht nur den Wirtschaftsbossen gut.<br>Auch wichtige Entscheidungen zum Klimaschutz dringend gebraucht,<br>&#8222;ein weiter so&#8220;, ist ein Kraut, was man besser nur in der Pfeife raucht.<br><br>Die Industrie hat schon immer auf Gesetze sehr vern\u00fcnftig reagiert,<br>nur man geht immer den bequemeren Weg, wenn es nicht pressiert.<br>Auch zu Verpackungsm\u00fcll mu\u00df ein Machtwort gesprochen werden,<br>sonst ersticken wir in Plastikm\u00fcll in den Meeren und hier auf Erden.<br><br><strong>\u00a9<\/strong> Rainer Dambroth &#8211; 30.07.2021 &#8211; <strong><a href=\"http:\/\/www.overline-poetry.de\">www.overline-poetry.de<\/a><\/strong><br><br>\ud83d\udd17 <strong><a href=\"https:\/\/www.overline-design.de\/poetry\/?page_id=815\" data-type=\"URL\" data-id=\"https:\/\/www.overline-design.de\/poetry\/?page_id=815\">Die Qual der Wahl<\/a><\/strong><br>\ud83d\udd17 <strong><a href=\"https:\/\/www.overline-design.de\/poetry\/?page_id=4247\" data-type=\"URL\" data-id=\"https:\/\/www.overline-design.de\/poetry\/?page_id=4247\">Dorothee B\u00e4r: &#8222;Die Gr\u00fcnen braucht man nich mehr&#8220;<\/a><\/strong><br>\ud83d\udd17 <strong><a href=\"https:\/\/www.overline-design.de\/poetry\/?page_id=3089\" data-type=\"URL\" data-id=\"https:\/\/www.overline-design.de\/poetry\/?page_id=3089\">Maskenball bei CDU und CSU! N\u00fcsslein, L\u00f6bel, Sauter und Co?<\/a><\/strong><\/p>\n","protected":false},"excerpt":{"rendered":"<p>Die regierende Politik wird vor der Wahl von der Angst getrieben,die W\u00e4hler k\u00f6nnten sie bei der Bundestagswahl nicht mehr lieben.Darum h\u00e4lt sich ganz feige und destruktiv die regierende Politik,mit wichtigen Entscheidungen zu Corona jetzt auch ganz zur\u00fcck. Blo\u00df jetzt keine Fehler machen, sonst werden sie nicht gew\u00e4hltund das ist zur Zeit das, was f\u00fcr die [&hellip;]<\/p>\n","protected":false},"author":3,"featured_media":0,"parent":0,"menu_order":0,"comment_status":"closed","ping_status":"closed","template":"","meta":{"footnotes":""},"class_list":["post-4289","page","type-page","status-publish","hentry"],"jetpack_sharing_enabled":true,"_links":{"self":[{"href":"https:\/\/www.overline-design.de\/poetry\/index.php?rest_route=\/wp\/v2\/pages\/4289","targetHints":{"allow":["GET"]}}],"collection":[{"href":"https:\/\/www.overline-design.de\/poetry\/index.php?rest_route=\/wp\/v2\/pages"}],"about":[{"href":"https:\/\/www.overline-design.de\/poetry\/index.php?rest_route=\/wp\/v2\/types\/page"}],"author":[{"embeddable":true,"href":"https:\/\/www.overline-design.de\/poetry\/index.php?rest_route=\/wp\/v2\/users\/3"}],"replies":[{"embeddable":true,"href":"https:\/\/www.overline-design.de\/poetry\/index.php?rest_route=%2Fwp%2Fv2%2Fcomments&post=4289"}],"version-history":[{"count":13,"href":"https:\/\/www.overline-design.de\/poetry\/index.php?rest_route=\/wp\/v2\/pages\/4289\/revisions"}],"predecessor-version":[{"id":6457,"href":"https:\/\/www.overline-design.de\/poetry\/index.php?rest_route=\/wp\/v2\/pages\/4289\/revisions\/6457"}],"wp:attachment":[{"href":"https:\/\/www.overline-design.de\/poetry\/index.php?rest_route=%2Fwp%2Fv2%2Fmedia&parent=4289"}],"curies":[{"name":"wp","href":"https:\/\/api.w.org\/{rel}","templated":true}]}}