
{"id":4378,"date":"2021-08-08T08:51:06","date_gmt":"2021-08-08T08:51:06","guid":{"rendered":"https:\/\/www.overline-design.de\/poetry\/?page_id=4378"},"modified":"2021-08-08T08:51:07","modified_gmt":"2021-08-08T08:51:07","slug":"corona-impfungen-in-landkreis-diepholz-wie-geht-es-nun-weiter","status":"publish","type":"page","link":"https:\/\/www.overline-design.de\/poetry\/?page_id=4378","title":{"rendered":"Corona Impfungen in Landkreis Diepholz &#8211; (wie) geht es nun weiter?"},"content":{"rendered":"\n<p>Unser Landrat Cord Bockhop verspricht doch ganz keck,<br>ein Impfstoffangebot ist das einzige Mittel zum Zweck,<br>Ohne eine Corona Impfung geht dieses nun mal nicht,<br>es gibt B\u00fcrger, f\u00fcr die hei\u00dft mangels Angebot Verzicht.<br><br>F\u00fcr eine gew\u00fcnschte bundesweite &#8222;Herdenimmunit\u00e4t&#8220;,<br>ist es doch mit einem guten Impfangebot nie zu sp\u00e4t.<br>Die Termine werden angeboten w\u00e4hrend der Arbeitszeit,<br>trotzdem sind auch hier viele Impfwillige dazu bereit.<br><br>Die Bremer Homepage zeigt die Termine und wo es ist,<br>dieses man auf der Landkreis Diepholz-Seite vermisst.<br>Den Webmaster dieser Seite sollte man dazu zwingen,<br>Corona-Impftermine und Orte auf die Seite zu bringen.<br><br><strong>\u00a9<\/strong> Rainer Dambroth &#8211; 08.08.2021 &#8211; <strong><a href=\"http:\/\/www.overline-poetry.de\">www.overline-poetry.de<\/a><\/strong><\/p>\n","protected":false},"excerpt":{"rendered":"<p>Unser Landrat Cord Bockhop verspricht doch ganz keck,ein Impfstoffangebot ist das einzige Mittel zum Zweck,Ohne eine Corona Impfung geht dieses nun mal nicht,es gibt B\u00fcrger, f\u00fcr die hei\u00dft mangels Angebot Verzicht. F\u00fcr eine gew\u00fcnschte bundesweite &#8222;Herdenimmunit\u00e4t&#8220;,ist es doch mit einem guten Impfangebot nie zu sp\u00e4t.Die Termine werden angeboten w\u00e4hrend der Arbeitszeit,trotzdem sind auch hier viele [&hellip;]<\/p>\n","protected":false},"author":3,"featured_media":0,"parent":0,"menu_order":0,"comment_status":"closed","ping_status":"closed","template":"","meta":{"footnotes":""},"class_list":["post-4378","page","type-page","status-publish","hentry"],"jetpack_sharing_enabled":true,"_links":{"self":[{"href":"https:\/\/www.overline-design.de\/poetry\/index.php?rest_route=\/wp\/v2\/pages\/4378","targetHints":{"allow":["GET"]}}],"collection":[{"href":"https:\/\/www.overline-design.de\/poetry\/index.php?rest_route=\/wp\/v2\/pages"}],"about":[{"href":"https:\/\/www.overline-design.de\/poetry\/index.php?rest_route=\/wp\/v2\/types\/page"}],"author":[{"embeddable":true,"href":"https:\/\/www.overline-design.de\/poetry\/index.php?rest_route=\/wp\/v2\/users\/3"}],"replies":[{"embeddable":true,"href":"https:\/\/www.overline-design.de\/poetry\/index.php?rest_route=%2Fwp%2Fv2%2Fcomments&post=4378"}],"version-history":[{"count":8,"href":"https:\/\/www.overline-design.de\/poetry\/index.php?rest_route=\/wp\/v2\/pages\/4378\/revisions"}],"predecessor-version":[{"id":4401,"href":"https:\/\/www.overline-design.de\/poetry\/index.php?rest_route=\/wp\/v2\/pages\/4378\/revisions\/4401"}],"wp:attachment":[{"href":"https:\/\/www.overline-design.de\/poetry\/index.php?rest_route=%2Fwp%2Fv2%2Fmedia&parent=4378"}],"curies":[{"name":"wp","href":"https:\/\/api.w.org\/{rel}","templated":true}]}}