
{"id":4383,"date":"2021-08-06T17:47:00","date_gmt":"2021-08-06T17:47:00","guid":{"rendered":"https:\/\/www.overline-design.de\/poetry\/?page_id=4383"},"modified":"2021-08-08T07:36:28","modified_gmt":"2021-08-08T07:36:28","slug":"olympia-2021-fuenfkampf","status":"publish","type":"page","link":"https:\/\/www.overline-design.de\/poetry\/?page_id=4383","title":{"rendered":"Olympia 2021 &#8211; F\u00fcnfkampf"},"content":{"rendered":"\n<p>Ein Pferd mit Schl\u00e4ge und Gewalt dazu zu zwingen,<br>geordnet \u00fcber den Parcour und H\u00fcrden zu springen.<br>Man kennt den Spruch: &#8222;Der Zweck heiligt die Mittel&#8220;,<br>aber in diesem Fall war es klar Verzicht auf einen Titel.<br><br>Wo war zu suchen, f\u00fcr die Verweigerung, der Grund<br>und warum lief es f\u00fcr die Teilnehmerin nicht so rund?<br>Wenn man Ross und Reiter kann als ein Team erleben, <br>nur dann kann es auch eine Olympia-Medaille geben.<br><br><strong>\u00a9<\/strong> Rainer Dambroth &#8211; 06.08.2021 &#8211; <strong><a href=\"http:\/\/www.overline-poetry.de\">www.overline-poetry.de<\/a><\/strong><\/p>\n","protected":false},"excerpt":{"rendered":"<p>Ein Pferd mit Schl\u00e4ge und Gewalt dazu zu zwingen,geordnet \u00fcber den Parcour und H\u00fcrden zu springen.Man kennt den Spruch: &#8222;Der Zweck heiligt die Mittel&#8220;,aber in diesem Fall war es klar Verzicht auf einen Titel. Wo war zu suchen, f\u00fcr die Verweigerung, der Grundund warum lief es f\u00fcr die Teilnehmerin nicht so rund?Wenn man Ross und [&hellip;]<\/p>\n","protected":false},"author":3,"featured_media":0,"parent":0,"menu_order":0,"comment_status":"closed","ping_status":"closed","template":"","meta":{"footnotes":""},"class_list":["post-4383","page","type-page","status-publish","hentry"],"jetpack_sharing_enabled":true,"_links":{"self":[{"href":"https:\/\/www.overline-design.de\/poetry\/index.php?rest_route=\/wp\/v2\/pages\/4383","targetHints":{"allow":["GET"]}}],"collection":[{"href":"https:\/\/www.overline-design.de\/poetry\/index.php?rest_route=\/wp\/v2\/pages"}],"about":[{"href":"https:\/\/www.overline-design.de\/poetry\/index.php?rest_route=\/wp\/v2\/types\/page"}],"author":[{"embeddable":true,"href":"https:\/\/www.overline-design.de\/poetry\/index.php?rest_route=\/wp\/v2\/users\/3"}],"replies":[{"embeddable":true,"href":"https:\/\/www.overline-design.de\/poetry\/index.php?rest_route=%2Fwp%2Fv2%2Fcomments&post=4383"}],"version-history":[{"count":4,"href":"https:\/\/www.overline-design.de\/poetry\/index.php?rest_route=\/wp\/v2\/pages\/4383\/revisions"}],"predecessor-version":[{"id":4397,"href":"https:\/\/www.overline-design.de\/poetry\/index.php?rest_route=\/wp\/v2\/pages\/4383\/revisions\/4397"}],"wp:attachment":[{"href":"https:\/\/www.overline-design.de\/poetry\/index.php?rest_route=%2Fwp%2Fv2%2Fmedia&parent=4383"}],"curies":[{"name":"wp","href":"https:\/\/api.w.org\/{rel}","templated":true}]}}