
{"id":4387,"date":"2021-08-08T16:20:51","date_gmt":"2021-08-08T16:20:51","guid":{"rendered":"https:\/\/www.overline-design.de\/poetry\/?page_id=4387"},"modified":"2021-08-21T18:02:45","modified_gmt":"2021-08-21T18:02:45","slug":"stierkampf-ein-relikt-aus-der-urzeit","status":"publish","type":"page","link":"https:\/\/www.overline-design.de\/poetry\/?page_id=4387","title":{"rendered":"Stierkampf ein Relikt aus der Urzeit?"},"content":{"rendered":"\n<p>Stierkampf ist und bleibt eine gewollte Tierqu\u00e4lerei,<br>was die Bef\u00fcrworter dar\u00fcber denken, ist mir einerlei.<br>Warum sich bloss der Zuschauer nur daf\u00fcr interessiert,<br>wenn ein Stier wird brutal maltr\u00e4tiert und massakriert?<br><br>Auch in Spanien scheint die Gesellschaft sich zu spalten,<br>denn die Zustimmung zum Stierkampf ist sehr verhalten.<br>Wie k\u00f6nnen sich Menschen nur begeistern und erbauen<br>einem Tier beim vorher geplanten Sterben zu zuschauen.<br><br>Den Torero dann als Held zu feiern f\u00fcr seine &#8222;Heldentat&#8220;,<br>gegen\u00fcber dem ermordeten Stier ist es ein Hochverrat.<br>Ich habe mich jedesmal gefreut und es wertgesch\u00e4tzt,<br>wenn wieder ein Torero wird durch den Stier verletzt.<br><br>Das die EU auch die Stierkampf-Profiteure unterst\u00fctzt,<br>nicht wissend, dass sie diese Tierqu\u00e4lerei damit sch\u00fctzt.<br>Wird das Agrar-Budget gro\u00dfz\u00fcgig und planlos verteilt,<br>frage ich mich, ob man sich damit nicht zu sehr beeilt.<br><br>Wer an der Geldquelle sitzt, bestimmt auch den Fluss,<br>hier entscheiden Lobbyisten mit, wohin es flie\u00dfen mu\u00df.<br>Ob Lobbyisten die Entscheider daf\u00fcr auch honorieren,<br>dar\u00fcber werden sich die Spuren wohl im Sand verlieren.<br><br><strong>\u00a9<\/strong> Rainer Dambroth &#8211; 08.08.2021 &#8211; <strong><a href=\"http:\/\/www.overline-poetry.de\">www.overline-poetry.de<\/a><\/strong><br><br><strong><em>Achtung! Dieser Beitrag wurde schon einmal bei Facebook als Spam angezeigt und dann von Facebook entfernt!<br>Wahrscheinlich Stierkampfbef\u00fcrworter! Habe ich damit einen empfindlichen Nerv getroffen?<\/em><\/strong><br>21.08.2021<\/p>\n","protected":false},"excerpt":{"rendered":"<p>Stierkampf ist und bleibt eine gewollte Tierqu\u00e4lerei,was die Bef\u00fcrworter dar\u00fcber denken, ist mir einerlei.Warum sich bloss der Zuschauer nur daf\u00fcr interessiert,wenn ein Stier wird brutal maltr\u00e4tiert und massakriert? Auch in Spanien scheint die Gesellschaft sich zu spalten,denn die Zustimmung zum Stierkampf ist sehr verhalten.Wie k\u00f6nnen sich Menschen nur begeistern und erbaueneinem Tier beim vorher geplanten [&hellip;]<\/p>\n","protected":false},"author":3,"featured_media":0,"parent":0,"menu_order":0,"comment_status":"closed","ping_status":"closed","template":"","meta":{"footnotes":""},"class_list":["post-4387","page","type-page","status-publish","hentry"],"jetpack_sharing_enabled":true,"_links":{"self":[{"href":"https:\/\/www.overline-design.de\/poetry\/index.php?rest_route=\/wp\/v2\/pages\/4387","targetHints":{"allow":["GET"]}}],"collection":[{"href":"https:\/\/www.overline-design.de\/poetry\/index.php?rest_route=\/wp\/v2\/pages"}],"about":[{"href":"https:\/\/www.overline-design.de\/poetry\/index.php?rest_route=\/wp\/v2\/types\/page"}],"author":[{"embeddable":true,"href":"https:\/\/www.overline-design.de\/poetry\/index.php?rest_route=\/wp\/v2\/users\/3"}],"replies":[{"embeddable":true,"href":"https:\/\/www.overline-design.de\/poetry\/index.php?rest_route=%2Fwp%2Fv2%2Fcomments&post=4387"}],"version-history":[{"count":16,"href":"https:\/\/www.overline-design.de\/poetry\/index.php?rest_route=\/wp\/v2\/pages\/4387\/revisions"}],"predecessor-version":[{"id":4566,"href":"https:\/\/www.overline-design.de\/poetry\/index.php?rest_route=\/wp\/v2\/pages\/4387\/revisions\/4566"}],"wp:attachment":[{"href":"https:\/\/www.overline-design.de\/poetry\/index.php?rest_route=%2Fwp%2Fv2%2Fmedia&parent=4387"}],"curies":[{"name":"wp","href":"https:\/\/api.w.org\/{rel}","templated":true}]}}