
{"id":4528,"date":"2021-08-16T13:23:00","date_gmt":"2021-08-16T13:23:00","guid":{"rendered":"https:\/\/www.overline-design.de\/poetry\/?page_id=4528"},"modified":"2021-09-21T06:56:46","modified_gmt":"2021-09-21T06:56:46","slug":"bei-nichtbesetzung-bitte-klingeln","status":"publish","type":"page","link":"https:\/\/www.overline-design.de\/poetry\/?page_id=4528","title":{"rendered":"Bei Nichtbesetzung bitte klingeln!"},"content":{"rendered":"\n<p>In der Sulinger Klinik, in der Notaufnahme gesehen,<br>den Sinn f\u00fcr diese Klingel werde ich nicht verstehen.<br>Das Unverst\u00e4ndnis in diesem Sulinger Krankenhaus,<br>dr\u00fcckt man den Knopf, schaltet man das Licht nur aus.<br><br>Vielleicht hatte eine Funkklingel hier vorher gehangen<br>und die ist entweder kaputt oder verloren gegangen.<br>Die Ankommenden konnten die Wartenden erheitern,<br>mit diesem Erlebten auch ihre Erfahrungen erweitern.<br><br>Denn man f\u00e4llt auf Fehlfunktionen nur einmal herein<br>und das zweite Mal l\u00e4sst man das Klingeln gleich sein.<br>Jedenfalls haben alle Patienten die hier angekommen,<br>die &#8222;Klingel&#8220;, trotz Schmerzen, mit Humor genommen.<br><br><strong>\u00a9<\/strong> Rainer Dambroth &#8211; 16.08.2021 &#8211; <strong><a href=\"http:\/\/www.overline-poetry.de\">www.overline-poetry.de<\/a><\/strong><br><br>Die Nofallklingel funktioniert wieder einwandfrei!<br>22.08.2021<\/p>\n","protected":false},"excerpt":{"rendered":"<p>In der Sulinger Klinik, in der Notaufnahme gesehen,den Sinn f\u00fcr diese Klingel werde ich nicht verstehen.Das Unverst\u00e4ndnis in diesem Sulinger Krankenhaus,dr\u00fcckt man den Knopf, schaltet man das Licht nur aus. Vielleicht hatte eine Funkklingel hier vorher gehangenund die ist entweder kaputt oder verloren gegangen.Die Ankommenden konnten die Wartenden erheitern,mit diesem Erlebten auch ihre Erfahrungen erweitern. [&hellip;]<\/p>\n","protected":false},"author":3,"featured_media":0,"parent":0,"menu_order":0,"comment_status":"closed","ping_status":"closed","template":"","meta":{"footnotes":""},"class_list":["post-4528","page","type-page","status-publish","hentry"],"jetpack_sharing_enabled":true,"_links":{"self":[{"href":"https:\/\/www.overline-design.de\/poetry\/index.php?rest_route=\/wp\/v2\/pages\/4528","targetHints":{"allow":["GET"]}}],"collection":[{"href":"https:\/\/www.overline-design.de\/poetry\/index.php?rest_route=\/wp\/v2\/pages"}],"about":[{"href":"https:\/\/www.overline-design.de\/poetry\/index.php?rest_route=\/wp\/v2\/types\/page"}],"author":[{"embeddable":true,"href":"https:\/\/www.overline-design.de\/poetry\/index.php?rest_route=\/wp\/v2\/users\/3"}],"replies":[{"embeddable":true,"href":"https:\/\/www.overline-design.de\/poetry\/index.php?rest_route=%2Fwp%2Fv2%2Fcomments&post=4528"}],"version-history":[{"count":5,"href":"https:\/\/www.overline-design.de\/poetry\/index.php?rest_route=\/wp\/v2\/pages\/4528\/revisions"}],"predecessor-version":[{"id":4892,"href":"https:\/\/www.overline-design.de\/poetry\/index.php?rest_route=\/wp\/v2\/pages\/4528\/revisions\/4892"}],"wp:attachment":[{"href":"https:\/\/www.overline-design.de\/poetry\/index.php?rest_route=%2Fwp%2Fv2%2Fmedia&parent=4528"}],"curies":[{"name":"wp","href":"https:\/\/api.w.org\/{rel}","templated":true}]}}