
{"id":4536,"date":"2021-08-19T15:26:00","date_gmt":"2021-08-19T15:26:00","guid":{"rendered":"https:\/\/www.overline-design.de\/poetry\/?page_id=4536"},"modified":"2022-02-05T09:39:40","modified_gmt":"2022-02-05T09:39:40","slug":"seehofer-mein-ministerium-arbeitet-in-sekunden","status":"publish","type":"page","link":"https:\/\/www.overline-design.de\/poetry\/?page_id=4536","title":{"rendered":"Seehofer: &#8222;Mein Ministerium arbeitet im Sekundentakt&#8220;"},"content":{"rendered":"\n<p>Bei der Erteilung der Visa geht dieses in wenigen Sekunden.<br>Computer ja, aber die Mitarbeiter brauchen daf\u00fcr Stunden.<br>W\u00fcrde er mal seinen Mitarbeitern beim Arbeiten zusehen,<br>dann w\u00fcrde er deren Arbeitsweise viel besser verstehen.<br><br>Wahrscheinlich sind die Vorschriften auch so kompliziert,<br>dass der Antragssteller f\u00fcr das Visum dabei nur verliert.<br>Man will, dass sich die Dinge aus 2015 nicht wiederholen<br>und wir im Wahljahr viele Fl\u00fcchtlinge ins Land dann holen.<br><br>Auch zu passives Verhalten wird sich bei der Wahl r\u00e4chen!<br>Das k\u00f6nnen gerechtigkeitsliebende W\u00e4hler versprechen.<br>Wir brauchen verl\u00e4ssliche Minister, denen man vertraut!<br>Keine Politiker, vor dessen Handeln man sich dann graut.<br><br><strong>\u00a9<\/strong> Rainer Dambroth &#8211; 19.08.2021 &#8211; <strong><a href=\"http:\/\/www.overline-poetry.de\">www.overline-poetry.de<\/a><\/strong><br><br><br><br><br><br><br><br><\/p>\n","protected":false},"excerpt":{"rendered":"<p>Bei der Erteilung der Visa geht dieses in wenigen Sekunden.Computer ja, aber die Mitarbeiter brauchen daf\u00fcr Stunden.W\u00fcrde er mal seinen Mitarbeitern beim Arbeiten zusehen,dann w\u00fcrde er deren Arbeitsweise viel besser verstehen. Wahrscheinlich sind die Vorschriften auch so kompliziert,dass der Antragssteller f\u00fcr das Visum dabei nur verliert.Man will, dass sich die Dinge aus 2015 nicht wiederholenund [&hellip;]<\/p>\n","protected":false},"author":3,"featured_media":0,"parent":0,"menu_order":0,"comment_status":"closed","ping_status":"closed","template":"","meta":{"footnotes":""},"class_list":["post-4536","page","type-page","status-publish","hentry"],"jetpack_sharing_enabled":true,"_links":{"self":[{"href":"https:\/\/www.overline-design.de\/poetry\/index.php?rest_route=\/wp\/v2\/pages\/4536","targetHints":{"allow":["GET"]}}],"collection":[{"href":"https:\/\/www.overline-design.de\/poetry\/index.php?rest_route=\/wp\/v2\/pages"}],"about":[{"href":"https:\/\/www.overline-design.de\/poetry\/index.php?rest_route=\/wp\/v2\/types\/page"}],"author":[{"embeddable":true,"href":"https:\/\/www.overline-design.de\/poetry\/index.php?rest_route=\/wp\/v2\/users\/3"}],"replies":[{"embeddable":true,"href":"https:\/\/www.overline-design.de\/poetry\/index.php?rest_route=%2Fwp%2Fv2%2Fcomments&post=4536"}],"version-history":[{"count":7,"href":"https:\/\/www.overline-design.de\/poetry\/index.php?rest_route=\/wp\/v2\/pages\/4536\/revisions"}],"predecessor-version":[{"id":5043,"href":"https:\/\/www.overline-design.de\/poetry\/index.php?rest_route=\/wp\/v2\/pages\/4536\/revisions\/5043"}],"wp:attachment":[{"href":"https:\/\/www.overline-design.de\/poetry\/index.php?rest_route=%2Fwp%2Fv2%2Fmedia&parent=4536"}],"curies":[{"name":"wp","href":"https:\/\/api.w.org\/{rel}","templated":true}]}}