
{"id":4549,"date":"2021-08-17T17:47:00","date_gmt":"2021-08-17T17:47:00","guid":{"rendered":"https:\/\/www.overline-design.de\/poetry\/?page_id=4549"},"modified":"2021-08-21T07:18:24","modified_gmt":"2021-08-21T07:18:24","slug":"heiko-maas-den-taliban-unterschaetzt","status":"publish","type":"page","link":"https:\/\/www.overline-design.de\/poetry\/?page_id=4549","title":{"rendered":"Heiko Maas, den Taliban untersch\u00e4tzt?!"},"content":{"rendered":"\n<p>Wie konnte das einem &#8222;Politprofi&#8220; nur passieren,<br>dass wir in Afghanistan so schnell Land verlieren?<br>Warum haben die Geheimdienste so sp\u00e4t reagiert,<br>dass sie den Einmarsch der Taliban nicht registriert?<br><br>Geheimdienste sollten Aktionen der Taliban kennen<br>und auch rechtzeitig die m\u00f6glichen Schritte nennen.<br>Warum haben die Alarmsysteme so kl\u00e4glich versagt?<br>Gehofft, dass der Sieg \u00fcber Kabul wird noch vertagt?<br><br>Ihre Aussage: &#8222;Wir haben den Taliban untersch\u00e4tzt&#8220;,<br>ist sehr naiv und hat den Glauben der B\u00fcrger verletzt.<br>An was haben Sie die ganze Zeit nur so naiv gedacht,<br>dass der Taliban verliert in Kabul noch seine Macht.<br><br><strong>\u00a9<\/strong> Rainer Dambroth &#8211; 17.08.2021 &#8211; <strong><a href=\"http:\/\/www.overline-poetry.de\">www.overline-poetry.de<\/a><\/strong> <\/p>\n","protected":false},"excerpt":{"rendered":"<p>Wie konnte das einem &#8222;Politprofi&#8220; nur passieren,dass wir in Afghanistan so schnell Land verlieren?Warum haben die Geheimdienste so sp\u00e4t reagiert,dass sie den Einmarsch der Taliban nicht registriert? Geheimdienste sollten Aktionen der Taliban kennenund auch rechtzeitig die m\u00f6glichen Schritte nennen.Warum haben die Alarmsysteme so kl\u00e4glich versagt?Gehofft, dass der Sieg \u00fcber Kabul wird noch vertagt? Ihre Aussage: [&hellip;]<\/p>\n","protected":false},"author":3,"featured_media":0,"parent":0,"menu_order":0,"comment_status":"closed","ping_status":"closed","template":"","meta":{"footnotes":""},"class_list":["post-4549","page","type-page","status-publish","hentry"],"jetpack_sharing_enabled":true,"_links":{"self":[{"href":"https:\/\/www.overline-design.de\/poetry\/index.php?rest_route=\/wp\/v2\/pages\/4549","targetHints":{"allow":["GET"]}}],"collection":[{"href":"https:\/\/www.overline-design.de\/poetry\/index.php?rest_route=\/wp\/v2\/pages"}],"about":[{"href":"https:\/\/www.overline-design.de\/poetry\/index.php?rest_route=\/wp\/v2\/types\/page"}],"author":[{"embeddable":true,"href":"https:\/\/www.overline-design.de\/poetry\/index.php?rest_route=\/wp\/v2\/users\/3"}],"replies":[{"embeddable":true,"href":"https:\/\/www.overline-design.de\/poetry\/index.php?rest_route=%2Fwp%2Fv2%2Fcomments&post=4549"}],"version-history":[{"count":7,"href":"https:\/\/www.overline-design.de\/poetry\/index.php?rest_route=\/wp\/v2\/pages\/4549\/revisions"}],"predecessor-version":[{"id":4556,"href":"https:\/\/www.overline-design.de\/poetry\/index.php?rest_route=\/wp\/v2\/pages\/4549\/revisions\/4556"}],"wp:attachment":[{"href":"https:\/\/www.overline-design.de\/poetry\/index.php?rest_route=%2Fwp%2Fv2%2Fmedia&parent=4549"}],"curies":[{"name":"wp","href":"https:\/\/api.w.org\/{rel}","templated":true}]}}