
{"id":4567,"date":"2021-09-07T06:02:00","date_gmt":"2021-09-07T06:02:00","guid":{"rendered":"https:\/\/www.overline-design.de\/poetry\/?page_id=4567"},"modified":"2022-12-12T17:19:08","modified_gmt":"2022-12-12T17:19:08","slug":"julia-kloeckner-tierwohllabel-neu","status":"publish","type":"page","link":"https:\/\/www.overline-design.de\/poetry\/?page_id=4567","title":{"rendered":"Julia Kl\u00f6ckner &#8211; Tierwohllabel"},"content":{"rendered":"\n<p>Julia Kl\u00f6ckner, wo bleiben Sie mit ihrem Begehren,<br>die Verbraucher \u00fcber Haltungsformen zu belehren.<br>Der Handel hat sie mit den Forderungen \u00fcberrundet,<br>was Sie der Agrarwirtschaft hatten lange gestundet.<br><br>Der Handel die Aufgaben des Ministeriums delegiert<br>und sich f\u00fcr die W\u00fcnsche der Verbraucher interessiert.<br>So wurden vom Handel &#8222;N\u00e4gel mit K\u00f6pfen&#8220; gemacht,<br>nicht lange \u00fcber m\u00f6gliche Konsequenzen nachgedacht.<br><br>Dem Ministerium scheinen die Verbraucher doch egal,<br>ob Nutztiere leben m\u00fcssen in Enge und in gro\u00dfer Qual.<br>Die nicht gewollten Haltungsformen werden exportiert,<br>damit der Massentierfabriant auch ja kein Geld verliert.<br><br>Die Absatzprobleme wurden schon weit vorhergesagt,<br>die m\u00f6glichen \u00c4nderungen wurden oft einfach vertagt.<br>So l\u00e4sst es sich sehr gut mit &#8222;flotten&#8220; Spr\u00fcchen leben,<br>als w\u00fcrde es alle diese vielen Probleme garnicht geben.<br><br>Zum Verhandeln in der Agrar- und Verbraucherpolitik<br>geh\u00f6ren doch R\u00fcckgrat, Mut und taktisches Geschick.<br>Denn um diese Ziele in der Agrarpolitik anzustreben,<br>darf es nur eine Richtung und wenig hei\u00dfe Luft geben.<br><br>Die Landwirte erwarten zur Unterst\u00fctzung f\u00fcr ihr Gl\u00fcck,<br>einen st\u00e4ndigen hohen Geldfluss von der aktiven Politik<br>Ob die Ernte schlecht oder die Viehpreise sind verfallen,<br>die Politik soll es richten und nur ihnen damit gefallen.<br><br>Das Klima darf nicht der Agrarindustrie geopfert werden,<br>denn wir alle haben nur dieses eine Leben hier auf Erden.<br>F\u00fcr uns Verbraucher hat dieses Amt eine hohe Priorit\u00e4t!<br>Wenn sie es nicht k\u00f6nnen, sollten sie fragen, wie es geht.<br><br>Fragen sie nicht nur die Agrar- und Industrielobbyisten,<br>die f\u00fcr die Zukunft ihrer L\u00e4ndereien alles besser w\u00fcssten.<br>Es muss f\u00fcr diese Bereiche nur eine neue Richtung geben,<br>es geht nicht nur ums Geld, sondern um unser aller Leben.<br><br><strong>\u00a9<\/strong> Rainer Dambroth &#8211; 07.09.2021 &#8211; <strong><a href=\"http:\/\/www.overline-poetry.de\">www.overline-poetry.de<\/a><\/strong><\/p>\n","protected":false},"excerpt":{"rendered":"<p>Julia Kl\u00f6ckner, wo bleiben Sie mit ihrem Begehren,die Verbraucher \u00fcber Haltungsformen zu belehren.Der Handel hat sie mit den Forderungen \u00fcberrundet,was Sie der Agrarwirtschaft hatten lange gestundet. Der Handel die Aufgaben des Ministeriums delegiertund sich f\u00fcr die W\u00fcnsche der Verbraucher interessiert.So wurden vom Handel &#8222;N\u00e4gel mit K\u00f6pfen&#8220; gemacht,nicht lange \u00fcber m\u00f6gliche Konsequenzen nachgedacht. Dem Ministerium scheinen [&hellip;]<\/p>\n","protected":false},"author":3,"featured_media":0,"parent":0,"menu_order":0,"comment_status":"closed","ping_status":"closed","template":"","meta":{"footnotes":""},"class_list":["post-4567","page","type-page","status-publish","hentry"],"jetpack_sharing_enabled":true,"_links":{"self":[{"href":"https:\/\/www.overline-design.de\/poetry\/index.php?rest_route=\/wp\/v2\/pages\/4567","targetHints":{"allow":["GET"]}}],"collection":[{"href":"https:\/\/www.overline-design.de\/poetry\/index.php?rest_route=\/wp\/v2\/pages"}],"about":[{"href":"https:\/\/www.overline-design.de\/poetry\/index.php?rest_route=\/wp\/v2\/types\/page"}],"author":[{"embeddable":true,"href":"https:\/\/www.overline-design.de\/poetry\/index.php?rest_route=\/wp\/v2\/users\/3"}],"replies":[{"embeddable":true,"href":"https:\/\/www.overline-design.de\/poetry\/index.php?rest_route=%2Fwp%2Fv2%2Fcomments&post=4567"}],"version-history":[{"count":24,"href":"https:\/\/www.overline-design.de\/poetry\/index.php?rest_route=\/wp\/v2\/pages\/4567\/revisions"}],"predecessor-version":[{"id":6538,"href":"https:\/\/www.overline-design.de\/poetry\/index.php?rest_route=\/wp\/v2\/pages\/4567\/revisions\/6538"}],"wp:attachment":[{"href":"https:\/\/www.overline-design.de\/poetry\/index.php?rest_route=%2Fwp%2Fv2%2Fmedia&parent=4567"}],"curies":[{"name":"wp","href":"https:\/\/api.w.org\/{rel}","templated":true}]}}