
{"id":4784,"date":"2021-09-08T07:09:00","date_gmt":"2021-09-08T07:09:00","guid":{"rendered":"https:\/\/www.overline-design.de\/poetry\/?page_id=4784"},"modified":"2021-09-09T12:32:09","modified_gmt":"2021-09-09T12:32:09","slug":"die-syker-cdu-geht-in-die-luft","status":"publish","type":"page","link":"https:\/\/www.overline-design.de\/poetry\/?page_id=4784","title":{"rendered":"Die Syker CDU geht in die Luft"},"content":{"rendered":"\n<p>Von der CDU Syke ein Flieger in der Luft<br>und die Syker B\u00fcrger zur Wahlurne ruft.<br>Der B\u00fcrger soll die richtige Partei w\u00e4hlen,<br>denn die CDU will deine Stimme z\u00e4hlen.<br>Der Flieger kreuz und quer \u00fcber Syke kreist,<br>die W\u00e4hler der CDU auf die Wahl hinweist.<br>Der Flieger war zu hoch in der Luft zu sehen,<br>ohne Brille war der Text nicht zu verstehen.<br>Besser w\u00e4re gewesen ein Heissluftballon,<br>nach den &#8222;heissen&#8220; Reden auf und davon.<br><br><strong>\u00a9<\/strong> Rainer Dambroth &#8211; 08.09.2021 &#8211; <strong><a href=\"http:\/\/www.overline-poetry.de\">www.overline-poetry.de<\/a><\/strong>B<\/p>\n","protected":false},"excerpt":{"rendered":"<p>Von der CDU Syke ein Flieger in der Luftund die Syker B\u00fcrger zur Wahlurne ruft.Der B\u00fcrger soll die richtige Partei w\u00e4hlen,denn die CDU will deine Stimme z\u00e4hlen.Der Flieger kreuz und quer \u00fcber Syke kreist,die W\u00e4hler der CDU auf die Wahl hinweist.Der Flieger war zu hoch in der Luft zu sehen,ohne Brille war der Text nicht [&hellip;]<\/p>\n","protected":false},"author":3,"featured_media":0,"parent":0,"menu_order":0,"comment_status":"closed","ping_status":"closed","template":"","meta":{"footnotes":""},"class_list":["post-4784","page","type-page","status-publish","hentry"],"jetpack_sharing_enabled":true,"_links":{"self":[{"href":"https:\/\/www.overline-design.de\/poetry\/index.php?rest_route=\/wp\/v2\/pages\/4784","targetHints":{"allow":["GET"]}}],"collection":[{"href":"https:\/\/www.overline-design.de\/poetry\/index.php?rest_route=\/wp\/v2\/pages"}],"about":[{"href":"https:\/\/www.overline-design.de\/poetry\/index.php?rest_route=\/wp\/v2\/types\/page"}],"author":[{"embeddable":true,"href":"https:\/\/www.overline-design.de\/poetry\/index.php?rest_route=\/wp\/v2\/users\/3"}],"replies":[{"embeddable":true,"href":"https:\/\/www.overline-design.de\/poetry\/index.php?rest_route=%2Fwp%2Fv2%2Fcomments&post=4784"}],"version-history":[{"count":2,"href":"https:\/\/www.overline-design.de\/poetry\/index.php?rest_route=\/wp\/v2\/pages\/4784\/revisions"}],"predecessor-version":[{"id":4788,"href":"https:\/\/www.overline-design.de\/poetry\/index.php?rest_route=\/wp\/v2\/pages\/4784\/revisions\/4788"}],"wp:attachment":[{"href":"https:\/\/www.overline-design.de\/poetry\/index.php?rest_route=%2Fwp%2Fv2%2Fmedia&parent=4784"}],"curies":[{"name":"wp","href":"https:\/\/api.w.org\/{rel}","templated":true}]}}