
{"id":4845,"date":"2021-09-01T17:34:00","date_gmt":"2021-09-01T17:34:00","guid":{"rendered":"https:\/\/www.overline-design.de\/poetry\/?page_id=4845"},"modified":"2022-04-22T09:49:35","modified_gmt":"2022-04-22T09:49:35","slug":"friedrich-merz-und-das-geld-neu","status":"publish","type":"page","link":"https:\/\/www.overline-design.de\/poetry\/?page_id=4845","title":{"rendered":"Friedrich Merz und das Geld"},"content":{"rendered":"\n<p>Friedrich Merz denkt finanziell sehr eingeschr\u00e4nkt,<br>weil er nur an das Geld der &#8222;Superreichen&#8220; denkt.<br>Er kennt weder das CDU-Team der Kompetenzen,<br>noch bei verlorenen Wahl m\u00f6gliche Konsequenzen.<br><br>Naturschutzverb\u00e4nde wollen nur Kapital vernichten?<br>Kommt er an die Macht, w\u00fcrde er auf die verzichten!<br>Denkt er, wie Armin Laschet, nur noch an die &#8222;Kohle&#8220;<br>und nicht, wie doch gefordert, an des Volkes Wohle?<br><br>Es geht nicht darum, viele \u00c4mter f\u00fcr sich zu gewinnen,<br>so da\u00df Entscheidungen an den \u00c4mterm\u00fchlen zerinnen.<br>Mit dem Klimaforderungen neue Wege zu beschreiten<br>und sich nicht mit den Umweltverb\u00e4nden zu streiten.<br><br>Seine Erscheinung, ein Handelsvertreter f\u00fcr Finanzen.<br>Als Einzelk\u00e4mpfer sucht er in der CDU keine Allianzen.<br>Sein Blick ist stets nach unten auf den Boden gerichtet.<br>Wahrscheinlich liest er da unten ab, was er so berichtet.<br><br><strong>\u00a9<\/strong> Rainer Dambroth &#8211; 01.09.2021 &#8211; <strong><a href=\"http:\/\/www.overline-poetry.de\">www.overline-poetry.de<\/a><\/strong><br><br><br><br><br><br><\/p>\n","protected":false},"excerpt":{"rendered":"<p>Friedrich Merz denkt finanziell sehr eingeschr\u00e4nkt,weil er nur an das Geld der &#8222;Superreichen&#8220; denkt.Er kennt weder das CDU-Team der Kompetenzen,noch bei verlorenen Wahl m\u00f6gliche Konsequenzen. Naturschutzverb\u00e4nde wollen nur Kapital vernichten?Kommt er an die Macht, w\u00fcrde er auf die verzichten!Denkt er, wie Armin Laschet, nur noch an die &#8222;Kohle&#8220;und nicht, wie doch gefordert, an des Volkes [&hellip;]<\/p>\n","protected":false},"author":3,"featured_media":0,"parent":0,"menu_order":0,"comment_status":"closed","ping_status":"closed","template":"","meta":{"footnotes":""},"class_list":["post-4845","page","type-page","status-publish","hentry"],"jetpack_sharing_enabled":true,"_links":{"self":[{"href":"https:\/\/www.overline-design.de\/poetry\/index.php?rest_route=\/wp\/v2\/pages\/4845","targetHints":{"allow":["GET"]}}],"collection":[{"href":"https:\/\/www.overline-design.de\/poetry\/index.php?rest_route=\/wp\/v2\/pages"}],"about":[{"href":"https:\/\/www.overline-design.de\/poetry\/index.php?rest_route=\/wp\/v2\/types\/page"}],"author":[{"embeddable":true,"href":"https:\/\/www.overline-design.de\/poetry\/index.php?rest_route=\/wp\/v2\/users\/3"}],"replies":[{"embeddable":true,"href":"https:\/\/www.overline-design.de\/poetry\/index.php?rest_route=%2Fwp%2Fv2%2Fcomments&post=4845"}],"version-history":[{"count":15,"href":"https:\/\/www.overline-design.de\/poetry\/index.php?rest_route=\/wp\/v2\/pages\/4845\/revisions"}],"predecessor-version":[{"id":5446,"href":"https:\/\/www.overline-design.de\/poetry\/index.php?rest_route=\/wp\/v2\/pages\/4845\/revisions\/5446"}],"wp:attachment":[{"href":"https:\/\/www.overline-design.de\/poetry\/index.php?rest_route=%2Fwp%2Fv2%2Fmedia&parent=4845"}],"curies":[{"name":"wp","href":"https:\/\/api.w.org\/{rel}","templated":true}]}}