
{"id":4930,"date":"2021-09-27T15:28:00","date_gmt":"2021-09-27T15:28:00","guid":{"rendered":"https:\/\/www.overline-design.de\/poetry\/?page_id=4930"},"modified":"2022-10-13T07:39:01","modified_gmt":"2022-10-13T07:39:01","slug":"bundestagswahl-2021","status":"publish","type":"page","link":"https:\/\/www.overline-design.de\/poetry\/?page_id=4930","title":{"rendered":"Bundestagswahl 2021"},"content":{"rendered":"\n<p>Ich staune, denn keine der Parteien hat diese Wahl verloren,<br>doch sind die Dinge schon sehr kompliziert und verworren.<br>In jedem Interview hatte man es doch deutlich vernommen,<br>jede Partei hat den Regierungsauftrag vom W\u00e4hler bekommen.<br><br>Ein gro\u00dfer Verlierer der Bundestagswahl ist die Links Partei,<br>denn sie f\u00e4llt unter die 5% und ist als Partei nicht mehr dabei.<br>Nur durch Direktmandate k\u00f6nnen sie sich noch pr\u00e4sentieren,<br>um nicht den Anschluss an die Bundespolitik ganz zu verlieren.<br><br>Die AFD hat es mit Verlusten doch in den Bundestag geschafft<br>und auch sie sehen sich als der Gewinner mit Regierungskraft.<br>Ihr Wahlprogramm besteht aus destruktiver Regierungskritik,<br>aber mit dieser Einstellung macht man keine Regierungspolitik.<br><br>Auch die Partei der FDP ist in den Bundestag mit eingezogen<br>und alle Bedenken an ihrem Wahlprogramm sind verflogen.<br>Auch sie sehen sich als gro\u00dfe Gewinner der Bundestagswahl,<br>hoffen auf eine Regierungbeteiligung mit hoher Personenzahl.<br><br>Die CDU will in ihrer Regierungsarbeit nur noch ein weiter so<br>und vermeidet zugunsten der Wirtschaft auch jegliches Risiko<br>Im politischen Handeln weiter die &#8222;stillst\u00e4ndische&#8220; Kontinuit\u00e4t,<br>und das mit den klimatische Anforderungen, wie das wohl geht?<br><br>Die SPD hat sich sehr viel f\u00fcr die n\u00e4chsten Jahre vorgenommen,<br>daf\u00fcr wurde sie gew\u00e4hlt und hat auch die Mehrheit bekommen.<br>F\u00fcr eine Koalition erst einmal nach Gemeinsamkeiten sondieren,<br>denn jede Partei hat Ziele gesetzt und die will sie nicht verlieren.<br><br>Von den beiden Gro\u00dfparteien will jede, dass ihr Kanzler gew\u00e4hlt,<br>denn vielleicht wurde den politischen Mitstreitern zu viel erz\u00e4hlt.<br>Aber wer mit wem verhandelt und mit welcher Partei koalieren,<br>ohne die eigenen Wahlprogramme und das Gesicht zu verlieren?<br><br>Wenn die Koalitionsverhandlungen nicht zum Ergebnis f\u00fchren,<br>denn keine der m\u00f6glichen Parteien will doch ihre Ziele verlieren.<br>Dann machen die Gro\u00dfparteien leider wieder die gro\u00dfe Koalition.<br>F\u00fcr die dringend erforderlichen Ver\u00e4nderungen war es das schon!<br><br><strong>\u00a9<\/strong> Rainer Dambroth &#8211; 27.09.2021 &#8211; <strong><a href=\"http:\/\/www.overline-poetry.de\/\">www.overline-poetry.de<\/a><\/strong><\/p>\n\n\n\n<p><br><br><\/p>\n","protected":false},"excerpt":{"rendered":"<p>Ich staune, denn keine der Parteien hat diese Wahl verloren,doch sind die Dinge schon sehr kompliziert und verworren.In jedem Interview hatte man es doch deutlich vernommen,jede Partei hat den Regierungsauftrag vom W\u00e4hler bekommen. Ein gro\u00dfer Verlierer der Bundestagswahl ist die Links Partei,denn sie f\u00e4llt unter die 5% und ist als Partei nicht mehr dabei.Nur durch [&hellip;]<\/p>\n","protected":false},"author":3,"featured_media":0,"parent":0,"menu_order":0,"comment_status":"closed","ping_status":"closed","template":"","meta":{"footnotes":""},"class_list":["post-4930","page","type-page","status-publish","hentry"],"jetpack_sharing_enabled":true,"_links":{"self":[{"href":"https:\/\/www.overline-design.de\/poetry\/index.php?rest_route=\/wp\/v2\/pages\/4930","targetHints":{"allow":["GET"]}}],"collection":[{"href":"https:\/\/www.overline-design.de\/poetry\/index.php?rest_route=\/wp\/v2\/pages"}],"about":[{"href":"https:\/\/www.overline-design.de\/poetry\/index.php?rest_route=\/wp\/v2\/types\/page"}],"author":[{"embeddable":true,"href":"https:\/\/www.overline-design.de\/poetry\/index.php?rest_route=\/wp\/v2\/users\/3"}],"replies":[{"embeddable":true,"href":"https:\/\/www.overline-design.de\/poetry\/index.php?rest_route=%2Fwp%2Fv2%2Fcomments&post=4930"}],"version-history":[{"count":13,"href":"https:\/\/www.overline-design.de\/poetry\/index.php?rest_route=\/wp\/v2\/pages\/4930\/revisions"}],"predecessor-version":[{"id":6074,"href":"https:\/\/www.overline-design.de\/poetry\/index.php?rest_route=\/wp\/v2\/pages\/4930\/revisions\/6074"}],"wp:attachment":[{"href":"https:\/\/www.overline-design.de\/poetry\/index.php?rest_route=%2Fwp%2Fv2%2Fmedia&parent=4930"}],"curies":[{"name":"wp","href":"https:\/\/api.w.org\/{rel}","templated":true}]}}