
{"id":4939,"date":"2021-09-28T08:19:00","date_gmt":"2021-09-28T08:19:00","guid":{"rendered":"https:\/\/www.overline-design.de\/poetry\/?page_id=4939"},"modified":"2023-10-04T13:14:55","modified_gmt":"2023-10-04T13:14:55","slug":"gummibaerchen-mit-tierischer-gelantine-hergestellt","status":"publish","type":"page","link":"https:\/\/www.overline-design.de\/poetry\/?page_id=4939","title":{"rendered":"Gummib\u00e4rchen mit tierischer Gelatine hergestellt"},"content":{"rendered":"\n<p>Viele Fruchtgummis werden auch mit tierischer <strong>Gelatine<\/strong> produziert<br>und mit dem Hinweis <strong>Gelatine<\/strong> die Vegetarier und Veganern d\u00fcpiert.<br><strong>Gelatine<\/strong> wird aus Fisch, Schweineschwarten und Knochen hergestellt.<br>Die Zutat <strong>Gelatine<\/strong> den Veganern und den Vegetariern nicht gef\u00e4llt.<br><br>Wird <strong>Gelatine<\/strong> als Hilfsmittel verwendet bei einem Produktionsschritt,<br>muss dies nicht deklariert werden und man bekommt es so nicht mit.<br><strong>Gelatine<\/strong> im Saft enthalten, dann muss es auf der Verpackung stehen<br>und ist es f\u00fcr die Veganer sofort beim Einkauf der S\u00e4fte zu ersehen.<br><br>Als Vegetarier werde ich Fruchts\u00e4fte mit <strong>Gelatine<\/strong> nicht akzeptieren,<br>denn hier lebe ich mit der Einstellung, dass Tiere dabei nicht verlieren.<br>Beim Kauf von Fruchtsaft der K\u00e4ufer auf der Verpackung schon erf\u00e4hrt,<br>dass der gekaufte Fruchtsaft ohne <strong>Gelatine<\/strong> von Tieren wurde gekl\u00e4rt.<br><br>Wenn ich aus ethischen Gr\u00fcnden werde keine Tierprodukte verzehren,<br>werde ich mich gegen die <strong>Gelatine<\/strong> bei der Fruchtsaftkl\u00e4rung wehren.<br>Wenn ich aus religi\u00f6sen Gr\u00fcnden werde kein Schweinefleisch essen,<br>dann kann man <strong>Gelatine<\/strong> aus Schweineschwarte f\u00fcr mich vergessen.<br><br>Wenn beteuert wird, die verwendete <strong>Gelatine<\/strong> sei sauber und rein,<br>geh\u00f6rt <strong>Gelatine<\/strong> von Tieren in einem Naturfruchtsaft nicht hinein.<br>Allein der Gedanke, dass man f\u00fcr die Kl\u00e4rung <strong>Gelatine<\/strong> verwendet,<br>f\u00fcr die Herstellung mit <strong>Gelatine<\/strong> hat ein Tier sein Leben beeendet.<br><br>Auch die Gummib\u00e4rchen werden mit tierischer <strong>Gelatine<\/strong> produziert,<br>macht zwar Kinder und Erwachsene froh, aber das Tier dabei verliert.<br>Auch Halal-Gummib\u00e4rchen, mit <strong>Gelatine<\/strong> von gesch\u00e4chteten Tieren,<br>alleine bei diesen &#8222;Kopfbildern&#8220; wird der Genuss dabei nur verlieren.<br><br><strong>\u00a9<\/strong> Rainer Dambroth &#8211; 28.09.2021 &#8211; <strong><a href=\"http:\/\/www.overline-poetry.de\/\">www.overline-poetry.de<\/a><\/strong><br><br> Information:<br>2019 wurden weltweit 621.000 Tonnen Gelantine verkauft.<br>Etwa 80% der in Europa verwendeten Speisegelantine wird aus Schweineschwarten hergestellt. 15% aus Rinderspalt und 5% aus Schweine- und Rinderknochen sowie Fisch.<br><a href=\"https:\/\/www.google.com\/search?q=wikipedia+gelatine&amp;client=firefox-b-d&amp;ei=D8l5YP9S74H27w_2rrzoAw&amp;oq=wikipedia+gelantine&amp;gs_lcp=Cgdnd3Mtd2l6EAEYADIECAAQDTIICAAQCBANEB4yCAgAEAgQDRAeMggIABAIEA0QHjIICAAQCBANEB4yCAgAEAgQDRAeMggIABAIEA0QHjIICAAQCBANEB4yCAgAEAgQDRAeOgcIABBHELADOgcIABCwAxBDOgUIABCxAzoCCAA6CAgAELEDEIMBOgYIABAWEB46CAgAEBYQChAeUNVOWMdvYLaOAWgBcAJ4AIABmQSIAYAPkgEIMC4xMC41LTGYAQCgAQGqAQdnd3Mtd2l6yAEKwAEB&amp;sclient=gws-wiz\" data-type=\"URL\" data-id=\"https:\/\/www.google.com\/search?q=wikipedia+gelatine&amp;client=firefox-b-d&amp;ei=D8l5YP9S74H27w_2rrzoAw&amp;oq=wikipedia+gelantine&amp;gs_lcp=Cgdnd3Mtd2l6EAEYADIECAAQDTIICAAQCBANEB4yCAgAEAgQDRAeMggIABAIEA0QHjIICAAQCBANEB4yCAgAEAgQDRAeMggIABAIEA0QHjIICAAQCBANEB4yCAgAEAgQDRAeOgcIABBHELADOgcIABCwAxBDOgUIABCxAzoCCAA6CAgAELEDEIMBOgYIABAWEB46CAgAEBYQChAeUNVOWMdvYLaOAWgBcAJ4AIABmQSIAYAPkgEIMC4xMC41LTGYAQCgAQGqAQdnd3Mtd2l6yAEKwAEB&amp;sclient=gws-wiz\"><strong>Wikipedia<\/strong><\/a> <\/p>\n","protected":false},"excerpt":{"rendered":"<p>Viele Fruchtgummis werden auch mit tierischer Gelatine produziertund mit dem Hinweis Gelatine die Vegetarier und Veganern d\u00fcpiert.Gelatine wird aus Fisch, Schweineschwarten und Knochen hergestellt.Die Zutat Gelatine den Veganern und den Vegetariern nicht gef\u00e4llt. Wird Gelatine als Hilfsmittel verwendet bei einem Produktionsschritt,muss dies nicht deklariert werden und man bekommt es so nicht mit.Gelatine im Saft enthalten, [&hellip;]<\/p>\n","protected":false},"author":3,"featured_media":0,"parent":0,"menu_order":0,"comment_status":"closed","ping_status":"closed","template":"","meta":{"footnotes":""},"class_list":["post-4939","page","type-page","status-publish","hentry"],"jetpack_sharing_enabled":true,"_links":{"self":[{"href":"https:\/\/www.overline-design.de\/poetry\/index.php?rest_route=\/wp\/v2\/pages\/4939","targetHints":{"allow":["GET"]}}],"collection":[{"href":"https:\/\/www.overline-design.de\/poetry\/index.php?rest_route=\/wp\/v2\/pages"}],"about":[{"href":"https:\/\/www.overline-design.de\/poetry\/index.php?rest_route=\/wp\/v2\/types\/page"}],"author":[{"embeddable":true,"href":"https:\/\/www.overline-design.de\/poetry\/index.php?rest_route=\/wp\/v2\/users\/3"}],"replies":[{"embeddable":true,"href":"https:\/\/www.overline-design.de\/poetry\/index.php?rest_route=%2Fwp%2Fv2%2Fcomments&post=4939"}],"version-history":[{"count":10,"href":"https:\/\/www.overline-design.de\/poetry\/index.php?rest_route=\/wp\/v2\/pages\/4939\/revisions"}],"predecessor-version":[{"id":7933,"href":"https:\/\/www.overline-design.de\/poetry\/index.php?rest_route=\/wp\/v2\/pages\/4939\/revisions\/7933"}],"wp:attachment":[{"href":"https:\/\/www.overline-design.de\/poetry\/index.php?rest_route=%2Fwp%2Fv2%2Fmedia&parent=4939"}],"curies":[{"name":"wp","href":"https:\/\/api.w.org\/{rel}","templated":true}]}}