
{"id":5401,"date":"2022-01-30T17:47:00","date_gmt":"2022-01-30T17:47:00","guid":{"rendered":"https:\/\/www.overline-design.de\/poetry\/?page_id=5401"},"modified":"2022-10-07T15:01:42","modified_gmt":"2022-10-07T15:01:42","slug":"vermessung","status":"publish","type":"page","link":"https:\/\/www.overline-design.de\/poetry\/?page_id=5401","title":{"rendered":"Vermessung"},"content":{"rendered":"\n<p>Das Wort Vermessung ist doch negativ besetzt,<br>als h\u00e4tte man beim Messen die Werte gesch\u00e4tzt?<br>Jedes Mal, wenn ich ein Schild Vermessung sehe,<br>ich nicht den Grund f\u00fcr das Vermessen verstehe.<br><br>\u201eVermessung\u201c, ein L\u00e4cheln \u00fcbers Gesicht huscht,<br>wurde da wieder beim Messen zu sehr gepfuscht.<br>\u201eGanz genau, gerade gut genug\u201c, hei\u00dft das Motto,<br>denn Messen ist kein Gl\u00fccksspiel, wie beim Lotto.<br><br>Stellt man bei einer Messung ein Vermessen fest,<br>man doch die Messung dann gleich bleiben l\u00e4sst.<br>Alles in Deutschland wird genaustens vermessen,<br>denn Ungenauigkeiten kann man gleich vergessen.<br><br>Wird ein Geb\u00e4ude vermessen, dann man unbestellt,<br>vom Katasteramt daf\u00fcr sofort eine Rechnung erh\u00e4lt.<br>Beim Lageplan, der zum Bebauen wird eingereicht,<br>wird dann vermessen, ob er vom Objekt abweicht.<br><br>Ist es ist zu kurz, dann habe ich mich vermessen<br>und das Teil kann man f\u00fcr den Einsatz vergessen.<br>Ein ganz genaues Messen beim Ausmessen z\u00e4hlt<br>und das die richtige Ma\u00dfeinheit wurde ausgew\u00e4hlt.<br><br>Wenn man sich beim Messen in der L\u00e4nge versieht<br>und weil man den Knick in dem Ma\u00dfband \u00fcbersieht.<br>Wer kennt nicht den Ausspruch, den ich hier zitiere:<br>\u201eDreimal abgeschnitten, zu kurz\u201c, wobei ich verliere.<br><br>Nur um mich zu vermessen, muss ich nicht messen,<br>dann kann ich die Messung besser gleich vergessen.<br>Das richtige messen verlangt eine Messgenauigkeit<br>und zum richtigen messen, da braucht es seine Zeit.<br><br>Die Vermessungseinheit wurde zuvor genau geeicht,<br>damit es nicht von der geeichten Eicheinheit abweicht.<br>Auch bei einer Eichung der Vermessungseinheit z\u00e4hlt,<br>dass man die richtige Eicheinheit hat auch ausgew\u00e4hlt.<strong><br><br><\/strong>Ich hoffe, in der Zukunft wird alles richtig gemessen<br>und nicht zu viel beim Vermessen wurde vermessen.<br>Bei uns ist die Vermessung geregelt und festgelegt,<br>dass sich nichts zu sehr au\u00dferhalb der Norm bewegt.<br><br><strong>\u00a9<\/strong> Rainer Dambroth &#8211; 30.01.2022 &#8211; <strong><a href=\"https:\/\/www.overline-poetry.de\/\">www.overline-poetry.de<\/a><\/strong><br><br><\/p>\n\n\n\n<p><br><\/p>\n\n\n\n<p><br><br><\/p>\n\n\n\n<p><br><br><\/p>\n","protected":false},"excerpt":{"rendered":"<p>Das Wort Vermessung ist doch negativ besetzt,als h\u00e4tte man beim Messen die Werte gesch\u00e4tzt?Jedes Mal, wenn ich ein Schild Vermessung sehe,ich nicht den Grund f\u00fcr das Vermessen verstehe. \u201eVermessung\u201c, ein L\u00e4cheln \u00fcbers Gesicht huscht,wurde da wieder beim Messen zu sehr gepfuscht.\u201eGanz genau, gerade gut genug\u201c, hei\u00dft das Motto,denn Messen ist kein Gl\u00fccksspiel, wie beim Lotto. [&hellip;]<\/p>\n","protected":false},"author":3,"featured_media":0,"parent":0,"menu_order":0,"comment_status":"closed","ping_status":"closed","template":"","meta":{"footnotes":""},"class_list":["post-5401","page","type-page","status-publish","hentry"],"jetpack_sharing_enabled":true,"_links":{"self":[{"href":"https:\/\/www.overline-design.de\/poetry\/index.php?rest_route=\/wp\/v2\/pages\/5401","targetHints":{"allow":["GET"]}}],"collection":[{"href":"https:\/\/www.overline-design.de\/poetry\/index.php?rest_route=\/wp\/v2\/pages"}],"about":[{"href":"https:\/\/www.overline-design.de\/poetry\/index.php?rest_route=\/wp\/v2\/types\/page"}],"author":[{"embeddable":true,"href":"https:\/\/www.overline-design.de\/poetry\/index.php?rest_route=\/wp\/v2\/users\/3"}],"replies":[{"embeddable":true,"href":"https:\/\/www.overline-design.de\/poetry\/index.php?rest_route=%2Fwp%2Fv2%2Fcomments&post=5401"}],"version-history":[{"count":13,"href":"https:\/\/www.overline-design.de\/poetry\/index.php?rest_route=\/wp\/v2\/pages\/5401\/revisions"}],"predecessor-version":[{"id":6061,"href":"https:\/\/www.overline-design.de\/poetry\/index.php?rest_route=\/wp\/v2\/pages\/5401\/revisions\/6061"}],"wp:attachment":[{"href":"https:\/\/www.overline-design.de\/poetry\/index.php?rest_route=%2Fwp%2Fv2%2Fmedia&parent=5401"}],"curies":[{"name":"wp","href":"https:\/\/api.w.org\/{rel}","templated":true}]}}