
{"id":5413,"date":"2022-04-21T17:10:00","date_gmt":"2022-04-21T17:10:00","guid":{"rendered":"https:\/\/www.overline-design.de\/poetry\/?page_id=5413"},"modified":"2022-12-09T08:47:34","modified_gmt":"2022-12-09T08:47:34","slug":"putin-virus","status":"publish","type":"page","link":"https:\/\/www.overline-design.de\/poetry\/?page_id=5413","title":{"rendered":"Putin-Virus"},"content":{"rendered":"\n<p>Hat man sich in den Medien mit dem Putin-Virus infiziert,<br>dann man doch den Blick f\u00fcr die reale Wirklichkeit verliert,<br>so dass einem nur Putins \u201egelogene Wahrheit\u201c interessiert<br>und wenn man das ignoriert, man eine Verhaftung riskiert.<br><br>Das Putin-Virus sich durch Putins L\u00fcgen schnell verbreitet,<br>so dass es die B\u00fcrger zu Fehleinsch\u00e4tzungen dann verleitet.<br>Die Despoten sehen ihr Handeln als eine \u201eFriedensmission\u201c<br>und der Grund, sie wollen ihr Reich noch vergr\u00f6\u00dfern schon.<br><br>Wer Putin als \u201eRausschmei\u00dfer\u201c in seinem Lokal engagiert,<br>au\u00dfer den st\u00f6renden Gast, auch gleich sein Lokal verliert.<br>Denn Putin wird gleich das Lokal dann komplett zerst\u00f6ren<br>und die Einwendungen der Hausbesitzer nicht mehr h\u00f6ren.<br><br>Das Virus kann nur mit dem \u201eTotimpfstoff\u201c entfernt werden.<br>Russland hat damit die meisten Erfahrungen hier auf Erden.<br>Nach Verabreichung eine Heilung vom Putin-Virus besteht<br>und danach gibt es wieder die Hoffnung auf eine Normalit\u00e4t.<br><br>Der \u201eTotimpfstoff\u201c wird den Delinquenten direkt verabreicht,<br>so dass man dann kontrolliert, ob die Wirkung ihn erreicht.<br>Wenn er mit dem \u201eTotimpfstoff\u201c aus dem \u201eLeben scheidet\u201c,<br>dann seid vorsichtig und den Selbstversuch damit vermeidet.<br><br>Beim Angriff der Ukraine wurde das Putin-Virus gefunden.<br>Putin hat sich infiziert und ist an kein V\u00f6lkerrecht gebunden.<br>So konnte er den Krieg als eine Sonderoperation deklarieren<br>und das russische Volk \u00fcber eine Unterst\u00fctzung informieren.<br><br>Den Putin der Protest der freien Staaten nicht interessiert,<br>aber die Unterst\u00fctzung der Ukraine durch die Nato irritiert.<br>Russland droht bei Unterst\u00fctzung mit Einsatz von Nuklear!<br>Ist es ein \u201eBluff\u201c, oder macht er seine Drohung auch wahr?<br><br><strong>\u00a9<\/strong> Rainer Dambroth &#8211; 21.04.2022 &#8211; <strong><a href=\"http:\/\/www.overline-poetry.de\/\">www.overline-poetry.de<\/a><br><\/strong><\/p>\n\n\n\n<p><strong>Weitere Links zum Ukraine-Krieg:<br>\ud83d\udd17<\/strong> <strong><a href=\"https:\/\/www.overline-design.de\/poetry?p=5425\">Putin im &#8222;Blutrausch&#8220;<\/a><br>\ud83d\udd17<\/strong> <strong><a href=\"https:\/\/www.overline-design.de\/poetry\/?p=5080\">Putin und die Ukraine<\/a><br>\ud83d\udd17<\/strong> <strong><a href=\"https:\/\/www.overline-design.de\/poetry\/?p=5116\">Putin, der 3. Weltkrieg?<\/a><br>\ud83d\udd17<\/strong> <strong><a href=\"https:\/\/www.overline-design.de\/poetry?p=5285\">Ukraine, Putins Vasallenstaat?<\/a><br>\ud83d\udd17<\/strong> <strong><a href=\"https:\/\/www.overline-design.de\/poetry?p=5296\">Putin und seine &#8222;Pressefreiheit&#8220;<\/a><br>\ud83d\udd17<\/strong> <strong><a href=\"https:\/\/www.overline-design.de\/poetry\/?p=5266\">Putin und die leeren Gasspeicher<\/a><br>\ud83d\udd17<\/strong> <strong><a href=\"https:\/\/www.overline-design.de\/poetry?p=5231\">Putin, der russische \u201eL\u00fcgenbaron\u201c<\/a><br>\ud83d\udd17<\/strong> <strong><a href=\"https:\/\/www.overline-design.de\/poetry\/?p=5186\">Putin, der russische B\u00e4r(enaufbinder)<\/a><br>\ud83d\udd17<\/strong> <strong><a href=\"https:\/\/www.overline-design.de\/poetry?p=5354\">Putin, der russische \u201eWagner-Dirigent\u201c<\/a><br><br>\ud83d\udd17<\/strong> <strong><a href=\"https:\/\/www.overline-design.de\/poetry\/?p=5216\">Altkanzler Schr\u00f6der und die Ukraine<\/a><br>\ud83d\udd17<\/strong> <strong><a href=\"https:\/\/www.overline-design.de\/poetry\/?p=5279\">Altkanzler Schr\u00f6der \u201eMission Impossible\u201c<\/a><\/strong><\/p>\n\n\n\n<p><br><\/p>\n\n\n\n<figure class=\"wp-block-image\"><img decoding=\"async\" src=\"https:\/\/cdn-icons-png.flaticon.com\/128\/552\/552041.png?ga=GA1.1.1691975765.1646636343\" alt=\"Ukraine\"\/><\/figure>\n\n\n\n<p><strong><br><\/strong><br><\/p>\n","protected":false},"excerpt":{"rendered":"<p>Hat man sich in den Medien mit dem Putin-Virus infiziert,dann man doch den Blick f\u00fcr die reale Wirklichkeit verliert,so dass einem nur Putins \u201egelogene Wahrheit\u201c interessiertund wenn man das ignoriert, man eine Verhaftung riskiert. Das Putin-Virus sich durch Putins L\u00fcgen schnell verbreitet,so dass es die B\u00fcrger zu Fehleinsch\u00e4tzungen dann verleitet.Die Despoten sehen ihr Handeln als [&hellip;]<\/p>\n","protected":false},"author":3,"featured_media":0,"parent":0,"menu_order":0,"comment_status":"closed","ping_status":"closed","template":"","meta":{"footnotes":""},"class_list":["post-5413","page","type-page","status-publish","hentry"],"jetpack_sharing_enabled":true,"_links":{"self":[{"href":"https:\/\/www.overline-design.de\/poetry\/index.php?rest_route=\/wp\/v2\/pages\/5413","targetHints":{"allow":["GET"]}}],"collection":[{"href":"https:\/\/www.overline-design.de\/poetry\/index.php?rest_route=\/wp\/v2\/pages"}],"about":[{"href":"https:\/\/www.overline-design.de\/poetry\/index.php?rest_route=\/wp\/v2\/types\/page"}],"author":[{"embeddable":true,"href":"https:\/\/www.overline-design.de\/poetry\/index.php?rest_route=\/wp\/v2\/users\/3"}],"replies":[{"embeddable":true,"href":"https:\/\/www.overline-design.de\/poetry\/index.php?rest_route=%2Fwp%2Fv2%2Fcomments&post=5413"}],"version-history":[{"count":9,"href":"https:\/\/www.overline-design.de\/poetry\/index.php?rest_route=\/wp\/v2\/pages\/5413\/revisions"}],"predecessor-version":[{"id":6483,"href":"https:\/\/www.overline-design.de\/poetry\/index.php?rest_route=\/wp\/v2\/pages\/5413\/revisions\/6483"}],"wp:attachment":[{"href":"https:\/\/www.overline-design.de\/poetry\/index.php?rest_route=%2Fwp%2Fv2%2Fmedia&parent=5413"}],"curies":[{"name":"wp","href":"https:\/\/api.w.org\/{rel}","templated":true}]}}