
{"id":5415,"date":"2022-04-11T08:25:00","date_gmt":"2022-04-11T08:25:00","guid":{"rendered":"https:\/\/www.overline-design.de\/poetry\/?page_id=5415"},"modified":"2022-09-07T16:33:02","modified_gmt":"2022-09-07T16:33:02","slug":"sonderzug-fuer-prorussische-querdenker","status":"publish","type":"page","link":"https:\/\/www.overline-design.de\/poetry\/?page_id=5415","title":{"rendered":"Sonderzug nach Russland f\u00fcr prorussische Querdenker"},"content":{"rendered":"\n<p>Die prorussischen Querdenker sollten sich mit diesem Sonderzug entfernen,<br>damit sie die russische \u201eWahrheit\u201c \u00fcber den Ukraine-Krieg werden erlernen.<br>Dann k\u00f6nnen sie als \u201eKanonenfutter\u201c f\u00fcr ihr Idol k\u00e4mpfen im Ukraine-Krieg<br>und auch unterst\u00fctzen mit ihrem Leben Russland beim \u201ezweifelhaften Sieg\u201c.<br><br>Sie werden dann die \u201eblutige Wahrheit\u201c \u00fcber Putins Angriffskrieg erkennen<br>und werden Putins Ukraine-Krieg nicht mehr als eine Pressel\u00fcge benennen.<br>Der russische Angriff wird in den Medien dargestellt als \u201eSonderoperation\u201c,<br>denn man will doch nur die Ukraine \u201eentnazifizieren\u201c und das war es schon.<br><br>Die Querdenker bezichtigen unsere Presse, sie verbreitet doch nur L\u00fcgen<br>und beschimpfen unsere demokratische Regierung, man will sie betr\u00fcgen.<br>Sie leben hier und genie\u00dfen in Freiheit alle Vorteile der freien Demokratie,<br>aber sie wollen aber ein Regierungssystem wie in Russland, die Autokratie.<br><br>Wenn sie dann in Russland in gro\u00dfen Formationen wollen demonstrieren,<br>dann werden sie sehen, wie sie in einer Autokratie ihre Rechte verlieren.<br>Nur in einer Demokratie k\u00f6nnen sie ihre Demonstrationsfreiheit ben\u00fctzen,<br>dann wird man sie mit Polizeigewalt begleiten und ihre Rechte sch\u00fctzen.<br><br><strong>\u00a9<\/strong> Rainer Dambroth &#8211; 11.04.2022 &#8211; <strong><a href=\"https:\/\/www.overline-poetry.de\/\">www.overline-poetry.de<\/a><\/strong><br><\/p>\n\n\n\n<figure class=\"wp-block-image\"><img decoding=\"async\" src=\"https:\/\/cdn-icons-png.flaticon.com\/128\/552\/552041.png?ga=GA1.1.1691975765.1646636343\" alt=\"Ukraine\"\/><\/figure>\n","protected":false},"excerpt":{"rendered":"<p>Die prorussischen Querdenker sollten sich mit diesem Sonderzug entfernen,damit sie die russische \u201eWahrheit\u201c \u00fcber den Ukraine-Krieg werden erlernen.Dann k\u00f6nnen sie als \u201eKanonenfutter\u201c f\u00fcr ihr Idol k\u00e4mpfen im Ukraine-Kriegund auch unterst\u00fctzen mit ihrem Leben Russland beim \u201ezweifelhaften Sieg\u201c. Sie werden dann die \u201eblutige Wahrheit\u201c \u00fcber Putins Angriffskrieg erkennenund werden Putins Ukraine-Krieg nicht mehr als eine Pressel\u00fcge [&hellip;]<\/p>\n","protected":false},"author":3,"featured_media":0,"parent":0,"menu_order":0,"comment_status":"closed","ping_status":"closed","template":"","meta":{"footnotes":""},"class_list":["post-5415","page","type-page","status-publish","hentry"],"jetpack_sharing_enabled":true,"_links":{"self":[{"href":"https:\/\/www.overline-design.de\/poetry\/index.php?rest_route=\/wp\/v2\/pages\/5415","targetHints":{"allow":["GET"]}}],"collection":[{"href":"https:\/\/www.overline-design.de\/poetry\/index.php?rest_route=\/wp\/v2\/pages"}],"about":[{"href":"https:\/\/www.overline-design.de\/poetry\/index.php?rest_route=\/wp\/v2\/types\/page"}],"author":[{"embeddable":true,"href":"https:\/\/www.overline-design.de\/poetry\/index.php?rest_route=\/wp\/v2\/users\/3"}],"replies":[{"embeddable":true,"href":"https:\/\/www.overline-design.de\/poetry\/index.php?rest_route=%2Fwp%2Fv2%2Fcomments&post=5415"}],"version-history":[{"count":4,"href":"https:\/\/www.overline-design.de\/poetry\/index.php?rest_route=\/wp\/v2\/pages\/5415\/revisions"}],"predecessor-version":[{"id":5918,"href":"https:\/\/www.overline-design.de\/poetry\/index.php?rest_route=\/wp\/v2\/pages\/5415\/revisions\/5918"}],"wp:attachment":[{"href":"https:\/\/www.overline-design.de\/poetry\/index.php?rest_route=%2Fwp%2Fv2%2Fmedia&parent=5415"}],"curies":[{"name":"wp","href":"https:\/\/api.w.org\/{rel}","templated":true}]}}