
{"id":5452,"date":"2022-04-11T07:43:00","date_gmt":"2022-04-11T07:43:00","guid":{"rendered":"https:\/\/www.overline-design.de\/poetry\/?page_id=5452"},"modified":"2022-08-21T10:56:14","modified_gmt":"2022-08-21T10:56:14","slug":"demonstrationen-in-russland","status":"publish","type":"page","link":"https:\/\/www.overline-design.de\/poetry\/?page_id=5452","title":{"rendered":"Demonstrationen in Russland"},"content":{"rendered":"\n<p>Der russische Pr\u00e4sident ist gr\u00f6\u00dfenwahnsinnig und paranoid,<br>aber bekommt die russische Bev\u00f6lkerung es eigentlich mit?<br>Viele Russen ihren Pr\u00e4sidenten wie ein Superheld verehren,<br>wenn sie gut integriert und m\u00fcssen nicht zu viel entbehren.<br><br>Sie glauben, was ihr Pr\u00e4sident ihnen an Wahrheit zugedacht<br>und es scheint ihnen egal, wo ihr Pr\u00e4sident die Kriege macht.<br>Die, ihren Kopf zum Denken nutzen und nicht nur zum Essen,<br>die w\u00fcrden ihren hochgelobten Pr\u00e4sidenten lieber vergessen.<br><br>Wenn einige Menschen nur in einer Gruppe zusammen stehen,<br>dann wird man in Russland das als Demonstration dann sehen.<br>Man sollte beim Einstieg in die Bahn Gruppenbildung meiden,<br>von der Polizei nicht erw\u00fcnscht, wird man es einem verleiden.<br><br>Mit einem wei\u00dfen Zettel ohne Beschriftung kommt die Polizei,<br>aber warum ist bei einem leeren Zettel eine Gef\u00e4hrdung dabei?<br>Putin leidet unter Verfolgungswahn und kann es nicht ertragen,<br>wenn B\u00fcrger \u00f6ffentlich \u00fcber den Despoten ihre Meinung sagen.<br><br>Bei Putin liegt aufgrund der Misserfolge schon die Nerven blank,<br>aber ich w\u00fcrde eher behaupten, der Putin ist doch geisteskrank.<br>Denn ein Volk zu vernichten und ein freies Land so zu zerst\u00f6ren,<br>das macht die freien Staaten so hilflos und lassen sie emp\u00f6ren.<br><br>Bei der Spezialoperation in der Ukraine, eine \u201eEntnazifizierung\u201c.<br>so wird der Angriffskrieg genannt von der russischen Regierung.<br>Putin hat schon bei seinen \u201eKlassenfreunden\u201c Hilfe angefordert<br>und h\u00e4tte gerne in China Hilfe f\u00fcr die Friedensmission geordert.<br><br>Den Despoten Putin die Gier nach einem gro\u00dfen Reich antreibt<br>und er sich auch ganz selbstverst\u00e4ndlich die Ukraine einverleibt.<br>Ob es den ukrainischen B\u00fcrgern in dem freien Land auch gef\u00e4llt,<br>dass man sie ungefragt der russischen Regentschaft unterstellt.<br><br><strong>\u00a9<\/strong> Rainer Dambroth &#8211; 11.04.2022 &#8211; <strong><a href=\"http:\/\/www.overline-poetry.de\/\">www.overline-poetry.de<\/a><\/strong><br><\/p>\n\n\n\n<figure class=\"wp-block-image\"><img decoding=\"async\" src=\"https:\/\/cdn-icons-png.flaticon.com\/128\/552\/552041.png?ga=GA1.1.1691975765.1646636343\" alt=\"Ukraine\"\/><\/figure>\n","protected":false},"excerpt":{"rendered":"<p>Der russische Pr\u00e4sident ist gr\u00f6\u00dfenwahnsinnig und paranoid,aber bekommt die russische Bev\u00f6lkerung es eigentlich mit?Viele Russen ihren Pr\u00e4sidenten wie ein Superheld verehren,wenn sie gut integriert und m\u00fcssen nicht zu viel entbehren. Sie glauben, was ihr Pr\u00e4sident ihnen an Wahrheit zugedachtund es scheint ihnen egal, wo ihr Pr\u00e4sident die Kriege macht.Die, ihren Kopf zum Denken nutzen und [&hellip;]<\/p>\n","protected":false},"author":3,"featured_media":0,"parent":0,"menu_order":0,"comment_status":"closed","ping_status":"closed","template":"","meta":{"footnotes":""},"class_list":["post-5452","page","type-page","status-publish","hentry"],"jetpack_sharing_enabled":true,"_links":{"self":[{"href":"https:\/\/www.overline-design.de\/poetry\/index.php?rest_route=\/wp\/v2\/pages\/5452","targetHints":{"allow":["GET"]}}],"collection":[{"href":"https:\/\/www.overline-design.de\/poetry\/index.php?rest_route=\/wp\/v2\/pages"}],"about":[{"href":"https:\/\/www.overline-design.de\/poetry\/index.php?rest_route=\/wp\/v2\/types\/page"}],"author":[{"embeddable":true,"href":"https:\/\/www.overline-design.de\/poetry\/index.php?rest_route=\/wp\/v2\/users\/3"}],"replies":[{"embeddable":true,"href":"https:\/\/www.overline-design.de\/poetry\/index.php?rest_route=%2Fwp%2Fv2%2Fcomments&post=5452"}],"version-history":[{"count":8,"href":"https:\/\/www.overline-design.de\/poetry\/index.php?rest_route=\/wp\/v2\/pages\/5452\/revisions"}],"predecessor-version":[{"id":5836,"href":"https:\/\/www.overline-design.de\/poetry\/index.php?rest_route=\/wp\/v2\/pages\/5452\/revisions\/5836"}],"wp:attachment":[{"href":"https:\/\/www.overline-design.de\/poetry\/index.php?rest_route=%2Fwp%2Fv2%2Fmedia&parent=5452"}],"curies":[{"name":"wp","href":"https:\/\/api.w.org\/{rel}","templated":true}]}}