
{"id":5481,"date":"2022-04-24T17:19:00","date_gmt":"2022-04-24T17:19:00","guid":{"rendered":"https:\/\/www.overline-design.de\/poetry\/?page_id=5481"},"modified":"2022-04-26T13:31:17","modified_gmt":"2022-04-26T13:31:17","slug":"vive-la-france","status":"publish","type":"page","link":"https:\/\/www.overline-design.de\/poetry\/?page_id=5481","title":{"rendered":"Vive la France &#8211; Lang lebe Frankreich"},"content":{"rendered":"\n<p><strong><br><\/strong><br><\/p>\n\n\n\n<p>Es siegte mit dem Votum f\u00fcr <strong>Macron<\/strong> die Stimme der Vernunft<br>und die demokratischen Gemeinsamkeiten f\u00fcr Europas Zukunft.<br>Die Franzosen wollten nicht eine von <strong>Le Pen<\/strong> regierte Autokratie,<br>sondern haben sich entschieden f\u00fcr Freiheit und die Demokratie.<br><br>Warum gibt es einen hohen Zuspruch f\u00fcr die \u201eRechtsextremit\u00e4t<em>\u201c<\/em>?<br>Was hoffen die Franzosen von <strong>Le Pen<\/strong>, dass es ihnen besser geht?<br>Was lehrt uns die Geschichte, die deutsche \u201edunkle Vergangenheit\u201c,<br>dass die \u201eRechtsdynamik\u201c dreht sich sehr schnell und geht zu weit!<br><br>Wer f\u00fcr die <strong>Le Pen<\/strong> f\u00fcr ein autokratisches Frankreich wird votieren,<br>der wird seine Freiheit durch das Kreuz f\u00fcr <strong>Le Pen<\/strong> dann verlieren.<br>Wie es sich in einer Autokratie lebt, kann man in Russland erleben,<br>da regiert der Autokrat und es wird keine Demokratie mehr geben.<br><br>Mit dem Kreuz f\u00fcr <strong>Macron<\/strong> durchkreuzte man die Pl\u00e4ne von Putin,<br>denn er hatte mit der Unterst\u00fctzung von <strong>Le Pen<\/strong> eines fest im Sinn.<br>Der Despot Putin wollte Europa entzweien und auch die EU spalten,<br>dann k\u00f6nnte er Frankreich von Russland aus lenken und verwalten.<br><br>Die Wahl von <strong>Macron<\/strong> ist f\u00fcr die Freiheit und Demokratie ein Sieg,<br>denn auch die Franzose wollen in Frieden leben und keinen Krieg.<br>Wie auch in jeder Demokratie, wird es immer Kritikpunkte geben.<br>Wichtig ist, die freie Meinung und in Freiheit ohne Grenzen leben!<br><br><strong>\u00a9 Rainer Dambroth &#8211; 24.04.2022 &#8211; <a href=\"http:\/\/www.overline-poetry.de\/\">www.overline-poetry.de<\/a><\/strong><\/p>\n\n\n\n<p><strong><br><\/strong><br><strong>Liberte Egalite Fraternite<\/strong> (<strong>Freiheit, Gleichheit, Br\u00fcderlichkeit<\/strong>) <\/p>\n\n\n\n<figure class=\"wp-block-image\"><img decoding=\"async\" src=\"https:\/\/www.overline-design.de\/poetry\/wp-content\/uploads\/2022\/04\/image.jpeg\" alt=\"Dieses Bild hat ein leeres Alt-Attribut. Der Dateiname ist image.jpeg\"\/><\/figure>\n","protected":false},"excerpt":{"rendered":"<p>Es siegte mit dem Votum f\u00fcr Macron die Stimme der Vernunftund die demokratischen Gemeinsamkeiten f\u00fcr Europas Zukunft.Die Franzosen wollten nicht eine von Le Pen regierte Autokratie,sondern haben sich entschieden f\u00fcr Freiheit und die Demokratie. Warum gibt es einen hohen Zuspruch f\u00fcr die \u201eRechtsextremit\u00e4t\u201c?Was hoffen die Franzosen von Le Pen, dass es ihnen besser geht?Was lehrt [&hellip;]<\/p>\n","protected":false},"author":3,"featured_media":0,"parent":0,"menu_order":0,"comment_status":"closed","ping_status":"closed","template":"","meta":{"footnotes":""},"class_list":["post-5481","page","type-page","status-publish","hentry"],"jetpack_sharing_enabled":true,"_links":{"self":[{"href":"https:\/\/www.overline-design.de\/poetry\/index.php?rest_route=\/wp\/v2\/pages\/5481","targetHints":{"allow":["GET"]}}],"collection":[{"href":"https:\/\/www.overline-design.de\/poetry\/index.php?rest_route=\/wp\/v2\/pages"}],"about":[{"href":"https:\/\/www.overline-design.de\/poetry\/index.php?rest_route=\/wp\/v2\/types\/page"}],"author":[{"embeddable":true,"href":"https:\/\/www.overline-design.de\/poetry\/index.php?rest_route=\/wp\/v2\/users\/3"}],"replies":[{"embeddable":true,"href":"https:\/\/www.overline-design.de\/poetry\/index.php?rest_route=%2Fwp%2Fv2%2Fcomments&post=5481"}],"version-history":[{"count":14,"href":"https:\/\/www.overline-design.de\/poetry\/index.php?rest_route=\/wp\/v2\/pages\/5481\/revisions"}],"predecessor-version":[{"id":5504,"href":"https:\/\/www.overline-design.de\/poetry\/index.php?rest_route=\/wp\/v2\/pages\/5481\/revisions\/5504"}],"wp:attachment":[{"href":"https:\/\/www.overline-design.de\/poetry\/index.php?rest_route=%2Fwp%2Fv2%2Fmedia&parent=5481"}],"curies":[{"name":"wp","href":"https:\/\/api.w.org\/{rel}","templated":true}]}}