
{"id":5516,"date":"2022-04-24T17:10:00","date_gmt":"2022-04-24T17:10:00","guid":{"rendered":"https:\/\/www.overline-design.de\/poetry\/?page_id=5516"},"modified":"2022-12-11T08:32:49","modified_gmt":"2022-12-11T08:32:49","slug":"putin-und-seine-atombomben","status":"publish","type":"page","link":"https:\/\/www.overline-design.de\/poetry\/?page_id=5516","title":{"rendered":"Putin und seine Atomschlagdrohung"},"content":{"rendered":"\n<p>Putin sehr gerne mit dem Einsatz von Atombomben prahlt,<br>aber wo will er leben, wenn die gesamte Erde ist verstrahlt.<br>Den Rest seines Leben im Keller des Kremls zu verbringen?<br>Er sucht noch ein \u201efreies Land\u201c, was er k\u00f6nnte bezwingen!<br><br>Ist eine Atombombe in Richtung Ukraine erst abgeschossen,<br>dann macht das die EU und die Nato schon sehr verdrossen.<br>Wenn die Menschen in der verstrahlten Erde dann verwesen,<br>wer soll Putin dann bewundern und seine Kriegserfolge lesen.<br><br>Der Despot Putin taktiert gegen\u00fcber dem Westen geschickt<br>und Putin ist trotz seiner Ank\u00fcndigungen nicht ganz verr\u00fcckt.<br>Wie er gegen\u00fcber der EU und der Nato vorher angek\u00fcndigt,<br>hat er sich an den Menschen der Ukraine brutal vers\u00fcndigt.<br><br>Putin braucht die Oligarchen, die ihm \u201eaus der Hand fressen\u201c.<br>verfolgt aber bei allen Taten ausschlie\u00dflich seine Interessen.<br>Da werden die Oligarchen zum Rapport nach Moskau zitiert<br>und wer nicht \u201enach seiner Pfeife tanzt\u201c, der dann verliert.<br><br>Putin sich gerne in den Medien und \u00d6ffentlichkeit inszeniert,<br>die Wahrnehmung bei dem russischen Volk ihn interessiert.<br>Er braucht das \u201eBad in der Menge\u201c und genie\u00dft den Applaus.<br>Wer nicht auf Befehl funktioniert, den macht er den Garaus.<br><br>Putin ist machtbesessen und jeder Widerspruch ihn irritiert,<br>die Drohungen mit einer Vergeltung sind von ihm inszeniert.<br>Er hofft analog wie bei: \u201eDas Kaninchen und die Schlange\u201c,<br>die EU und die Nato z\u00f6gern mit Waffenlieferung sehr lange.<br><br>Das die EU und die Nato der Ukraine helfen bei dem Krieg,<br>verz\u00f6gern bei Putins \u201eSpezialoperation\u201c den schnellen Sieg.<br>So droht er auch, mit den Einsatz von Waffen mit Nuklear.<br>Bei Putin wei\u00df man nie, ob er seine Drohungen macht wahr.<br><br><strong>\u00a9<\/strong> Rainer Dambroth &#8211; 24.04.2022 &#8211; <strong><a href=\"http:\/\/www.overline-poetry.de\/\">www.overline-poetry.de<\/a><\/strong><br><br><\/p>\n\n\n\n<p><strong>Weitere Links zum Ukraine-Krieg:<br><br>\ud83d\udd17<\/strong> <strong><a href=\"https:\/\/www.overline-design.de\/poetry?p=5425\">Putin im &#8222;Blutrausch&#8220;<\/a><br>\ud83d\udd17<\/strong> <strong><a href=\"https:\/\/www.overline-design.de\/poetry\/?p=5080\">Putin und die Ukraine<\/a><br>\ud83d\udd17<\/strong> <strong><a href=\"https:\/\/www.overline-design.de\/poetry\/?p=5116\">Putin, der 3. Weltkrieg?<\/a><br>\ud83d\udd17<\/strong> <strong><a href=\"https:\/\/www.overline-design.de\/poetry?p=5285\">Ukraine, Putins Vasallenstaat?<\/a><br>\ud83d\udd17<\/strong> <strong><a href=\"https:\/\/www.overline-design.de\/poetry?p=5296\">Putin und seine &#8222;Pressefreiheit&#8220;<\/a><br>\ud83d\udd17<\/strong> <strong><a href=\"https:\/\/www.overline-design.de\/poetry\/?p=5266\">Putin und die leeren Gasspeicher<\/a><br>\ud83d\udd17<\/strong> <strong><a href=\"https:\/\/www.overline-design.de\/poetry?p=5231\">Putin, der russische \u201eL\u00fcgenbaron\u201c<\/a><br>\ud83d\udd17<\/strong> <strong><a href=\"https:\/\/www.overline-design.de\/poetry\/?p=5186\">Putin, der russische B\u00e4r(enaufbinder)<\/a><br>\ud83d\udd17<\/strong> <strong><a href=\"https:\/\/www.overline-design.de\/poetry?p=5354\">Putin, der russische \u201eWagner-Dirigent\u201c<\/a><br><br>\ud83d\udd17<\/strong> <strong><a href=\"https:\/\/www.overline-design.de\/poetry\/?p=5216\">Altkanzler Schr\u00f6der und die Ukraine<\/a><br>\ud83d\udd17<\/strong> <strong><a href=\"https:\/\/www.overline-design.de\/poetry\/?p=5279\">Altkanzler Schr\u00f6der \u201eMission Impossible\u201c<\/a><\/strong><br><\/p>\n\n\n\n<figure class=\"wp-block-image\"><img decoding=\"async\" src=\"https:\/\/cdn-icons-png.flaticon.com\/128\/552\/552041.png?ga=GA1.1.1691975765.1646636343\" alt=\"Ukraine\"\/><\/figure>\n","protected":false},"excerpt":{"rendered":"<p>Putin sehr gerne mit dem Einsatz von Atombomben prahlt,aber wo will er leben, wenn die gesamte Erde ist verstrahlt.Den Rest seines Leben im Keller des Kremls zu verbringen?Er sucht noch ein \u201efreies Land\u201c, was er k\u00f6nnte bezwingen! Ist eine Atombombe in Richtung Ukraine erst abgeschossen,dann macht das die EU und die Nato schon sehr verdrossen.Wenn [&hellip;]<\/p>\n","protected":false},"author":3,"featured_media":0,"parent":0,"menu_order":0,"comment_status":"closed","ping_status":"closed","template":"","meta":{"footnotes":""},"class_list":["post-5516","page","type-page","status-publish","hentry"],"jetpack_sharing_enabled":true,"_links":{"self":[{"href":"https:\/\/www.overline-design.de\/poetry\/index.php?rest_route=\/wp\/v2\/pages\/5516","targetHints":{"allow":["GET"]}}],"collection":[{"href":"https:\/\/www.overline-design.de\/poetry\/index.php?rest_route=\/wp\/v2\/pages"}],"about":[{"href":"https:\/\/www.overline-design.de\/poetry\/index.php?rest_route=\/wp\/v2\/types\/page"}],"author":[{"embeddable":true,"href":"https:\/\/www.overline-design.de\/poetry\/index.php?rest_route=\/wp\/v2\/users\/3"}],"replies":[{"embeddable":true,"href":"https:\/\/www.overline-design.de\/poetry\/index.php?rest_route=%2Fwp%2Fv2%2Fcomments&post=5516"}],"version-history":[{"count":6,"href":"https:\/\/www.overline-design.de\/poetry\/index.php?rest_route=\/wp\/v2\/pages\/5516\/revisions"}],"predecessor-version":[{"id":6513,"href":"https:\/\/www.overline-design.de\/poetry\/index.php?rest_route=\/wp\/v2\/pages\/5516\/revisions\/6513"}],"wp:attachment":[{"href":"https:\/\/www.overline-design.de\/poetry\/index.php?rest_route=%2Fwp%2Fv2%2Fmedia&parent=5516"}],"curies":[{"name":"wp","href":"https:\/\/api.w.org\/{rel}","templated":true}]}}