
{"id":5713,"date":"2022-08-04T16:32:54","date_gmt":"2022-08-04T16:32:54","guid":{"rendered":"https:\/\/www.overline-design.de\/poetry\/?page_id=5713"},"modified":"2025-02-19T07:20:59","modified_gmt":"2025-02-19T07:20:59","slug":"bauernschlaeue-und-bauerntreue","status":"publish","type":"page","link":"https:\/\/www.overline-design.de\/poetry\/?page_id=5713","title":{"rendered":"\u201eBauernschl\u00e4ue\u201c und &#8222;Bauerntreue&#8220;"},"content":{"rendered":"\n<p>\u201eBauernschl\u00e4ue\u201c ist nicht der beste Weg zur \u201eBauerntreue\u201c!<br>Worauf ich mich bei meinem Bauern des Vertrauens freue,<br>wird doch nicht besser, durch die sogenannte \u201eBauerschl\u00e4ue\u201c.<br>Bei der Qualit\u00e4t betrogen, dann ist vorbei mit \u201eBauerntreue\u201c!<br><br>Auf dem Wochenmarkt will ich Produkte aus eigenem Stall,<br>denn Tiere aus der Massentierfabrik will ich auf keinem Fall.<br>Obst von eigenen B\u00e4umen oder Gem\u00fcse vom eigenen Feld,<br>diese heimischen Produkte d\u00fcrfen kosten etwas mehr Geld.<br><br>Weil die Kunden sich an der besseren Qualit\u00e4t orientieren,<br>gehen sie zum Markt, wo die Anbieter selbst produzieren.<br>Kommt Ware aus der Massenfabrik oder aus weiter Ferne,<br>dass wollen die Wochenmarktkunden doch nicht so gerne.<br><br>Ein Schlachter erkl\u00e4rt seinen Kunden doch \u201efrank und frei\u201c,<br>dass das Kotelett von einem Schwein mit freien Auslauf sei.<br>Ein Schwein er jede Woche bei einem Verwandten bestellt,<br>darum kosten die Koteletts bei ihm auch etwas mehr Geld.<br><br>Wenn die angebotenen Koteletts von nur einem Schwein,<br>dann m\u00fcsste das Schwein schon etliche Meter l\u00e4nger sein.<br>Oder die Muttersau wurde dann mit einer Schlange gepaart,<br>damit es so viele Koteletts, worauf der Schlachter beharrt.<br><br>Auch erlebt auf einem Wochenmarkt zu der Weihnachtszeit:<br>Der Anbieter hielt Gefl\u00fcgel aus b\u00e4uerlichen Haltung bereit.<br>Als die Enten, Puten und G\u00e4nse waren ausverkauft dann,<br>bot er Gefl\u00fcgel vom Supermarkt als b\u00e4uerliche Haltung an.<br><br>So etwas will man bei einem Markth\u00e4ndler nicht erleben<br>und so etwas darf es auf einem Wochenmarkt nicht geben.<br>Denn ist verloren vom Kunden der \u201eVertrauensvorschuss\u201c,<br>ist mit dem Einkauf auf dem Wochenmarkt dann Schluss.<\/p>\n\n\n\n<p>Die Standbetreiber nach der Herkunft der Waren fragen<br>und auch die Haltungsform der Tiere lass dir doch sagen.<br>Bei Eiern z\u00e4hlt das H\u00fchnerleben und nicht nur ob frisch,<br>denn du willst wissen, was kommt bei dir auf dem Tisch.<br><br><strong>\u00a9<\/strong> Rainer Dambroth &#8211; 04.08.2022 &#8211; <strong><a href=\"http:\/\/www.overline-poetry.de\/\">www.overline-poetry.de<\/a><\/strong><\/p>\n\n\n\n<p>\ud83d\udd17 <a rel=\"noreferrer noopener\" href=\"https:\/\/www.overline-design.de\/poetry\/?page_id=2642\" data-type=\"URL\" data-id=\"https:\/\/www.overline-design.de\/poetry\/?page_id=2642\" target=\"_blank\"><strong>B\u00e4uerliche Tierhaltung<\/strong><\/a><\/p>\n","protected":false},"excerpt":{"rendered":"<p>\u201eBauernschl\u00e4ue\u201c ist nicht der beste Weg zur \u201eBauerntreue\u201c!Worauf ich mich bei meinem Bauern des Vertrauens freue,wird doch nicht besser, durch die sogenannte \u201eBauerschl\u00e4ue\u201c.Bei der Qualit\u00e4t betrogen, dann ist vorbei mit \u201eBauerntreue\u201c! Auf dem Wochenmarkt will ich Produkte aus eigenem Stall,denn Tiere aus der Massentierfabrik will ich auf keinem Fall.Obst von eigenen B\u00e4umen oder Gem\u00fcse vom [&hellip;]<\/p>\n","protected":false},"author":3,"featured_media":0,"parent":0,"menu_order":0,"comment_status":"closed","ping_status":"closed","template":"","meta":{"footnotes":""},"class_list":["post-5713","page","type-page","status-publish","hentry"],"jetpack_sharing_enabled":true,"_links":{"self":[{"href":"https:\/\/www.overline-design.de\/poetry\/index.php?rest_route=\/wp\/v2\/pages\/5713","targetHints":{"allow":["GET"]}}],"collection":[{"href":"https:\/\/www.overline-design.de\/poetry\/index.php?rest_route=\/wp\/v2\/pages"}],"about":[{"href":"https:\/\/www.overline-design.de\/poetry\/index.php?rest_route=\/wp\/v2\/types\/page"}],"author":[{"embeddable":true,"href":"https:\/\/www.overline-design.de\/poetry\/index.php?rest_route=\/wp\/v2\/users\/3"}],"replies":[{"embeddable":true,"href":"https:\/\/www.overline-design.de\/poetry\/index.php?rest_route=%2Fwp%2Fv2%2Fcomments&post=5713"}],"version-history":[{"count":14,"href":"https:\/\/www.overline-design.de\/poetry\/index.php?rest_route=\/wp\/v2\/pages\/5713\/revisions"}],"predecessor-version":[{"id":9972,"href":"https:\/\/www.overline-design.de\/poetry\/index.php?rest_route=\/wp\/v2\/pages\/5713\/revisions\/9972"}],"wp:attachment":[{"href":"https:\/\/www.overline-design.de\/poetry\/index.php?rest_route=%2Fwp%2Fv2%2Fmedia&parent=5713"}],"curies":[{"name":"wp","href":"https:\/\/api.w.org\/{rel}","templated":true}]}}