
{"id":5718,"date":"2022-08-04T08:25:06","date_gmt":"2022-08-04T08:25:06","guid":{"rendered":"https:\/\/www.overline-design.de\/poetry\/?page_id=5718"},"modified":"2022-08-08T09:57:56","modified_gmt":"2022-08-08T09:57:56","slug":"christian-lindner-und-sein-porsche-gate","status":"publish","type":"page","link":"https:\/\/www.overline-design.de\/poetry\/?page_id=5718","title":{"rendered":"Christian Lindner und sein Porschegate"},"content":{"rendered":"\n<p>Wenn ich den Christian Lindner bei seinen Aktionen seh&#8216;,<br>denke ich, er w\u00e4re Student und als Praktikant bei der FDP.<br>Wenig professionell sch\u00fctzt er das Geld der Reichen nur,<br>was die \u201eGerechtigkeit\u201c angeht, schaltet er dann auf stur.<br><br>Als der passionierte Porschefahrer und Porsche Lobbyist,<br>er gegen das Ende der von ihm genutzten Verbrenner ist.<br>Dieses stellt er in seiner \u00fcbersch\u00e4tzten Macht dann klar<br>und die Autohersteller glauben, er macht es auch wahr.<br><br>Nur er muss aufpassen, dass sich \u201edas Blatt nicht dreht\u201c<br>und seine Unterst\u00fctzung wird dann zu einem Porschegate.<br>Sein Mentor, Wolfgang Kubicki, ihn vor B\u00f6sem besch\u00fctzt,<br>aber es wird nicht helfen, wenn er die Macht falsch n\u00fctzt.<br><br><strong>\u00a9<\/strong> Rainer Dambroth &#8211; 04.08.2022 &#8211; <strong><a href=\"http:\/\/www.overline-poetry.de\/\">www.overline-poetry.de<\/a><\/strong><br><br>\ud83d\udd17 <a href=\"https:\/\/www.overline-design.de\/poetry\/?page_id=5640\" data-type=\"URL\" data-id=\"https:\/\/www.overline-design.de\/poetry\/?page_id=5640\"><strong>FDP &#8211; Partei der Mitte?<\/strong><\/a><\/p>\n","protected":false},"excerpt":{"rendered":"<p>Wenn ich den Christian Lindner bei seinen Aktionen seh&#8216;,denke ich, er w\u00e4re Student und als Praktikant bei der FDP.Wenig professionell sch\u00fctzt er das Geld der Reichen nur,was die \u201eGerechtigkeit\u201c angeht, schaltet er dann auf stur. Als der passionierte Porschefahrer und Porsche Lobbyist,er gegen das Ende der von ihm genutzten Verbrenner ist.Dieses stellt er in seiner [&hellip;]<\/p>\n","protected":false},"author":3,"featured_media":0,"parent":0,"menu_order":0,"comment_status":"closed","ping_status":"closed","template":"","meta":{"footnotes":""},"class_list":["post-5718","page","type-page","status-publish","hentry"],"jetpack_sharing_enabled":true,"_links":{"self":[{"href":"https:\/\/www.overline-design.de\/poetry\/index.php?rest_route=\/wp\/v2\/pages\/5718","targetHints":{"allow":["GET"]}}],"collection":[{"href":"https:\/\/www.overline-design.de\/poetry\/index.php?rest_route=\/wp\/v2\/pages"}],"about":[{"href":"https:\/\/www.overline-design.de\/poetry\/index.php?rest_route=\/wp\/v2\/types\/page"}],"author":[{"embeddable":true,"href":"https:\/\/www.overline-design.de\/poetry\/index.php?rest_route=\/wp\/v2\/users\/3"}],"replies":[{"embeddable":true,"href":"https:\/\/www.overline-design.de\/poetry\/index.php?rest_route=%2Fwp%2Fv2%2Fcomments&post=5718"}],"version-history":[{"count":6,"href":"https:\/\/www.overline-design.de\/poetry\/index.php?rest_route=\/wp\/v2\/pages\/5718\/revisions"}],"predecessor-version":[{"id":5760,"href":"https:\/\/www.overline-design.de\/poetry\/index.php?rest_route=\/wp\/v2\/pages\/5718\/revisions\/5760"}],"wp:attachment":[{"href":"https:\/\/www.overline-design.de\/poetry\/index.php?rest_route=%2Fwp%2Fv2%2Fmedia&parent=5718"}],"curies":[{"name":"wp","href":"https:\/\/api.w.org\/{rel}","templated":true}]}}