
{"id":5820,"date":"2022-08-20T16:04:27","date_gmt":"2022-08-20T16:04:27","guid":{"rendered":"https:\/\/www.overline-design.de\/poetry\/?page_id=5820"},"modified":"2022-12-09T09:39:25","modified_gmt":"2022-12-09T09:39:25","slug":"preisexplosion-und-gewichtsreduktion","status":"publish","type":"page","link":"https:\/\/www.overline-design.de\/poetry\/?page_id=5820","title":{"rendered":"Preisexplosion und Gewichtsreduktion!"},"content":{"rendered":"\n<p>Um die Verbraucher bei dem Einkauf nicht zu stark zu br\u00fcskieren<br>und durch zu hohe Preissteigerungen als Kunden dann zu verlieren,<br>werden ganz geschickt einfach die Produkteinwaagen reduziert,<br>damit der Verbraucher bleibt an diesem Produkt auch interessiert.<br><br>So selbst erlebt beim letzten Einkauf bei einem \u201eFrischeprodukt\u201c,<br>denn wir haben irritiert auf den Preis und die Einwaage geguckt!<br>So wurde das Gewicht dann einfach von 250 auf 200 reduziert<br>und au\u00dferdem dann noch der Preis leicht nach oben \u201ekorrigiert\u201c.<br><br>So hofft der Markt und die Produktion: \u201eDas merkt doch keiner\u201c,<br>aber so wird das Vertrauen in Markt und Produktion nur kleiner.<br>Manchmal sind es bei den Gewichten nur minimale Reduktionen,<br>aber bei der Produktionsmenge scheint es sich doch zu lohnen.<br><br>Im n\u00e4chsten Markt ist die Einwaage f\u00fcr dieses Produkt geblieben,<br>aber der Preis f\u00fcr dieses Produkt wurde stark nach oben getrieben.<br>So wird der w\u00f6chentliche Einkauf auch noch zum \u201eRechenspiel\u201c,<br>aber in den Einkaufswagen geblickt, ist darin nicht mehr so viel.<br><br>Als n\u00e4chstes werden die Einkaufswagen oder K\u00f6rbe dann reduziert,<br>so dass der Verbraucher beim Wageninhalt nicht zu sehr ist irritiert.<br>Vor der Zeit konnte man den Einkaufswagen gef\u00fcllt noch schieben,<br>aber heute fragt man sich, wo sind meine Waren blo\u00df geblieben.<br><br>Der Einkaufswagen ist nicht gut gef\u00fcllt, weil der Geldbeutel ist leer!<br>So ist der w\u00f6chentliche Gang zum Einkauf dann schon sehr schwer.<br>Wenn der K\u00fchlschrank bleibt leer, dann bleibt der Magen auch leer<br>und die steigenden Energiekosten dr\u00fccken den Magen umso mehr.<br><br>Diese Situation nennt man sprichw\u00f6rtlich \u201eHamsterrad des Lebens\u201c,<br>denn du kommst nicht weiter voran und du \u201estrampelst\u201c vergebens.<br>Das ist eine wichtige Aufgabe der Politik, den Schaden abzuwenden<br>und alles daran zu setzen, diese Situation strategisch zu beenden.<br><br><strong>\u00a9<\/strong> Rainer Dambroth &#8211; 20.08.2022 &#8211; <strong><a href=\"https:\/\/www.overline-poetry.de\/\">www.overline-poetry.de<\/a><\/strong><br><br> <a rel=\"noreferrer noopener\" href=\"https:\/\/www.overline-design.de\/poetry\/?page_id=2320\" data-type=\"URL\" data-id=\"https:\/\/www.overline-design.de\/poetry\/?page_id=2320\" target=\"_blank\"><strong>\ud83d\udd17<\/strong><\/a> <a rel=\"noreferrer noopener\" href=\"https:\/\/www.overline-design.de\/poetry\/?page_id=2320\" data-type=\"URL\" data-id=\"https:\/\/www.overline-design.de\/poetry\/?page_id=2320\" target=\"_blank\"><strong>Mogelpackung &#8211; die inirekte Preiserh\u00f6hung<\/strong><\/a> <\/p>\n\n\n\n<p><br><br><\/p>\n","protected":false},"excerpt":{"rendered":"<p>Um die Verbraucher bei dem Einkauf nicht zu stark zu br\u00fcskierenund durch zu hohe Preissteigerungen als Kunden dann zu verlieren,werden ganz geschickt einfach die Produkteinwaagen reduziert,damit der Verbraucher bleibt an diesem Produkt auch interessiert. So selbst erlebt beim letzten Einkauf bei einem \u201eFrischeprodukt\u201c,denn wir haben irritiert auf den Preis und die Einwaage geguckt!So wurde das [&hellip;]<\/p>\n","protected":false},"author":3,"featured_media":0,"parent":0,"menu_order":0,"comment_status":"closed","ping_status":"closed","template":"","meta":{"footnotes":""},"class_list":["post-5820","page","type-page","status-publish","hentry"],"jetpack_sharing_enabled":true,"_links":{"self":[{"href":"https:\/\/www.overline-design.de\/poetry\/index.php?rest_route=\/wp\/v2\/pages\/5820","targetHints":{"allow":["GET"]}}],"collection":[{"href":"https:\/\/www.overline-design.de\/poetry\/index.php?rest_route=\/wp\/v2\/pages"}],"about":[{"href":"https:\/\/www.overline-design.de\/poetry\/index.php?rest_route=\/wp\/v2\/types\/page"}],"author":[{"embeddable":true,"href":"https:\/\/www.overline-design.de\/poetry\/index.php?rest_route=\/wp\/v2\/users\/3"}],"replies":[{"embeddable":true,"href":"https:\/\/www.overline-design.de\/poetry\/index.php?rest_route=%2Fwp%2Fv2%2Fcomments&post=5820"}],"version-history":[{"count":9,"href":"https:\/\/www.overline-design.de\/poetry\/index.php?rest_route=\/wp\/v2\/pages\/5820\/revisions"}],"predecessor-version":[{"id":6485,"href":"https:\/\/www.overline-design.de\/poetry\/index.php?rest_route=\/wp\/v2\/pages\/5820\/revisions\/6485"}],"wp:attachment":[{"href":"https:\/\/www.overline-design.de\/poetry\/index.php?rest_route=%2Fwp%2Fv2%2Fmedia&parent=5820"}],"curies":[{"name":"wp","href":"https:\/\/api.w.org\/{rel}","templated":true}]}}