
{"id":5839,"date":"2022-08-24T09:54:00","date_gmt":"2022-08-24T09:54:00","guid":{"rendered":"https:\/\/www.overline-design.de\/poetry\/?page_id=5839"},"modified":"2022-12-12T16:08:54","modified_gmt":"2022-12-12T16:08:54","slug":"biogasanlagen-nur-mit-genutzter-abwaerme","status":"publish","type":"page","link":"https:\/\/www.overline-design.de\/poetry\/?page_id=5839","title":{"rendered":"Biogasanlagen nur mit genutzter Abw\u00e4rme!"},"content":{"rendered":"\n<p>Wird eine Biogasanlage neu geplant und dann gebaut,<br>man auch nach dem Verbleib der \u201eAbw\u00e4rme\u201c schaut.<br>Wenn diese dann ungenutzt in der Umwelt \u201everpufft\u201c,<br>dann wird sie schlecht genutzt, diese Aggregat-Abluft.<br><br>Die Umwelt durch die ungenutzte Abw\u00e4rme aufgeheizt,<br>obwohl man angehalten, dass man beim Heizen geizt.<br>Hier fehlt nur der Anschluss an ein Verteilungssystem,<br>und ein Anschluss an dieses Fernheiznetz ist bequem.<br><br>Ein Rohrsystem zu Wohn-Siedlungen dann garantiert,<br>dass man diese W\u00e4rme nicht ungenutzt dann verliert.<br>F\u00fcr jeden Hausbesitzer, den diese W\u00e4rme interessiert,<br>wird dann Anschluss an das Fernw\u00e4rmenetz installiert.<br><br>Sinn macht es auch, anstatt nur Strom zu produzieren,<br>dass man auch in die Gasversorgung wird investieren.<br>Gereinigt dann in das Gasversorgungsrohr eingespeist<br>und diese Gasversorgung dann vern\u00fcnftig eingepreist.<br><br>Zwischen Energie- und Nahrungsversorgung austariert<br>und nicht nur in Stromgewinnung mit Biogas investiert.<br>Wenn wir die Produktion von Nahrungsmittel ignorieren,<br>m\u00fcssen wir dann die Nahrungsmittel teuer importieren.<br><br>Die Landwirtschaft wird mit Steuergeldern subventioniert,<br>damit sie sich f\u00fcr die Versorgung der B\u00fcrger interessiert.<br>Biogas war f\u00fcr die Landwirte als \u201eStandbein\u201c angedacht<br>und sie sehen diese Einnahmequelle f\u00fcr sie nur gemacht.<br><br>Energiegesellschaften machen dann gemeinsame Kasse,<br>denn der eine hat gro\u00dfe Fl\u00e4chen f\u00fcr Anbau von Biomasse.<br>Der andere liefert dann G\u00fclle aus seinem Massentierstall,<br>dann lohnt sich die Anlage f\u00fcr die Betreiber in jedem Fall.<br><br>Ich bin ein gro\u00dfer Verfechter von alternativen Energien,<br>und ein \u201eweiter so\u201c, dass h\u00e4tte ich dann nicht verziehen.<br>Die Natur hat uns nat\u00fcrliche Energiequellen geschenkt<br>und fordert uns heraus, dass man in die Richtung denkt.<br><br><strong>\u00a9<\/strong> Rainer Dambroth &#8211; 24.08.2022 &#8211; <strong><a href=\"https:\/\/www.overline-poetry.de\/\">www.overline-poetry.de<\/a><\/strong><\/p>\n\n\n\n<p><br><br><\/p>\n\n\n\n<p><br><br><\/p>\n\n\n\n<p><br><\/p>\n\n\n\n<p><br><br><\/p>\n","protected":false},"excerpt":{"rendered":"<p>Wird eine Biogasanlage neu geplant und dann gebaut,man auch nach dem Verbleib der \u201eAbw\u00e4rme\u201c schaut.Wenn diese dann ungenutzt in der Umwelt \u201everpufft\u201c,dann wird sie schlecht genutzt, diese Aggregat-Abluft. Die Umwelt durch die ungenutzte Abw\u00e4rme aufgeheizt,obwohl man angehalten, dass man beim Heizen geizt.Hier fehlt nur der Anschluss an ein Verteilungssystem,und ein Anschluss an dieses Fernheiznetz ist [&hellip;]<\/p>\n","protected":false},"author":3,"featured_media":0,"parent":0,"menu_order":0,"comment_status":"closed","ping_status":"closed","template":"","meta":{"footnotes":""},"class_list":["post-5839","page","type-page","status-publish","hentry"],"jetpack_sharing_enabled":true,"_links":{"self":[{"href":"https:\/\/www.overline-design.de\/poetry\/index.php?rest_route=\/wp\/v2\/pages\/5839","targetHints":{"allow":["GET"]}}],"collection":[{"href":"https:\/\/www.overline-design.de\/poetry\/index.php?rest_route=\/wp\/v2\/pages"}],"about":[{"href":"https:\/\/www.overline-design.de\/poetry\/index.php?rest_route=\/wp\/v2\/types\/page"}],"author":[{"embeddable":true,"href":"https:\/\/www.overline-design.de\/poetry\/index.php?rest_route=\/wp\/v2\/users\/3"}],"replies":[{"embeddable":true,"href":"https:\/\/www.overline-design.de\/poetry\/index.php?rest_route=%2Fwp%2Fv2%2Fcomments&post=5839"}],"version-history":[{"count":12,"href":"https:\/\/www.overline-design.de\/poetry\/index.php?rest_route=\/wp\/v2\/pages\/5839\/revisions"}],"predecessor-version":[{"id":6532,"href":"https:\/\/www.overline-design.de\/poetry\/index.php?rest_route=\/wp\/v2\/pages\/5839\/revisions\/6532"}],"wp:attachment":[{"href":"https:\/\/www.overline-design.de\/poetry\/index.php?rest_route=%2Fwp%2Fv2%2Fmedia&parent=5839"}],"curies":[{"name":"wp","href":"https:\/\/api.w.org\/{rel}","templated":true}]}}