
{"id":5897,"date":"2022-08-31T17:57:00","date_gmt":"2022-08-31T17:57:00","guid":{"rendered":"https:\/\/www.overline-design.de\/poetry\/?page_id=5897"},"modified":"2022-11-27T17:26:20","modified_gmt":"2022-11-27T17:26:20","slug":"bremer-gruene-bremen-soll-vegan-werden","status":"publish","type":"page","link":"https:\/\/www.overline-design.de\/poetry\/?page_id=5897","title":{"rendered":"Bremer Gr\u00fcne \u2013 Bremen soll vegan werden!"},"content":{"rendered":"\n<p>Schon wieder die Bremer Gr\u00fcnen sehr weit \u00fcber ihr Ziel hinweg dann schie\u00dfen,<br>denn es geht zu weit, politisch zu bestimmen, was die B\u00fcrger d\u00fcrfen genie\u00dfen.<br>Die vegane Ern\u00e4hrung k\u00f6nnen die Gr\u00fcnen den Bremer B\u00fcrgern nur empfehlen,<br>sonst werden die Gr\u00fcnen bei der B\u00fcrgerschaftswahl weniger Stimmen z\u00e4hlen.<br><br>Nach dem Willen der Bremer Gr\u00fcnen soll der Weihnachtsmarkt vegan werden!<br>Gibt es denn keine wichtigeren Probleme zu l\u00f6sen, auf den bremischen Erden.<br>Ob man vegan leben oder Fleisch essen will, muss jeder f\u00fcr sich entscheiden,<br>aber dieses zu bestimmen, das sollte die zust\u00e4ndige Politik doch vermeiden.<br><br>Die Bremer Gr\u00fcnen treiben politisch schon wieder recht seltsame \u201eBl\u00fcten\u201c,<br>denn sie wollen die Bratwurst und Fleisch auf dem Weihnachtsmarkt verbieten.<br>Kein Bremer B\u00fcrger l\u00e4sst sich beim Bummeln seine Verpflegung vorschreiben,<br>was darf er politisch gewollt noch essen und was l\u00e4sst er dann besser bleiben!<br><br>Bestimmt wird auf dem Weihnachtsmarkt demn\u00e4chst auch Zucker verboten<br>und \u201egebrannte Mandeln\u201c mit Zucker umh\u00fcllt werden nicht mehr angeboten.<br>Die Zuckerwatte und der \u201eLiebesapfel\u201c werden durch \u201eK\u00f6rnerriegel\u201c ersetzt.<br>Ich hoffe dann nur, dass sich die gr\u00fcne Politik dabei nicht zu sehr \u00fcbersch\u00e4tzt.<br><br>\u00a9 Rainer Dambroth &#8211; 31.08.2022 &#8211; <strong><a href=\"http:\/\/www.overline-poetry.de\/\">www.overline-poetry.de<\/a><\/strong><br><br><\/p>\n\n\n\n<p><br><\/p>\n","protected":false},"excerpt":{"rendered":"<p>Schon wieder die Bremer Gr\u00fcnen sehr weit \u00fcber ihr Ziel hinweg dann schie\u00dfen,denn es geht zu weit, politisch zu bestimmen, was die B\u00fcrger d\u00fcrfen genie\u00dfen.Die vegane Ern\u00e4hrung k\u00f6nnen die Gr\u00fcnen den Bremer B\u00fcrgern nur empfehlen,sonst werden die Gr\u00fcnen bei der B\u00fcrgerschaftswahl weniger Stimmen z\u00e4hlen. Nach dem Willen der Bremer Gr\u00fcnen soll der Weihnachtsmarkt vegan werden!Gibt [&hellip;]<\/p>\n","protected":false},"author":3,"featured_media":0,"parent":0,"menu_order":0,"comment_status":"closed","ping_status":"closed","template":"","meta":{"footnotes":""},"class_list":["post-5897","page","type-page","status-publish","hentry"],"jetpack_sharing_enabled":true,"_links":{"self":[{"href":"https:\/\/www.overline-design.de\/poetry\/index.php?rest_route=\/wp\/v2\/pages\/5897","targetHints":{"allow":["GET"]}}],"collection":[{"href":"https:\/\/www.overline-design.de\/poetry\/index.php?rest_route=\/wp\/v2\/pages"}],"about":[{"href":"https:\/\/www.overline-design.de\/poetry\/index.php?rest_route=\/wp\/v2\/types\/page"}],"author":[{"embeddable":true,"href":"https:\/\/www.overline-design.de\/poetry\/index.php?rest_route=\/wp\/v2\/users\/3"}],"replies":[{"embeddable":true,"href":"https:\/\/www.overline-design.de\/poetry\/index.php?rest_route=%2Fwp%2Fv2%2Fcomments&post=5897"}],"version-history":[{"count":3,"href":"https:\/\/www.overline-design.de\/poetry\/index.php?rest_route=\/wp\/v2\/pages\/5897\/revisions"}],"predecessor-version":[{"id":5900,"href":"https:\/\/www.overline-design.de\/poetry\/index.php?rest_route=\/wp\/v2\/pages\/5897\/revisions\/5900"}],"wp:attachment":[{"href":"https:\/\/www.overline-design.de\/poetry\/index.php?rest_route=%2Fwp%2Fv2%2Fmedia&parent=5897"}],"curies":[{"name":"wp","href":"https:\/\/api.w.org\/{rel}","templated":true}]}}