
{"id":6011,"date":"2022-09-29T17:26:40","date_gmt":"2022-09-29T17:26:40","guid":{"rendered":"https:\/\/www.overline-design.de\/poetry\/?page_id=6011"},"modified":"2022-10-01T04:13:32","modified_gmt":"2022-10-01T04:13:32","slug":"muta-die-islamische-zeitehe-genussehe-im-islamischen-eherecht","status":"publish","type":"page","link":"https:\/\/www.overline-design.de\/poetry\/?page_id=6011","title":{"rendered":"Mut&#8217;a, die islamische Zeitehe &#8211; \u201eGenu\u00dfehe\u201c im islamischen Eherecht!"},"content":{"rendered":"\n<p>Dieses Konstrukt haben sich wohl M\u00e4nner f\u00fcr M\u00e4nner ausgedacht<br>und als der Koran geschrieben, wurde er nur f\u00fcr M\u00e4nner gemacht.<br>Die schiitischen Geistlichen vermitteln gegen eine \u201eGeb\u00fchr\u201c Frauen<br>und das im Namen Allahs, dieses ist wohl doch eine Tat des Grauen.<br><br>In unserem Rechtssystem erf\u00fcllt das den Tatbestand der Zuh\u00e4lterei,<br>aber im Irak, so wurde es dokumentiert, scheint dieses v\u00f6llig einerlei<br>Die Frauen werden auch auf Wunsch gezielt ausgew\u00e4hlt oder bestellt<br>und sie bekommen f\u00fcr diese \u201eHoffnung auf Ehe\u201c nat\u00fcrlich dann Geld.<br><br>Sogar M\u00e4dchen ab neun Jahren werden von den Geistlichen offeriert<br>und sicher ist, dass sich so mancher P\u00e4dophile dann daf\u00fcr interessiert.<br>Zur \u201eProstitution\u201c gedr\u00e4ngt, m\u00fcssen die Frauen durch die Ehe auf Zeit,<br>dann nach der Eheschlie\u00dfung auf Zeit, als \u201eLeibeigene\u201c zu allem bereit.<br><br>Die Mindestmietzeit der Frau ist eine halbe Stunde f\u00fcr die Ehe auf Zeit,<br>wo die ausgew\u00e4hlte und \u201egemietete\u201c Frau ist f\u00fcr den Mann dann bereit.<br>Allein dieser kurze Zeitraum l\u00e4sst den Zweck dieser Kurzehe erkennen,<br>es geht um Prostitution, um unverbl\u00fcmt Dinge beim Namen zu nennen.<br><br>Diese Zeitehe ist f\u00fcr Frauen das \u00dcberleben, aber f\u00fcr den Mann bequem<br>und werden sie schwanger, dann wird das nur f\u00fcr die Frau ein Problem.<br>Au\u00dferdem haben sie ihre \u201eJungfr\u00e4ulichkeit\u201c nicht mehr nat\u00fcrlich intakt,<br>dann bringt es auch noch die eigene Familie gegen sie auf, das ist Fakt.<br><br>Diese Frauen lassen sich dann nur schlecht \u201ean den Mann noch bringen\u201c<br>und so wird man sie weiter in die Abh\u00e4ngigkeit der Geistlichen zwingen.<br>Die Ehe auf Zeit wird von Geistlichen mit Angabe der Dauer geschlossen.<br>In der Reportage auch \u201eunbesehen\u201c telefonisch, dass macht verdrossen.<br><br>Die Frau im Islam sich nur verschleiert in der \u00d6ffentlichkeit pr\u00e4sentiert<br>und auch sonst als Frau die Gleichstellung gegen\u00fcber M\u00e4nnern verliert.<br>Die islamische Religion als die einzig Richtige der Welt zu favorisieren,<br>aber bedenklich, wenn die Frauen in einem islamischen Staat verlieren.<br><br><strong>\u00a9<\/strong> Rainer Dambroth &#8211; 28.09.2022 &#8211; <strong><a href=\"https:\/\/www.overline-poetry.de\/\">www.overline-poetry.de<\/a><\/strong><br><br>Aber auch bei den anderen Religionen gibt es Skandal\u00f6ses zu entdecken<br>und auch hier gibt man sich gro\u00dfe M\u00fche, dieses dann gut zu verstecken!<br><br><strong>*) Die Reportage unter dem Titel \u201eIraks geheimer Frauenhandel \u2013 Versklavt, verkauft, vergessen\u201c<\/strong> <strong>wurde am 28.09.2022 um 21:00 Uhr auf ZDF Info gesendet.<\/strong><\/p>\n\n\n\n<p><br><br><\/p>\n\n\n\n<p><br><\/p>\n\n\n\n<p><br><br><\/p>\n","protected":false},"excerpt":{"rendered":"<p>Dieses Konstrukt haben sich wohl M\u00e4nner f\u00fcr M\u00e4nner ausgedachtund als der Koran geschrieben, wurde er nur f\u00fcr M\u00e4nner gemacht.Die schiitischen Geistlichen vermitteln gegen eine \u201eGeb\u00fchr\u201c Frauenund das im Namen Allahs, dieses ist wohl doch eine Tat des Grauen. In unserem Rechtssystem erf\u00fcllt das den Tatbestand der Zuh\u00e4lterei,aber im Irak, so wurde es dokumentiert, scheint dieses [&hellip;]<\/p>\n","protected":false},"author":3,"featured_media":0,"parent":0,"menu_order":0,"comment_status":"closed","ping_status":"closed","template":"","meta":{"footnotes":""},"class_list":["post-6011","page","type-page","status-publish","hentry"],"jetpack_sharing_enabled":true,"_links":{"self":[{"href":"https:\/\/www.overline-design.de\/poetry\/index.php?rest_route=\/wp\/v2\/pages\/6011","targetHints":{"allow":["GET"]}}],"collection":[{"href":"https:\/\/www.overline-design.de\/poetry\/index.php?rest_route=\/wp\/v2\/pages"}],"about":[{"href":"https:\/\/www.overline-design.de\/poetry\/index.php?rest_route=\/wp\/v2\/types\/page"}],"author":[{"embeddable":true,"href":"https:\/\/www.overline-design.de\/poetry\/index.php?rest_route=\/wp\/v2\/users\/3"}],"replies":[{"embeddable":true,"href":"https:\/\/www.overline-design.de\/poetry\/index.php?rest_route=%2Fwp%2Fv2%2Fcomments&post=6011"}],"version-history":[{"count":8,"href":"https:\/\/www.overline-design.de\/poetry\/index.php?rest_route=\/wp\/v2\/pages\/6011\/revisions"}],"predecessor-version":[{"id":6031,"href":"https:\/\/www.overline-design.de\/poetry\/index.php?rest_route=\/wp\/v2\/pages\/6011\/revisions\/6031"}],"wp:attachment":[{"href":"https:\/\/www.overline-design.de\/poetry\/index.php?rest_route=%2Fwp%2Fv2%2Fmedia&parent=6011"}],"curies":[{"name":"wp","href":"https:\/\/api.w.org\/{rel}","templated":true}]}}