
{"id":6044,"date":"2021-09-19T08:03:00","date_gmt":"2021-09-19T08:03:00","guid":{"rendered":"https:\/\/www.overline-design.de\/poetry\/?page_id=6044"},"modified":"2023-02-27T06:28:26","modified_gmt":"2023-02-27T06:28:26","slug":"ein-grosses-danke-fuer-das-pflegepersonal","status":"publish","type":"page","link":"https:\/\/www.overline-design.de\/poetry\/?page_id=6044","title":{"rendered":"Ein gro\u00dfes Danke f\u00fcr das Pflegepersonal"},"content":{"rendered":"\n<p>Wir stehen auf der Stra\u00dfe, der Terrasse oder dem Balkon<br>und \u201eklatschen\u201c als Anerkennung eine &#8222;Standing Ovation&#8220;.<br>F\u00fcr das aufopfernde Pflegepersonal war es das dann schon,<br>aber eine echte Anerkennung der Leistung w\u00e4re mehr Lohn.<br><br>Mehr Lohn f\u00fcr das Personal, dem keine Taten folgen werden,<br>denn zu hohe Personalkosten vermeidet man hier auf Erden.<br>Man sch\u00fctzt ohne Geldeinsatz den Investoren die Renditen,<br>sonst lesen die Investoren den Verantwortlichen die Leviten.<br><br>Die Investoren wollen Geld verdienen mit dem Kliniksystem<br>und mit den Kranken viel Geld verdienen, dass ist bequem.<br>Nur es st\u00f6ren die zu hohen Kosten f\u00fcr das Pflegepersonal<br>und so wird reduziert, was f\u00fcr die Pflegenden wird zur Qual.<br><br>Weniger Stationspersonal f\u00fcr gleiche Belegung mit Kranken<br>und das Personal wird sich f\u00fcr die Mehrbelastung bedanken.<br>Mit den Pauschalen werden Patienten zur \u201eMan\u00f6vriermasse\u201c<br>und es interessiert nur das absch\u00f6pfbare Plus in der Kasse.<br><br>Ist die Pauschale verdient, der Patient noch nicht gesundet,<br>so passiert es, dass die n\u00f6tige Verweilzeit wird abgerundet.<br>Keine renditeorientierte Klinik kann ein Gratisbett riskieren,<br>denn sonst wird die Erfolgsbilanz der Klinik dabei verlieren.<br><br>Wenn erkrankte Menschen m\u00fcssen auf die Krankenstation,<br>dann sollten sie die beste Versorgung erleben dann schon.<br>Die Krankenh\u00e4user m\u00fcssen erwirtschaften keine Gewinne,<br>denn das w\u00e4re nicht ihr Auftrag und nicht im Volkes Sinne.<br><br>Die Klinikleitung sollte nicht mit \u00f6ffentlicher Hand fungieren,<br>denn sonst werden wir Verwaltungstechnisch Geld verlieren.<br>Denn bei hierarischen Strukturen in einem Beamtenapparat,<br>\u201everbrennen\u201c wir Geld, was bei Gesundheit wird eingespart.<br><br>Bei den Parteistrukturen werden oft die Falschen eingesetzt<br>und bei der Anforderung man die F\u00e4higkeiten \u00fcbersch\u00e4tzt.<br>Hier sind kreative und f\u00e4hige Menschen als Leitung gefragt,<br>nicht &#8222;Parteikl\u00fcngel&#8220;, wo man mit Entscheidungen versagt.<br><br><strong>\u00a9<\/strong> Rainer Dambroth \u2013 19.09.2021 &#8211; <strong><a href=\"https:\/\/www.overline-poetry.de\/\">www.overline-poetry.de<\/a><\/strong><\/p>\n","protected":false},"excerpt":{"rendered":"<p>Wir stehen auf der Stra\u00dfe, der Terrasse oder dem Balkonund \u201eklatschen\u201c als Anerkennung eine &#8222;Standing Ovation&#8220;.F\u00fcr das aufopfernde Pflegepersonal war es das dann schon,aber eine echte Anerkennung der Leistung w\u00e4re mehr Lohn. Mehr Lohn f\u00fcr das Personal, dem keine Taten folgen werden,denn zu hohe Personalkosten vermeidet man hier auf Erden.Man sch\u00fctzt ohne Geldeinsatz den Investoren [&hellip;]<\/p>\n","protected":false},"author":3,"featured_media":0,"parent":0,"menu_order":0,"comment_status":"closed","ping_status":"closed","template":"","meta":{"footnotes":""},"class_list":["post-6044","page","type-page","status-publish","hentry"],"jetpack_sharing_enabled":true,"_links":{"self":[{"href":"https:\/\/www.overline-design.de\/poetry\/index.php?rest_route=\/wp\/v2\/pages\/6044","targetHints":{"allow":["GET"]}}],"collection":[{"href":"https:\/\/www.overline-design.de\/poetry\/index.php?rest_route=\/wp\/v2\/pages"}],"about":[{"href":"https:\/\/www.overline-design.de\/poetry\/index.php?rest_route=\/wp\/v2\/types\/page"}],"author":[{"embeddable":true,"href":"https:\/\/www.overline-design.de\/poetry\/index.php?rest_route=\/wp\/v2\/users\/3"}],"replies":[{"embeddable":true,"href":"https:\/\/www.overline-design.de\/poetry\/index.php?rest_route=%2Fwp%2Fv2%2Fcomments&post=6044"}],"version-history":[{"count":5,"href":"https:\/\/www.overline-design.de\/poetry\/index.php?rest_route=\/wp\/v2\/pages\/6044\/revisions"}],"predecessor-version":[{"id":7053,"href":"https:\/\/www.overline-design.de\/poetry\/index.php?rest_route=\/wp\/v2\/pages\/6044\/revisions\/7053"}],"wp:attachment":[{"href":"https:\/\/www.overline-design.de\/poetry\/index.php?rest_route=%2Fwp%2Fv2%2Fmedia&parent=6044"}],"curies":[{"name":"wp","href":"https:\/\/api.w.org\/{rel}","templated":true}]}}