
{"id":6054,"date":"2022-10-07T14:48:02","date_gmt":"2022-10-07T14:48:02","guid":{"rendered":"https:\/\/www.overline-design.de\/poetry\/?page_id=6054"},"modified":"2022-10-08T17:06:17","modified_gmt":"2022-10-08T17:06:17","slug":"zum-gedenken-an-mahsa-aminis-tod-nach-festnahme-durch-die-iranische-sittenpolizei","status":"publish","type":"page","link":"https:\/\/www.overline-design.de\/poetry\/?page_id=6054","title":{"rendered":"Zum Gedenken an Mahsa Aminis &#8211; Tod nach Festnahme durch die iranische Sittenpolizei!"},"content":{"rendered":"\n<p>Durch eine \u00dcberreaktion der \u201efragw\u00fcrdigen\u201c Sittenpolizei im Iran,<br>hat dieses altert\u00fcmlich islamische Regime der Frau Unrecht getan.<br>Die meist bildungsarmen M\u00e4nner im Islam k\u00f6nnen es nicht ertragen,<br>wenn Frauen im Islam sie mit ihrer Geistesgr\u00f6\u00dfe dann \u201e\u00fcberragen\u201c.<br><br>Die M\u00e4nner sich nur an den Interpretation des Vorbeters orientieren.<br>Sie kennen nur Waffengewalt und wollen ihre Position nicht verlieren.<br>Den M\u00e4nnern wird dann erkl\u00e4rt: \u201eDie Frau ist dem Manne untertan\u201c,<br>auch wenn eine gebildete Frau f\u00fcr die Gesellschaft mehr leisten kann.<br><br>Anstatt sich selbst weiter zu bilden und auch Lehrb\u00fccher zu studieren,<br>ist es einfacher, wenn Frauen ihre Bildung und ihre Rechte verlieren.<br>Oft ist es Bildungsarmut, warum sich M\u00e4nner im Recht dann w\u00e4hnen<br>und sich die M\u00e4nner gegen zu viele Rechten f\u00fcr die Frauen auflehnen.<br><br>Glauben hei\u00dft: an etwas glauben, um dessen Existenz nicht wissen<br>und weil die Gl\u00e4ubigen die belegenden Beweise auch nicht vermissen.<br>Der Glaube wird als Worte Gottes, Allahs oder Buddhas interpretiert,<br>aber durch die Sicht des jeweiligen Predigers dann auch manipuliert.<br><br>Die M\u00e4nner \u201eAllahs Worte h\u00f6ren\u201c, die im Koran werden beschrieben,<br>liest sich wie ein \u201eWunschzettel\u201c, wie ihn M\u00e4nner im Islam so lieben.<br>Wer hat die Worte geh\u00f6rt und sie dann in den Koran \u00fcbernommen?<br>Wer kontrollierte, ob nicht die Worte sind \u201everdreht\u201c angekommen?<br><br>Nachdem der Ebrahim Raisis wurde gew\u00e4hlt bei der Pr\u00e4sidentenwahl,<br>wurde das Regime f\u00fcr Frauen im Iran mit Unterdr\u00fcckung zur Qual.<br>Die Sittenw\u00e4chter die Einhaltung der \u201eKleiderordnung\u201c kontrollieren<br>und durch ihr brutales Handeln dann das Leben der Frauen riskieren.<br><br>Ich bewundere Frauen, die gegen diese Repressalien demonstrieren,<br>um nicht noch mehr Rechte in diesem veralteten Regime zu verlieren.<br>Unter dem Schleier leben starke und kluge Frauen, die sich wehren<br>und die gegen diese Unterdr\u00fcckung durch das Regime aufbegehren.<br><br><strong>\u00a9<\/strong> Rainer Dambroth &#8211; 07.10.2022 &#8211; <strong><a href=\"https:\/\/www.overline-poetry.de\/\">www.overline-poetry.de<\/a><\/strong><br><br><\/p>\n\n\n\n<p><br><\/p>\n","protected":false},"excerpt":{"rendered":"<p>Durch eine \u00dcberreaktion der \u201efragw\u00fcrdigen\u201c Sittenpolizei im Iran,hat dieses altert\u00fcmlich islamische Regime der Frau Unrecht getan.Die meist bildungsarmen M\u00e4nner im Islam k\u00f6nnen es nicht ertragen,wenn Frauen im Islam sie mit ihrer Geistesgr\u00f6\u00dfe dann \u201e\u00fcberragen\u201c. Die M\u00e4nner sich nur an den Interpretation des Vorbeters orientieren.Sie kennen nur Waffengewalt und wollen ihre Position nicht verlieren.Den M\u00e4nnern wird [&hellip;]<\/p>\n","protected":false},"author":3,"featured_media":0,"parent":0,"menu_order":0,"comment_status":"closed","ping_status":"closed","template":"","meta":{"footnotes":""},"class_list":["post-6054","page","type-page","status-publish","hentry"],"jetpack_sharing_enabled":true,"_links":{"self":[{"href":"https:\/\/www.overline-design.de\/poetry\/index.php?rest_route=\/wp\/v2\/pages\/6054","targetHints":{"allow":["GET"]}}],"collection":[{"href":"https:\/\/www.overline-design.de\/poetry\/index.php?rest_route=\/wp\/v2\/pages"}],"about":[{"href":"https:\/\/www.overline-design.de\/poetry\/index.php?rest_route=\/wp\/v2\/types\/page"}],"author":[{"embeddable":true,"href":"https:\/\/www.overline-design.de\/poetry\/index.php?rest_route=\/wp\/v2\/users\/3"}],"replies":[{"embeddable":true,"href":"https:\/\/www.overline-design.de\/poetry\/index.php?rest_route=%2Fwp%2Fv2%2Fcomments&post=6054"}],"version-history":[{"count":4,"href":"https:\/\/www.overline-design.de\/poetry\/index.php?rest_route=\/wp\/v2\/pages\/6054\/revisions"}],"predecessor-version":[{"id":6065,"href":"https:\/\/www.overline-design.de\/poetry\/index.php?rest_route=\/wp\/v2\/pages\/6054\/revisions\/6065"}],"wp:attachment":[{"href":"https:\/\/www.overline-design.de\/poetry\/index.php?rest_route=%2Fwp%2Fv2%2Fmedia&parent=6054"}],"curies":[{"name":"wp","href":"https:\/\/api.w.org\/{rel}","templated":true}]}}