
{"id":6068,"date":"2022-10-13T08:59:27","date_gmt":"2022-10-13T08:59:27","guid":{"rendered":"https:\/\/www.overline-design.de\/poetry\/?page_id=6068"},"modified":"2024-08-28T06:01:47","modified_gmt":"2024-08-28T06:01:47","slug":"die-rechten-stimmungsmacher","status":"publish","type":"page","link":"https:\/\/www.overline-design.de\/poetry\/?page_id=6068","title":{"rendered":"Die rechten Stimmungsmacher"},"content":{"rendered":"\n<p>Die <strong>rechten Stimmungsmacher<\/strong> schauen den Anh\u00e4ngern aufs \u201eMaul\u201c,<br>die zum Selbstdenken und zum aktiven Handeln sind einfach zu \u201efaul\u201c.<br>Oder denen ist das Selbstdenken und Handeln abhanden gekommen,<br>weil es in der Vergangenheit von der Staatsmacht ihnen abgenommen.<br><br>Gerade Menschen im Osten Deutschlands suchen &#8222;rechts&#8220; nach der Kraft,<br>die mit den &#8222;rechten&#8220; Spr\u00fcchen ihnen ihre Sorgen aus dem Wege schafft.<br>Die <strong>rechten Stimmungsmacher<\/strong> das demokratisches System kritisieren,<br>darum sich Menschen f\u00fcr die <strong>rechten Stimmungsmacher<\/strong> interessieren.<br><br>Das Programm der <strong>rechten Stimmungsmacher<\/strong> besteht nur aus Kritik<br>und sie lehnen alle Beschl\u00fcsse ab, von unserer demokratischen Politik.<br>Die <strong>rechten Stimmungsmacher<\/strong> wollen unsere Demokratie zerst\u00f6ren,<br>damit sich ihre Anh\u00e4nger nur noch die &#8222;rechten&#8220; Spr\u00fcche dann anh\u00f6ren.<br><br>Wenn ich die Demonstranten im Osten Deutschland bei Demos so sehe,<br>ich so manches mal deren Grund f\u00fcr die Demos nicht wirklich verstehe.<br>Sie machen Stimmung gegen die aktive Regierung und deren Handeln,<br>aber wissen wohl nicht, mit wem sie sich bei Demos dann \u201everbandeln\u201c.<br><br>Die Demonstrierenden, die ihre sehr fragw\u00fcrdigen Parolen skandieren,<br>wo man sich fragt, wobei sie in unserem System \u00fcberhaupt verlieren.<br>Die <strong>rechten Stimmungsmacher<\/strong> bewusst dann auch \u00c4ngste streuen,<br>dass man die unkontrollierte Fl\u00fcchtlingsaufnahme w\u00fcrde bald bereuen.<br><br>Die Migranten wollen schmarotzen und Sozialleistungen \u201eabkassieren\u201c,<br>wobei die \u201earmen deutschen B\u00fcrger\u201c werden dann nur noch verlieren.<br>Sie werden ihnen die Frauen wegnehmen und Arbeitspl\u00e4tze bekommen,<br>die den \u201earmen deutschen B\u00fcrgern\u201c werden einfach weg genommen.<br><br>Glauben diese B\u00fcrger, wenn die <strong>rechten Stimmungsmacher<\/strong> regieren,<br>dass sie werden wieder alle gewinnen und keiner wird dann verlieren?<br>Sie werden aus den Pflugscharen schmieden zum K\u00e4mpfen die Waffen,<br>um dann Kriege f\u00fchren, in dem wir anderen L\u00e4ndern Leid verschaffen.<br><br>Die <strong>rechten Stimmungsmacher<\/strong> marschieren dann \u201ein Reih und Glied\u201c<br>und singen gemeinsam die verbotene Strophe vom Deutschlandlied.<br>Die <strong>rechten Stimmungsmacher<\/strong> als die &#8222;wichtigste Partei&#8220; f\u00fcr die Welt<br>und sie brauchen ein Gefolge, denen dieses nationale Handeln gef\u00e4llt.<br><br>Auch die Russen sich f\u00fcr die <strong>rechten Stimmungsmacher<\/strong> interessieren.<br>Putin wird sie unterst\u00fctzen und mit russischer Propaganda informieren.<br>Die <strong>rechten Stimmungsmacher<\/strong> dem Despoten Verst\u00e4rkung entsenden<br>und Putin wird sie als \u201eKanonenfutter\u201c f\u00fcr die Ukraine dann verwenden.<br><br>\u00a9 Rainer Dambroth &#8211; 13.10.2022 &#8211; <strong><a href=\"http:\/\/www.overline-poetry.de\/\">www.overline-poetry.de<\/a><\/strong><br><br><em><strong>Man darf nicht warten, bis aus dem Schneeball eine Lawine geworden ist. Man muss den rollenden Schneeball zertreten. Die Lawine h\u00e4lt keiner mehr auf. Sie ruht erst, wenn sie alles unter sich begraben hat.<br>Erich K\u00e4stner<\/strong><\/em><br><\/p>\n","protected":false},"excerpt":{"rendered":"<p>Die rechten Stimmungsmacher schauen den Anh\u00e4ngern aufs \u201eMaul\u201c,die zum Selbstdenken und zum aktiven Handeln sind einfach zu \u201efaul\u201c.Oder denen ist das Selbstdenken und Handeln abhanden gekommen,weil es in der Vergangenheit von der Staatsmacht ihnen abgenommen. Gerade Menschen im Osten Deutschlands suchen &#8222;rechts&#8220; nach der Kraft,die mit den &#8222;rechten&#8220; Spr\u00fcchen ihnen ihre Sorgen aus dem Wege [&hellip;]<\/p>\n","protected":false},"author":3,"featured_media":0,"parent":0,"menu_order":0,"comment_status":"closed","ping_status":"closed","template":"","meta":{"footnotes":""},"class_list":["post-6068","page","type-page","status-publish","hentry"],"jetpack_sharing_enabled":true,"_links":{"self":[{"href":"https:\/\/www.overline-design.de\/poetry\/index.php?rest_route=\/wp\/v2\/pages\/6068","targetHints":{"allow":["GET"]}}],"collection":[{"href":"https:\/\/www.overline-design.de\/poetry\/index.php?rest_route=\/wp\/v2\/pages"}],"about":[{"href":"https:\/\/www.overline-design.de\/poetry\/index.php?rest_route=\/wp\/v2\/types\/page"}],"author":[{"embeddable":true,"href":"https:\/\/www.overline-design.de\/poetry\/index.php?rest_route=\/wp\/v2\/users\/3"}],"replies":[{"embeddable":true,"href":"https:\/\/www.overline-design.de\/poetry\/index.php?rest_route=%2Fwp%2Fv2%2Fcomments&post=6068"}],"version-history":[{"count":10,"href":"https:\/\/www.overline-design.de\/poetry\/index.php?rest_route=\/wp\/v2\/pages\/6068\/revisions"}],"predecessor-version":[{"id":9032,"href":"https:\/\/www.overline-design.de\/poetry\/index.php?rest_route=\/wp\/v2\/pages\/6068\/revisions\/9032"}],"wp:attachment":[{"href":"https:\/\/www.overline-design.de\/poetry\/index.php?rest_route=%2Fwp%2Fv2%2Fmedia&parent=6068"}],"curies":[{"name":"wp","href":"https:\/\/api.w.org\/{rel}","templated":true}]}}