
{"id":6091,"date":"2022-10-15T06:43:08","date_gmt":"2022-10-15T06:43:08","guid":{"rendered":"https:\/\/www.overline-design.de\/poetry\/?page_id=6091"},"modified":"2022-10-15T06:43:10","modified_gmt":"2022-10-15T06:43:10","slug":"gregor-gysi-und-der-ukraine-krieg","status":"publish","type":"page","link":"https:\/\/www.overline-design.de\/poetry\/?page_id=6091","title":{"rendered":"Gregor Gysi und der Ukraine Krieg"},"content":{"rendered":"\n<p>Gregor Gysi r\u00e4t: \u201eWir sollten zwar Hilfe leisten, aber nur humanit\u00e4r<br>und sollten Betonmischmaschinen liefern, gegen russisches Milit\u00e4r\u201c.<br>Er w\u00fcrde es doch jedes Mal mit einer gro\u00dfen Begeisterung sehen,<br>wenn Geb\u00e4ude zerbombt, wieder in kurzer Zeit aufgebaut stehen.<br><br>Diese schon \u201efast tragische Logik\u201c kann ich so nicht nachvollziehen,<br>wenn Menschen wegen Zerst\u00f6rungen m\u00fcssen aus dem Land fliehen.<br>Mit roher Gewalt wird die Ukraine von Russland in die Not gedr\u00e4ngt<br>und der Despot Putin geh\u00f6rt f\u00fcr den Krieg an den Galgen geh\u00e4ngt.<br><br>\u00a9 Rainer Dambroth &#8211; 15.10.2022 &#8211; <strong><a href=\"http:\/\/www.overline-poetry.de\/\">www.overline-poetry.de<\/a><\/strong> <\/p>\n","protected":false},"excerpt":{"rendered":"<p>Gregor Gysi r\u00e4t: \u201eWir sollten zwar Hilfe leisten, aber nur humanit\u00e4rund sollten Betonmischmaschinen liefern, gegen russisches Milit\u00e4r\u201c.Er w\u00fcrde es doch jedes Mal mit einer gro\u00dfen Begeisterung sehen,wenn Geb\u00e4ude zerbombt, wieder in kurzer Zeit aufgebaut stehen. Diese schon \u201efast tragische Logik\u201c kann ich so nicht nachvollziehen,wenn Menschen wegen Zerst\u00f6rungen m\u00fcssen aus dem Land fliehen.Mit roher Gewalt [&hellip;]<\/p>\n","protected":false},"author":3,"featured_media":0,"parent":0,"menu_order":0,"comment_status":"closed","ping_status":"closed","template":"","meta":{"footnotes":""},"class_list":["post-6091","page","type-page","status-publish","hentry"],"jetpack_sharing_enabled":true,"_links":{"self":[{"href":"https:\/\/www.overline-design.de\/poetry\/index.php?rest_route=\/wp\/v2\/pages\/6091","targetHints":{"allow":["GET"]}}],"collection":[{"href":"https:\/\/www.overline-design.de\/poetry\/index.php?rest_route=\/wp\/v2\/pages"}],"about":[{"href":"https:\/\/www.overline-design.de\/poetry\/index.php?rest_route=\/wp\/v2\/types\/page"}],"author":[{"embeddable":true,"href":"https:\/\/www.overline-design.de\/poetry\/index.php?rest_route=\/wp\/v2\/users\/3"}],"replies":[{"embeddable":true,"href":"https:\/\/www.overline-design.de\/poetry\/index.php?rest_route=%2Fwp%2Fv2%2Fcomments&post=6091"}],"version-history":[{"count":2,"href":"https:\/\/www.overline-design.de\/poetry\/index.php?rest_route=\/wp\/v2\/pages\/6091\/revisions"}],"predecessor-version":[{"id":6093,"href":"https:\/\/www.overline-design.de\/poetry\/index.php?rest_route=\/wp\/v2\/pages\/6091\/revisions\/6093"}],"wp:attachment":[{"href":"https:\/\/www.overline-design.de\/poetry\/index.php?rest_route=%2Fwp%2Fv2%2Fmedia&parent=6091"}],"curies":[{"name":"wp","href":"https:\/\/api.w.org\/{rel}","templated":true}]}}