
{"id":6248,"date":"2022-11-10T16:28:09","date_gmt":"2022-11-10T16:28:09","guid":{"rendered":"https:\/\/www.overline-design.de\/poetry\/?page_id=6248"},"modified":"2022-11-17T09:28:57","modified_gmt":"2022-11-17T09:28:57","slug":"der-amerikanische-vulkan-trump-spuckt-wieder-laber","status":"publish","type":"page","link":"https:\/\/www.overline-design.de\/poetry\/?page_id=6248","title":{"rendered":"Der amerikanische Vulkan Trump spuckt wieder \u201eLaber\u201c"},"content":{"rendered":"\n<p>Der Donald Trump will es nun doch noch einmal wissen<br>und hofft, dass die Amerikaner ihn bereits vermissen.<br>Und so \u201elabert\u201c er schon wieder seine Phrasen nieder<br>und hofft, dass Amerika will ihn als Pr\u00e4sidenten wieder.<br><br>Der Donald Trump beifallheischend in die \u201eMenge\u201c blickt<br>und meint, er taktiert mit seinen Phrasen doch geschickt.<br>\u201eMake America great again\u201c, ist Trumps st\u00e4ndiger Spruch,<br>aber h\u00f6rt sich an, wie ein um Macht &#8222;bettelnder&#8220; Versuch.<br><br>Trump sieht sich als Nabel und wichtigste Person der Welt<br>und will die Weltordnung ver\u00e4ndern, so wie es ihm gef\u00e4llt.<br>Er will wieder jedem \u201ewei\u00dfen\u201c Amerikaner dienlich sein,<br>aber l\u00e4sst Amerika mit den Folgeproblemen dann allein.<br><br>Er hat Konkurrenz aus den eigenen Reihen bekommen.<br>Man kann hoffen, die Kandidatur wird ihm abgenommen.<br>Oder besser, die Demokraten bleiben in Amt und W\u00fcrden<br>und schaffen bei der n\u00e4chsten Wahl auch die \u201eH\u00fcrden\u201c.<br><br>Bald wird die Welt von Egomanen und Autokraten regiert<br>und klar ist dann wohl, dass die Menschheit dabei verliert.<br>Bei diesen Typen dreht es sich nur um die eigene Person<br>und als Verantwortung f\u00fcr die Restwelt war es das schon.<br><br>Man hofft, dass bis dahin der Ukraine-Krieg ist beendet,<br>denn wenn er an der Macht, sich das Blatt dann wendet.<br>Aber vielleicht wird er es \u201ediplomatisch\u201c sogar versuchen,<br>zu bekommen dann ein St\u00fcck von dem Ukraine-Kuchen.<br><br>Trump wird mit dem Despoten Putin Frieden beschlie\u00dfen<br>und Putin schw\u00f6rt: \u201eEr w\u00fcrde nie auf Amerika schie\u00dfen\u201c.<br>Auf Worte von Egomanen oder Despoten ist kein Verlass,<br>denn sie wollen nur f\u00fcr sich gewinnen und s\u00e4en nur Hass.<br><br>\u00a9 Rainer Dambroth &#8211; 10.11.2022 &#8211; \ud83d\udd17<strong><a href=\"http:\/\/www.overline-poetry.de\/\">www.overline-poetry.de<\/a><br><br>Labern = sich wortreich \u00fcber oft belanglose Dinge auslassen, viele \u00fcberfl\u00fcssige Worte machen.<\/strong><br><br>\ud83d\udd17<strong><a rel=\"noreferrer noopener\" href=\"https:\/\/www.overline-design.de\/poetry\/?page_id=2388\" target=\"_blank\">Donald Trump, ein Albtraum endet<\/a><br>\ud83d\udd17<a rel=\"noreferrer noopener\" href=\"https:\/\/www.overline-design.de\/poetry\/?page_id=1521\" target=\"_blank\">Donald Trump spielt Lotto<\/a><\/strong><\/p>\n\n\n\n<p><br><\/p>\n","protected":false},"excerpt":{"rendered":"<p>Der Donald Trump will es nun doch noch einmal wissenund hofft, dass die Amerikaner ihn bereits vermissen.Und so \u201elabert\u201c er schon wieder seine Phrasen niederund hofft, dass Amerika will ihn als Pr\u00e4sidenten wieder. Der Donald Trump beifallheischend in die \u201eMenge\u201c blicktund meint, er taktiert mit seinen Phrasen doch geschickt.\u201eMake America great again\u201c, ist Trumps st\u00e4ndiger [&hellip;]<\/p>\n","protected":false},"author":3,"featured_media":0,"parent":0,"menu_order":0,"comment_status":"closed","ping_status":"closed","template":"","meta":{"footnotes":""},"class_list":["post-6248","page","type-page","status-publish","hentry"],"jetpack_sharing_enabled":true,"_links":{"self":[{"href":"https:\/\/www.overline-design.de\/poetry\/index.php?rest_route=\/wp\/v2\/pages\/6248","targetHints":{"allow":["GET"]}}],"collection":[{"href":"https:\/\/www.overline-design.de\/poetry\/index.php?rest_route=\/wp\/v2\/pages"}],"about":[{"href":"https:\/\/www.overline-design.de\/poetry\/index.php?rest_route=\/wp\/v2\/types\/page"}],"author":[{"embeddable":true,"href":"https:\/\/www.overline-design.de\/poetry\/index.php?rest_route=\/wp\/v2\/users\/3"}],"replies":[{"embeddable":true,"href":"https:\/\/www.overline-design.de\/poetry\/index.php?rest_route=%2Fwp%2Fv2%2Fcomments&post=6248"}],"version-history":[{"count":8,"href":"https:\/\/www.overline-design.de\/poetry\/index.php?rest_route=\/wp\/v2\/pages\/6248\/revisions"}],"predecessor-version":[{"id":6308,"href":"https:\/\/www.overline-design.de\/poetry\/index.php?rest_route=\/wp\/v2\/pages\/6248\/revisions\/6308"}],"wp:attachment":[{"href":"https:\/\/www.overline-design.de\/poetry\/index.php?rest_route=%2Fwp%2Fv2%2Fmedia&parent=6248"}],"curies":[{"name":"wp","href":"https:\/\/api.w.org\/{rel}","templated":true}]}}