
{"id":6287,"date":"2016-10-10T16:52:00","date_gmt":"2016-10-10T16:52:00","guid":{"rendered":"https:\/\/www.overline-design.de\/poetry\/?page_id=6287"},"modified":"2022-11-14T16:57:52","modified_gmt":"2022-11-14T16:57:52","slug":"der-36-hochzeittag-smaragdhochzeit","status":"publish","type":"page","link":"https:\/\/www.overline-design.de\/poetry\/?page_id=6287","title":{"rendered":"Der 36. Hochzeittag, Smaragdhochzeit"},"content":{"rendered":"\n<p class=\"has-text-align-center\"><br>Zum 36. Hochzeitgedenken,<br>was sollen wir euch schenken?<br>Dieses Jahr gibt es einen Smaragd,<br>denn dieser ist f\u00fcr diesen Tag angesagt.<br><br>Damit der Smaragd den, der ihn tr\u00e4gt,<br>nicht beim Tragen mal erschl\u00e4gt,<br>wurde ein kleiner Stein ausgew\u00e4hlt,<br>denn es ist nicht die Gr\u00f6\u00dfe, die nur z\u00e4hlt.<br><br>Mit reinem Herzen einem zugedacht,<br>entscheidend, was man damit macht.<br>Dieser Stein ist echt und geschliffen,<br>ich hoffe, ihr habt das so begriffen.<br><br>Eingefasst in Silber, Gold oder Holz,<br>die Frau tr\u00e4gt es gerne und mit Stolz.<br>Viel Gl\u00fcck und Erfolg f\u00fcr das 37. Jahr<br>wir denken an euch, das ist doch klar.<br><br><strong>\u00a9<\/strong> Rainer Dambroth &#8211; 10.10..2016 &#8211; <strong><a href=\"http:\/\/www.overline-poetry.de\/\">www.overline-poetry.de<\/a><br><\/strong><br><\/p>\n","protected":false},"excerpt":{"rendered":"<p>Zum 36. Hochzeitgedenken,was sollen wir euch schenken?Dieses Jahr gibt es einen Smaragd,denn dieser ist f\u00fcr diesen Tag angesagt. Damit der Smaragd den, der ihn tr\u00e4gt,nicht beim Tragen mal erschl\u00e4gt,wurde ein kleiner Stein ausgew\u00e4hlt,denn es ist nicht die Gr\u00f6\u00dfe, die nur z\u00e4hlt. Mit reinem Herzen einem zugedacht,entscheidend, was man damit macht.Dieser Stein ist echt und geschliffen,ich [&hellip;]<\/p>\n","protected":false},"author":3,"featured_media":0,"parent":0,"menu_order":0,"comment_status":"closed","ping_status":"closed","template":"","meta":{"footnotes":""},"class_list":["post-6287","page","type-page","status-publish","hentry"],"jetpack_sharing_enabled":true,"_links":{"self":[{"href":"https:\/\/www.overline-design.de\/poetry\/index.php?rest_route=\/wp\/v2\/pages\/6287","targetHints":{"allow":["GET"]}}],"collection":[{"href":"https:\/\/www.overline-design.de\/poetry\/index.php?rest_route=\/wp\/v2\/pages"}],"about":[{"href":"https:\/\/www.overline-design.de\/poetry\/index.php?rest_route=\/wp\/v2\/types\/page"}],"author":[{"embeddable":true,"href":"https:\/\/www.overline-design.de\/poetry\/index.php?rest_route=\/wp\/v2\/users\/3"}],"replies":[{"embeddable":true,"href":"https:\/\/www.overline-design.de\/poetry\/index.php?rest_route=%2Fwp%2Fv2%2Fcomments&post=6287"}],"version-history":[{"count":1,"href":"https:\/\/www.overline-design.de\/poetry\/index.php?rest_route=\/wp\/v2\/pages\/6287\/revisions"}],"predecessor-version":[{"id":6288,"href":"https:\/\/www.overline-design.de\/poetry\/index.php?rest_route=\/wp\/v2\/pages\/6287\/revisions\/6288"}],"wp:attachment":[{"href":"https:\/\/www.overline-design.de\/poetry\/index.php?rest_route=%2Fwp%2Fv2%2Fmedia&parent=6287"}],"curies":[{"name":"wp","href":"https:\/\/api.w.org\/{rel}","templated":true}]}}