
{"id":6329,"date":"2010-10-10T16:00:00","date_gmt":"2010-10-10T16:00:00","guid":{"rendered":"https:\/\/www.overline-design.de\/poetry\/?page_id=6329"},"modified":"2022-12-11T05:06:59","modified_gmt":"2022-12-11T05:06:59","slug":"perlenhochzeit-30-jahre-ehestand","status":"publish","type":"page","link":"https:\/\/www.overline-design.de\/poetry\/?page_id=6329","title":{"rendered":"Perlenhochzeit \u2013 30. Jahre Ehestand"},"content":{"rendered":"\n<p>Drei\u00dfig Ehejahre sind nun verflogen<br>wie auf eine Perlenkette aufgezogen.<br>F\u00fcr jedes Jahr, ich erw\u00e4hn\u00b4s hier nur,<br>kommt eine der Perle auf die Schnur.<br><br>Warum 60 Perlen, dass ist die Frage?<br>Dann h\u00f6rt doch zu, was ich dazu sage.<br>Drei\u00dfig f\u00fcr die Zeit, die ist zerronnen,<br>drei\u00dfig f\u00fcr die Zeit, die heut\u00b4begonnen.<br><br>Mindestens eine Woche, so ist es Pflicht,<br>bleibt diese Perlenkette im Tageslicht,<br>so dass alle Besucher es gleich sehen,<br>dass die Beiden sich sehr gut verstehen.<br><br>Den R\u00fcckblick will ich hier heute wagen.<br>Es war nicht leicht, kann ich nur sagen,<br>aber mit sehr viel Flei\u00df und mit Geschick,<br>dazu viel Liebe und ein Qu\u00e4ntchen Gl\u00fcck.<br><br>Die Rede ist hier nicht vom Liebesleben,<br>doch wie man wei\u00df, dass hat es gegeben.<br>Drei Kinder wurden \u201ebeim Storch\u201c bestellt<br>und kamen in Folge dann auf die Welt.<br><br>Weiterhin viel Erfolg und auch viel Gl\u00fcck<br>und nat\u00fcrlich \u201eg\u00e4rtnerischen\u201c Geschick,<br>denn ihr habt euch viel vorgenommen,<br>und gerne sind wir zu euch gekommen.<br><br><strong>\u00a9<\/strong> Rainer Dambroth &#8211; 10.10.2010 &#8211; <strong><a href=\"http:\/\/www.overline-poetry.de\/\">www.overline-poetry.de<\/a><\/strong><br><br><\/p>\n","protected":false},"excerpt":{"rendered":"<p>Drei\u00dfig Ehejahre sind nun verflogenwie auf eine Perlenkette aufgezogen.F\u00fcr jedes Jahr, ich erw\u00e4hn\u00b4s hier nur,kommt eine der Perle auf die Schnur. Warum 60 Perlen, dass ist die Frage?Dann h\u00f6rt doch zu, was ich dazu sage.Drei\u00dfig f\u00fcr die Zeit, die ist zerronnen,drei\u00dfig f\u00fcr die Zeit, die heut\u00b4begonnen. Mindestens eine Woche, so ist es Pflicht,bleibt diese Perlenkette [&hellip;]<\/p>\n","protected":false},"author":3,"featured_media":0,"parent":0,"menu_order":0,"comment_status":"closed","ping_status":"closed","template":"","meta":{"footnotes":""},"class_list":["post-6329","page","type-page","status-publish","hentry"],"jetpack_sharing_enabled":true,"_links":{"self":[{"href":"https:\/\/www.overline-design.de\/poetry\/index.php?rest_route=\/wp\/v2\/pages\/6329","targetHints":{"allow":["GET"]}}],"collection":[{"href":"https:\/\/www.overline-design.de\/poetry\/index.php?rest_route=\/wp\/v2\/pages"}],"about":[{"href":"https:\/\/www.overline-design.de\/poetry\/index.php?rest_route=\/wp\/v2\/types\/page"}],"author":[{"embeddable":true,"href":"https:\/\/www.overline-design.de\/poetry\/index.php?rest_route=\/wp\/v2\/users\/3"}],"replies":[{"embeddable":true,"href":"https:\/\/www.overline-design.de\/poetry\/index.php?rest_route=%2Fwp%2Fv2%2Fcomments&post=6329"}],"version-history":[{"count":2,"href":"https:\/\/www.overline-design.de\/poetry\/index.php?rest_route=\/wp\/v2\/pages\/6329\/revisions"}],"predecessor-version":[{"id":6509,"href":"https:\/\/www.overline-design.de\/poetry\/index.php?rest_route=\/wp\/v2\/pages\/6329\/revisions\/6509"}],"wp:attachment":[{"href":"https:\/\/www.overline-design.de\/poetry\/index.php?rest_route=%2Fwp%2Fv2%2Fmedia&parent=6329"}],"curies":[{"name":"wp","href":"https:\/\/api.w.org\/{rel}","templated":true}]}}