
{"id":6333,"date":"2022-11-21T18:01:33","date_gmt":"2022-11-21T18:01:33","guid":{"rendered":"https:\/\/www.overline-design.de\/poetry\/?page_id=6333"},"modified":"2022-11-22T05:17:46","modified_gmt":"2022-11-22T05:17:46","slug":"es-gibt-kein-bier-in-qatar","status":"publish","type":"page","link":"https:\/\/www.overline-design.de\/poetry\/?page_id=6333","title":{"rendered":"Es gibt kein Bier in Qatar"},"content":{"rendered":"\n<p><strong>Es gibt kein Bier in Qatar, es gibt kein Bier,<br>darum fahre ich nicht nach Qatar, drum bleib ich hier<br>es ist so hei\u00df in Qatar und kein k\u00fchler Fleck<br>und nur vom Fu\u00dfball sehen geht der Durst nicht weg.<\/strong><br><br>Die Qatarer verstie\u00dfen gegen W\u00fcrde und Menschenrecht,<br>denn den dort arbeitenden Sklaven ging es sehr schlecht.<br>Aber die \u201eMafiosi der Fifa\u201c wurden mit Geld ruhiggestellt,<br>so dass sie nichts sahen, aber daf\u00fcr wurde Geld gez\u00e4hlt.<br><br><strong>Es gibt kein Bier in Qatar, es gibt kein Bier,<br>darum fahre ich nicht nach Qatar, drum bleib ich hier<br>es ist so hei\u00df in Qatar und kein k\u00fchler Fleck<br>und nur vom Fu\u00dfball sehen geht der Durst nicht weg.<\/strong><br><br>Die Fu\u00dfball-WM wurde von Qatar bei der Fifa \u201eeingekauft\u201c<br>und da schon beschlossen, dass in Qatar kein Bier verkauft.<br>Auch bezahlte Claqueure wurden von den Qatarer engagiert<br>und auch daf\u00fcr gesorgt, dass jede Form von Protest verliert.<br><br><strong>Es gibt kein Bier in Qatar, es gibt kein Bier,<br>darum fahre ich nicht nach Qatar, drum bleib ich hier<br>es ist so hei\u00df in Qatar und kein k\u00fchler Fleck<br>und nur vom Fu\u00dfball sehen geht der Durst nicht weg.<\/strong><br><br>Kurzfristig die Qatarer offiziell das Bier-Verbot beschlie\u00dfen<br>und so vermieden, dass die angereisten Fans Bier genie\u00dfen.<br>Durch die kurzfristige Bekanntgabe wollte man vermeiden,<br>dass sich Fu\u00dfballfans gegen eine Anreise dann entscheiden.<br><br><strong>Es gibt kein Bier in Qatar, es gibt kein Bier,<br>darum fahre ich nicht nach Qatar, drum bleib ich hier<br>es ist so hei\u00df in Qatar und kein k\u00fchler Fleck<br>und nur vom Fu\u00dfball sehen geht der Durst nicht weg.<\/strong><br><br>Ist man schwul, dann ist man in Qatar nicht gern gesehen,<br>denn die Qatarer die Schwulen als kranke Menschen sehen.<br>Die Qatarer sind mit ihrer Toleranz zeitlich zur\u00fcck geblieben,<br>auch das selbst\u00e4ndiges Handeln von Frauen sie nicht lieben.<br><br><strong>Man darf nicht schwul sein in Qatar, nicht schwul,<br>denn die Qatarer finden schwul sein nicht als cool!<br>Schwul zu sein, dies Qatarer als krank beschreiben<br>und Schwule sollten dann besser zu Hause bleiben<\/strong><br><br><strong>\u00a9<\/strong> Rainer Dambroth &#8211; 21.11.2022 &#8211; <strong><a href=\"http:\/\/www.overline-poetry.de\/\">www.overline-poetry.de<\/a><\/strong><br><br><\/p>\n\n\n\n<figure class=\"wp-block-image\"><img decoding=\"async\" src=\"https:\/\/images.ctfassets.net\/pjshm78m9jt4\/7a62zRduXtGJ9ivax0MyOh\/7848b55c363050d14e32bcd60c2870e8\/PA-68940456.jpg\" alt=\"Qatar World Cup 2022: Wales to wear 'OneLove' armband ...\"\/><\/figure>\n","protected":false},"excerpt":{"rendered":"<p>Es gibt kein Bier in Qatar, es gibt kein Bier,darum fahre ich nicht nach Qatar, drum bleib ich hieres ist so hei\u00df in Qatar und kein k\u00fchler Fleckund nur vom Fu\u00dfball sehen geht der Durst nicht weg. Die Qatarer verstie\u00dfen gegen W\u00fcrde und Menschenrecht,denn den dort arbeitenden Sklaven ging es sehr schlecht.Aber die \u201eMafiosi der [&hellip;]<\/p>\n","protected":false},"author":3,"featured_media":0,"parent":0,"menu_order":0,"comment_status":"closed","ping_status":"closed","template":"","meta":{"footnotes":""},"class_list":["post-6333","page","type-page","status-publish","hentry"],"jetpack_sharing_enabled":true,"_links":{"self":[{"href":"https:\/\/www.overline-design.de\/poetry\/index.php?rest_route=\/wp\/v2\/pages\/6333","targetHints":{"allow":["GET"]}}],"collection":[{"href":"https:\/\/www.overline-design.de\/poetry\/index.php?rest_route=\/wp\/v2\/pages"}],"about":[{"href":"https:\/\/www.overline-design.de\/poetry\/index.php?rest_route=\/wp\/v2\/types\/page"}],"author":[{"embeddable":true,"href":"https:\/\/www.overline-design.de\/poetry\/index.php?rest_route=\/wp\/v2\/users\/3"}],"replies":[{"embeddable":true,"href":"https:\/\/www.overline-design.de\/poetry\/index.php?rest_route=%2Fwp%2Fv2%2Fcomments&post=6333"}],"version-history":[{"count":7,"href":"https:\/\/www.overline-design.de\/poetry\/index.php?rest_route=\/wp\/v2\/pages\/6333\/revisions"}],"predecessor-version":[{"id":6344,"href":"https:\/\/www.overline-design.de\/poetry\/index.php?rest_route=\/wp\/v2\/pages\/6333\/revisions\/6344"}],"wp:attachment":[{"href":"https:\/\/www.overline-design.de\/poetry\/index.php?rest_route=%2Fwp%2Fv2%2Fmedia&parent=6333"}],"curies":[{"name":"wp","href":"https:\/\/api.w.org\/{rel}","templated":true}]}}