
{"id":6345,"date":"2022-11-22T10:07:02","date_gmt":"2022-11-22T10:07:02","guid":{"rendered":"https:\/\/www.overline-design.de\/poetry\/?page_id=6345"},"modified":"2022-11-29T06:41:13","modified_gmt":"2022-11-29T06:41:13","slug":"rbb-neue-intendantin-katrin-vernau-an-der-armutsgrenze","status":"publish","type":"page","link":"https:\/\/www.overline-design.de\/poetry\/?page_id=6345","title":{"rendered":"RBB \u2013 Neue Intendantin Katrin Vernau an der \u201eArmutsgrenze\u201c?"},"content":{"rendered":"\n<p>Bei den \u00d6ffentlichrechtlichen wurde das \u201eMa\u00dfhalten\u201c nie ernst genommen,<br>denn man nimmt den Zwangszahlern ab, alles was man kann bekommen!<br>Man will von den Zwangszahlern mehr an Geb\u00fchren \u00fcber die GEZ erhalten,<br>aber sie sollten lernen, die \u201eZwangsgeb\u00fchren\u201c auch sparsam zu verwalten.<br><br>Dazu der folgende Spruch zitiert: \u201eDer Fisch f\u00e4ngt vom Kopf an zu stinken\u201c,<br>denn wenn zu gierig, wird man hoffentlich im \u201eGeb\u00fchrensumpf\u201c ertrinken.<br>Die Intendantin Katrin Vernau sollte sich sch\u00e4men und sich nicht beklagen,<br>denn sie fordert zu dem unangemessenen hohen Gehalt noch Mietzulagen.<br><br>Hier sollte man die Qualit\u00e4t verbessern und die Verwaltung verschlanken,<br>der Zwangszahler wird es der Verwaltung der \u00d6ffentlichrechtlichen danken.<br>Dieser \u201eStall geh\u00f6rt ausgemistet\u201c und von zu hohen Personalkosten befreit,<br>erst dann w\u00e4re der Zwangszahler zu einer Geb\u00fchrenerh\u00f6hung auch bereit.<br><br>Im Verwaltungsvergleich der \u00d6ffentlichrechtlichen zu Sendern der Privaten,<br>die finanzieren sich \u00fcber Werbung und da kann man mehr Geld \u201everbraten\u201c.<br>Nur weil wir \u00fcber Jahre zu viel Geld bei den \u201eSpitzen\u201c der Sender verlieren,<br>sollte man nicht als Intendantin beim RBB &#8222;eine zu gro\u00dfe Lippe riskieren&#8220;.<br><br>\u00a9 Rainer Dambroth &#8211; 22.11.2022 &#8211; <strong><a href=\"http:\/\/www.overline-poetry.de\/\">www.overline-poetry.de<\/a><\/strong><br><br>\ud83d\udd17 <a href=\"https:\/\/www.overline-design.de\/poetry\/?page_id=3669\" data-type=\"URL\" data-id=\"https:\/\/www.overline-design.de\/poetry\/?page_id=3669\"><strong>Fusion ARD + ZDF<\/strong><\/a> &#8211; 15.05.2021<\/p>\n","protected":false},"excerpt":{"rendered":"<p>Bei den \u00d6ffentlichrechtlichen wurde das \u201eMa\u00dfhalten\u201c nie ernst genommen,denn man nimmt den Zwangszahlern ab, alles was man kann bekommen!Man will von den Zwangszahlern mehr an Geb\u00fchren \u00fcber die GEZ erhalten,aber sie sollten lernen, die \u201eZwangsgeb\u00fchren\u201c auch sparsam zu verwalten. Dazu der folgende Spruch zitiert: \u201eDer Fisch f\u00e4ngt vom Kopf an zu stinken\u201c,denn wenn zu gierig, [&hellip;]<\/p>\n","protected":false},"author":3,"featured_media":0,"parent":0,"menu_order":0,"comment_status":"closed","ping_status":"closed","template":"","meta":{"footnotes":""},"class_list":["post-6345","page","type-page","status-publish","hentry"],"jetpack_sharing_enabled":true,"_links":{"self":[{"href":"https:\/\/www.overline-design.de\/poetry\/index.php?rest_route=\/wp\/v2\/pages\/6345","targetHints":{"allow":["GET"]}}],"collection":[{"href":"https:\/\/www.overline-design.de\/poetry\/index.php?rest_route=\/wp\/v2\/pages"}],"about":[{"href":"https:\/\/www.overline-design.de\/poetry\/index.php?rest_route=\/wp\/v2\/types\/page"}],"author":[{"embeddable":true,"href":"https:\/\/www.overline-design.de\/poetry\/index.php?rest_route=\/wp\/v2\/users\/3"}],"replies":[{"embeddable":true,"href":"https:\/\/www.overline-design.de\/poetry\/index.php?rest_route=%2Fwp%2Fv2%2Fcomments&post=6345"}],"version-history":[{"count":6,"href":"https:\/\/www.overline-design.de\/poetry\/index.php?rest_route=\/wp\/v2\/pages\/6345\/revisions"}],"predecessor-version":[{"id":6392,"href":"https:\/\/www.overline-design.de\/poetry\/index.php?rest_route=\/wp\/v2\/pages\/6345\/revisions\/6392"}],"wp:attachment":[{"href":"https:\/\/www.overline-design.de\/poetry\/index.php?rest_route=%2Fwp%2Fv2%2Fmedia&parent=6345"}],"curies":[{"name":"wp","href":"https:\/\/api.w.org\/{rel}","templated":true}]}}