
{"id":6383,"date":"2022-11-14T16:27:00","date_gmt":"2022-11-14T16:27:00","guid":{"rendered":"https:\/\/www.overline-design.de\/poetry\/?page_id=6383"},"modified":"2022-12-10T15:25:14","modified_gmt":"2022-12-10T15:25:14","slug":"nicht-die-groesse-ist-entscheidend","status":"publish","type":"page","link":"https:\/\/www.overline-design.de\/poetry\/?page_id=6383","title":{"rendered":"Nicht die Gr\u00f6\u00dfe ist entscheidend"},"content":{"rendered":"\n<p>Nicht nur auf die Gr\u00f6\u00dfe kommt es an,<br>weder beim Schmuck noch beim Mann.<br>Entscheidend ist, wem <strong>ER<\/strong> letztlich ziert<br>und ob <strong>ER<\/strong> damit gewinnt oder verliert.<br><br>Ist <strong>ER<\/strong> zu gro\u00df und zu protzig gew\u00e4hlt,<br><strong>ER<\/strong> den Betrachter sehr nur damit qu\u00e4lt.<br>Die richtige Gr\u00f6\u00dfe sollte es doch sein,<br>dann wird <strong>ER<\/strong> eine gro\u00dfe Freude sein.<br><br>Wir leben st\u00e4ndig mit dem Vergleichen<br>und auch hinterfragen: Wird <strong>ER<\/strong> reichen?<br>Wird <strong>ER<\/strong> dem geplanten Anlass gerecht,<br>denn man will nicht erscheinen schlecht?<br><br><strong>ER<\/strong> wird mit Erwartung dann betrachtet<br>und nicht wegen \u201eProtzigkeit\u201c verachtet.<br>Wenn <strong>ER<\/strong> durch Erscheinung \u201ebedr\u00e4ngt\u201c\u201c,<br>bleibt entscheidend, an wem <strong>ER<\/strong> \u201eh\u00e4ngt\u201c.<br><br><strong>\u00a9<\/strong> Rainer Dambroth &#8211; 14.11.2022 &#8211; <strong><a href=\"https:\/\/www.overline-poetry.de\/\">www.overline-poetry.de<\/a><\/strong><br><br><\/p>\n\n\n\n<p><\/p>\n","protected":false},"excerpt":{"rendered":"<p>Nicht nur auf die Gr\u00f6\u00dfe kommt es an,weder beim Schmuck noch beim Mann.Entscheidend ist, wem ER letztlich ziertund ob ER damit gewinnt oder verliert. Ist ER zu gro\u00df und zu protzig gew\u00e4hlt,ER den Betrachter sehr nur damit qu\u00e4lt.Die richtige Gr\u00f6\u00dfe sollte es doch sein,dann wird ER eine gro\u00dfe Freude sein. Wir leben st\u00e4ndig mit dem [&hellip;]<\/p>\n","protected":false},"author":3,"featured_media":0,"parent":0,"menu_order":0,"comment_status":"closed","ping_status":"closed","template":"","meta":{"footnotes":""},"class_list":["post-6383","page","type-page","status-publish","hentry"],"jetpack_sharing_enabled":true,"_links":{"self":[{"href":"https:\/\/www.overline-design.de\/poetry\/index.php?rest_route=\/wp\/v2\/pages\/6383","targetHints":{"allow":["GET"]}}],"collection":[{"href":"https:\/\/www.overline-design.de\/poetry\/index.php?rest_route=\/wp\/v2\/pages"}],"about":[{"href":"https:\/\/www.overline-design.de\/poetry\/index.php?rest_route=\/wp\/v2\/types\/page"}],"author":[{"embeddable":true,"href":"https:\/\/www.overline-design.de\/poetry\/index.php?rest_route=\/wp\/v2\/users\/3"}],"replies":[{"embeddable":true,"href":"https:\/\/www.overline-design.de\/poetry\/index.php?rest_route=%2Fwp%2Fv2%2Fcomments&post=6383"}],"version-history":[{"count":5,"href":"https:\/\/www.overline-design.de\/poetry\/index.php?rest_route=\/wp\/v2\/pages\/6383\/revisions"}],"predecessor-version":[{"id":6518,"href":"https:\/\/www.overline-design.de\/poetry\/index.php?rest_route=\/wp\/v2\/pages\/6383\/revisions\/6518"}],"wp:attachment":[{"href":"https:\/\/www.overline-design.de\/poetry\/index.php?rest_route=%2Fwp%2Fv2%2Fmedia&parent=6383"}],"curies":[{"name":"wp","href":"https:\/\/api.w.org\/{rel}","templated":true}]}}