
{"id":6399,"date":"2016-11-07T14:50:00","date_gmt":"2016-11-07T14:50:00","guid":{"rendered":"https:\/\/www.overline-design.de\/poetry\/?page_id=6399"},"modified":"2022-11-29T15:07:42","modified_gmt":"2022-11-29T15:07:42","slug":"vom-verleiher-geliehen","status":"publish","type":"page","link":"https:\/\/www.overline-design.de\/poetry\/?page_id=6399","title":{"rendered":"Vom Verleiher geliehen"},"content":{"rendered":"\n<p>Wer von einem Verleiher etwas geliehen,<br>dann ist es dem Verleiher auch bald leid<br>und an dem wird nichts mehr verliehen,<br>wenn man es beh\u00e4lt, weit \u00fcber die Zeit.<br><br>Bringt man es zur\u00fcck in einer kurzer Zeit,<br>vom Verleiher Geliehenes wieder zur\u00fcck,<br>dann ist der Verleiher auch gerne bereit,<br>wieder zu verleihen und das zum Gl\u00fcck.<br><br>Wer sich von einem Verleiher etwas leiht,<br>und als Eigen beh\u00e4lt, dem nicht zugeneigt<br>und \u00fcber l\u00e4ngere Zeit auch nicht verzeiht,<br>wenn Geliehenes als sein Eigen dann zeigt.<br><br><strong>\u00a9<\/strong> Rainer Dambroth &#8211; 07.11.2016 &#8211; <strong><a href=\"http:\/\/www.overline-poetry.de\/\">www.overline-poetry.de<\/a><\/strong><\/p>\n","protected":false},"excerpt":{"rendered":"<p>Wer von einem Verleiher etwas geliehen,dann ist es dem Verleiher auch bald leidund an dem wird nichts mehr verliehen,wenn man es beh\u00e4lt, weit \u00fcber die Zeit. Bringt man es zur\u00fcck in einer kurzer Zeit,vom Verleiher Geliehenes wieder zur\u00fcck,dann ist der Verleiher auch gerne bereit,wieder zu verleihen und das zum Gl\u00fcck. Wer sich von einem Verleiher [&hellip;]<\/p>\n","protected":false},"author":3,"featured_media":0,"parent":0,"menu_order":0,"comment_status":"closed","ping_status":"closed","template":"","meta":{"footnotes":""},"class_list":["post-6399","page","type-page","status-publish","hentry"],"jetpack_sharing_enabled":true,"_links":{"self":[{"href":"https:\/\/www.overline-design.de\/poetry\/index.php?rest_route=\/wp\/v2\/pages\/6399","targetHints":{"allow":["GET"]}}],"collection":[{"href":"https:\/\/www.overline-design.de\/poetry\/index.php?rest_route=\/wp\/v2\/pages"}],"about":[{"href":"https:\/\/www.overline-design.de\/poetry\/index.php?rest_route=\/wp\/v2\/types\/page"}],"author":[{"embeddable":true,"href":"https:\/\/www.overline-design.de\/poetry\/index.php?rest_route=\/wp\/v2\/users\/3"}],"replies":[{"embeddable":true,"href":"https:\/\/www.overline-design.de\/poetry\/index.php?rest_route=%2Fwp%2Fv2%2Fcomments&post=6399"}],"version-history":[{"count":3,"href":"https:\/\/www.overline-design.de\/poetry\/index.php?rest_route=\/wp\/v2\/pages\/6399\/revisions"}],"predecessor-version":[{"id":6408,"href":"https:\/\/www.overline-design.de\/poetry\/index.php?rest_route=\/wp\/v2\/pages\/6399\/revisions\/6408"}],"wp:attachment":[{"href":"https:\/\/www.overline-design.de\/poetry\/index.php?rest_route=%2Fwp%2Fv2%2Fmedia&parent=6399"}],"curies":[{"name":"wp","href":"https:\/\/api.w.org\/{rel}","templated":true}]}}