
{"id":6420,"date":"2022-12-01T17:43:40","date_gmt":"2022-12-01T17:43:40","guid":{"rendered":"https:\/\/www.overline-design.de\/poetry\/?page_id=6420"},"modified":"2023-02-17T09:53:09","modified_gmt":"2023-02-17T09:53:09","slug":"klimagipfel","status":"publish","type":"page","link":"https:\/\/www.overline-design.de\/poetry\/?page_id=6420","title":{"rendered":"Klimagipfel \/ &#8222;Klimakleber&#8220;"},"content":{"rendered":"\n<p>Beim Klimagipfel wurde wieder nur der Untergang der Menschheit beschlossen<br>und den Aktivisten \u201eDie letzte Generation\u201c macht dieses Verhalten verdrossen.<br>Durch die Anklebe-Aktionen werden sie den Unmut der B\u00fcrger auf sich lenken,<br>denn die werden bei ihrer T\u00e4tigkeit behindert und wollen nicht soweit denken.<br><br>Die Aktivisten hoffen auf Solidarit\u00e4t in der Bev\u00f6lkerung durch ihre Aktivit\u00e4ten,<br>aber ob die B\u00fcrger hinter ihnen stehen, wenn die sich bei Terminen versp\u00e4ten?<br>Von unserer Regierung sollte man ein deutliches Zeichen f\u00fcr die Zukunft setzen<br>und nicht, ob die Aktivisten mit den Aktivit\u00e4ten unsere \u201eAutorit\u00e4ten\u201c verletzen.<br><br>Es ist pure Hilflosigkeit von Aktivisten, die sich um das Klima der Welt sorgen,<br>wenn wir in diesem Tempo weitermachen, dann gibt es f\u00fcr uns kein \u201emorgen\u201c.<br>Leider schlie\u00dfen sich Chaoten an, die Proteste f\u00fcr \u201eStimmungsmache\u201c nutzen<br>und diese Aktionen \u201ead absurdum\u201c f\u00fchren und die sollten \u201edie Platte putzen\u201c.<br><br>Keine der Regierungen will zum Nachteil seines Landes und Volkes nachgeben<br>aber auch keine Staatsregierung will den Weltuntergang f\u00fcr sein Land erleben.<br>Aber die bestimmenden Regierenden sind altersm\u00e4\u00dfig \u00fcber ihren Lebenszenit<br>und bekommen somit den drohenden Untergang der Welt auch nicht mehr mit.<br><br>Der Ausspruch: \u201eDer Kl\u00fcgere gibt nach\u201c, wird sich leider so nicht bewahrheiten,<br>denn keiner der teilnehmenden Staaten will als \u201ekl\u00fcger\u201c zur Tat dann schreiten.<br>Hier werden das Wirtschaftsinteresse und Wachstum als vorrangig angepriesen<br>und wissend in Kauf genommen, dass wir unsere Welt in das \u201eChaos\u201c schie\u00dfen.<br><br>\u201eWir machen das schon\u201c, so der Ausspruch von allen Regierenden dieser Welt,<br>aber leider passiert sehr wenig in der Weltgemeinschaft und das nicht gef\u00e4llt.<br>Die Regierenden verlieren leider Handlungszeit beim Kampf gegen Despoten,<br>die Unruhen sch\u00fcren und die sich machen in unserer Welt dadurch zu Idioten.<br><br>\u00a9 Rainer Dambroth &#8211; 01.12.2022 &#8211; <strong><a href=\"http:\/\/www.overline-poetry.de\/\">www.overline-poetry.de<\/a><\/strong><br><br><\/p>\n\n\n\n<p><br><br><\/p>\n","protected":false},"excerpt":{"rendered":"<p>Beim Klimagipfel wurde wieder nur der Untergang der Menschheit beschlossenund den Aktivisten \u201eDie letzte Generation\u201c macht dieses Verhalten verdrossen.Durch die Anklebe-Aktionen werden sie den Unmut der B\u00fcrger auf sich lenken,denn die werden bei ihrer T\u00e4tigkeit behindert und wollen nicht soweit denken. Die Aktivisten hoffen auf Solidarit\u00e4t in der Bev\u00f6lkerung durch ihre Aktivit\u00e4ten,aber ob die B\u00fcrger [&hellip;]<\/p>\n","protected":false},"author":3,"featured_media":0,"parent":0,"menu_order":0,"comment_status":"closed","ping_status":"closed","template":"","meta":{"footnotes":""},"class_list":["post-6420","page","type-page","status-publish","hentry"],"jetpack_sharing_enabled":true,"_links":{"self":[{"href":"https:\/\/www.overline-design.de\/poetry\/index.php?rest_route=\/wp\/v2\/pages\/6420","targetHints":{"allow":["GET"]}}],"collection":[{"href":"https:\/\/www.overline-design.de\/poetry\/index.php?rest_route=\/wp\/v2\/pages"}],"about":[{"href":"https:\/\/www.overline-design.de\/poetry\/index.php?rest_route=\/wp\/v2\/types\/page"}],"author":[{"embeddable":true,"href":"https:\/\/www.overline-design.de\/poetry\/index.php?rest_route=\/wp\/v2\/users\/3"}],"replies":[{"embeddable":true,"href":"https:\/\/www.overline-design.de\/poetry\/index.php?rest_route=%2Fwp%2Fv2%2Fcomments&post=6420"}],"version-history":[{"count":7,"href":"https:\/\/www.overline-design.de\/poetry\/index.php?rest_route=\/wp\/v2\/pages\/6420\/revisions"}],"predecessor-version":[{"id":6983,"href":"https:\/\/www.overline-design.de\/poetry\/index.php?rest_route=\/wp\/v2\/pages\/6420\/revisions\/6983"}],"wp:attachment":[{"href":"https:\/\/www.overline-design.de\/poetry\/index.php?rest_route=%2Fwp%2Fv2%2Fmedia&parent=6420"}],"curies":[{"name":"wp","href":"https:\/\/api.w.org\/{rel}","templated":true}]}}