
{"id":6467,"date":"2021-12-08T06:42:00","date_gmt":"2021-12-08T06:42:00","guid":{"rendered":"https:\/\/www.overline-design.de\/poetry\/?page_id=6467"},"modified":"2023-02-03T07:32:05","modified_gmt":"2023-02-03T07:32:05","slug":"viva-epana-gequaelte-stiere","status":"publish","type":"page","link":"https:\/\/www.overline-design.de\/poetry\/?page_id=6467","title":{"rendered":"Viva Espa\u00f1a \u2013 Gequ\u00e4lte (S)Tiere"},"content":{"rendered":"\n<p>Man versteckt diese sinnlosen Tierqu\u00e4lereien hinter einer langen Tradition,<br>um damit diese Tierqu\u00e4lereien so als rechtens zu legitimieren dann schon.<br>Die zivilisierten Menschen haben sich entwickelt und die \u201eH\u00f6hle\u201c verlassen,<br>aber noch zu viele Spanier wollen nicht, dass diese Traditionen \u201everblassen\u201c.<br><br>Der ungleiche Stierkampf, bei dem der Stier wird so bestialisch massakriert,<br>dass der Torero den Kampf gewinnt und der Stier dabei sein Leben verliert.<br>Denn das hier anwesende Publikum will sich an dem spritzenden Blut erbauen,<br>darum gehen sie in die Arenen um sich die blutigen Stierk\u00e4mpfe anzuschauen.<br><br>In Pamplona werden die Stiere durch die Stra\u00dfen bis in die Arenen gehetzt<br>und \u201eM\u00f6chte-gern-Toreros\u201c sind von weit angereist und werden dabei verletzt.<br>Was wollen die \u201eStiertouristen\u201c sich mit ihrem Auftritten damit nur beweisen,<br>dass sie zu der Tierhatz, auch aus weiter Ferne, nach Pamplona dann reisen.<br><br>In einigen Orten werden junge Stiere an Pf\u00e4hle gebunden und brutal gequ\u00e4lt.<br>Das zur Belustigung und gro\u00dfen Vergn\u00fcgen der Zuschauer, was hier nur z\u00e4hlt.<br>An einen Pfahl angebunden, dann mit Tritten und St\u00f6cken schwer geschunden,<br>um den Stier zu qu\u00e4len und bis zu seinem \u201eZusammenbruch\u201c zu verwunden.<br><br>Beim Toro Jubilo werden \u201ePechklumpen\u201c an seinen H\u00f6rnern in Brand gesetzt<br>und dann der Stier mit den brennenden H\u00f6rnern durch die Stra\u00dfen gehetzt.<br>Woran k\u00f6nnen die Menschen in Spanien sich nur erfreuen und daran erbauen,<br>einem gequ\u00e4lten Tier bei den zugef\u00fcgten Leiden und Sterben zu zuschauen.<br><br>Der Galgo Espanol, der spanische Windhund wird als Jagdhund wertgesch\u00e4tzt<br>und w\u00e4hrend der Jagd hinter den zu jagenden Tieren dann hinter her gehetzt.<br>Der Galgo Windhund, der f\u00fcr die J\u00e4ger beim Jagen die Beute laufend einf\u00e4ngt,<br>aber nach der Jagdsaison dann entsorgt: erschossen oder am Baum erh\u00e4ngt.<br><br>\u00a9 Rainer Dambroth &#8211; 08.12.2021 &#8211; <strong><a href=\"https:\/\/www.overline-poetry.de\/\">www.overline-poetry.de<\/a><\/strong> <\/p>\n","protected":false},"excerpt":{"rendered":"<p>Man versteckt diese sinnlosen Tierqu\u00e4lereien hinter einer langen Tradition,um damit diese Tierqu\u00e4lereien so als rechtens zu legitimieren dann schon.Die zivilisierten Menschen haben sich entwickelt und die \u201eH\u00f6hle\u201c verlassen,aber noch zu viele Spanier wollen nicht, dass diese Traditionen \u201everblassen\u201c. Der ungleiche Stierkampf, bei dem der Stier wird so bestialisch massakriert,dass der Torero den Kampf gewinnt und [&hellip;]<\/p>\n","protected":false},"author":3,"featured_media":0,"parent":0,"menu_order":0,"comment_status":"closed","ping_status":"closed","template":"","meta":{"footnotes":""},"class_list":["post-6467","page","type-page","status-publish","hentry"],"jetpack_sharing_enabled":true,"_links":{"self":[{"href":"https:\/\/www.overline-design.de\/poetry\/index.php?rest_route=\/wp\/v2\/pages\/6467","targetHints":{"allow":["GET"]}}],"collection":[{"href":"https:\/\/www.overline-design.de\/poetry\/index.php?rest_route=\/wp\/v2\/pages"}],"about":[{"href":"https:\/\/www.overline-design.de\/poetry\/index.php?rest_route=\/wp\/v2\/types\/page"}],"author":[{"embeddable":true,"href":"https:\/\/www.overline-design.de\/poetry\/index.php?rest_route=\/wp\/v2\/users\/3"}],"replies":[{"embeddable":true,"href":"https:\/\/www.overline-design.de\/poetry\/index.php?rest_route=%2Fwp%2Fv2%2Fcomments&post=6467"}],"version-history":[{"count":5,"href":"https:\/\/www.overline-design.de\/poetry\/index.php?rest_route=\/wp\/v2\/pages\/6467\/revisions"}],"predecessor-version":[{"id":6883,"href":"https:\/\/www.overline-design.de\/poetry\/index.php?rest_route=\/wp\/v2\/pages\/6467\/revisions\/6883"}],"wp:attachment":[{"href":"https:\/\/www.overline-design.de\/poetry\/index.php?rest_route=%2Fwp%2Fv2%2Fmedia&parent=6467"}],"curies":[{"name":"wp","href":"https:\/\/api.w.org\/{rel}","templated":true}]}}