
{"id":6486,"date":"2022-12-08T17:27:00","date_gmt":"2022-12-08T17:27:00","guid":{"rendered":"https:\/\/www.overline-design.de\/poetry\/?page_id=6486"},"modified":"2023-01-05T15:19:40","modified_gmt":"2023-01-05T15:19:40","slug":"iran-die-brutale-mullah-regierung","status":"publish","type":"page","link":"https:\/\/www.overline-design.de\/poetry\/?page_id=6486","title":{"rendered":"Iran \u2013 das brutale Mullah Regime"},"content":{"rendered":"\n<p>Der Iran wird von alten Mullahs, als Vertreter Gottes, streng regiert,<br>so dass der iranischen B\u00fcrger mit roher Brutalit\u00e4t die Rechte verliert.<br>Wer sich als Demonstrant sich gegen das System der Mullahs stellt,<br>gegen den wird dann brutal im Namen Gottes das Todesurteil gef\u00e4llt.<br><br>Wenn die Iraner gegen die Regierung der Mullahs demonstrieren,<br>dann sie im Namen Gottes ihr Leben durch Bestrafung riskieren.<br>Die Demonstranten werden durch die alten Mullahs dann vernichtet,<br>weil alle Demonstrationen im Iran sind dann \u201egegen Gott\u201c gerichtet.<br><br>Den Mullahs geht es um Macht, dazu ist die Scharia wie geschaffen,<br>die Einhaltung der Scharia kontrollieren Sittenw\u00e4chter mit Waffen.<br>Den Menschen ist dieses System zu streng mit diesen Kontrollen,<br>weil sie, wie die anderen Menschen dieser Welt, frei leben wollen.<br><br>Ist das Kopftuch verrutscht und sitzt nicht nach dem Scharia Plan,<br>werden Frauen im Iran brutal misshandelt und ihnen Leid angetan.<br>Frauen der Welt zeigen sich solidarisch mit den iranischen Frauen<br>und zeigen dann offen, wie sie dieser Mullah Regierung misstrauen.<br><br>Sie schneiden sich die Haare kurz, die als Frauenschmuck gesehen,<br>und geben damit der Iran Regierung ihre Verachtung zu verstehen.<br>Die jungen Demonstranten werden misshandelt und auch bedr\u00e4ngt,<br>um ein Exempel zu statuieren, wird ein Demonstrant dann geh\u00e4ngt.<br><br>Seit dem Gewalt\u00fcbergriff gegen Mahsa Aminis, so wird berichtet,<br>wurden \u00fcber hundert Demonstranten durch das Regime vernichtet.<br>Die Iraner B\u00fcrger wollen nicht in die \u201eVergangenheit\u201c marschieren,<br>wo vor allem Frauen ihre Zukunft und damit ihre Rechte verlieren.<br><br>Die Solidarit\u00e4t im gesamten Iran durch alle Schichten sich aufzeigt<br>und sogar streikende Gesch\u00e4ftsleute den Demonstranten zugeneigt.<br>Hier wird der Iran von den alten Mullahs in das totale Chaos gelenkt<br>und man \u00fcber die Anwendung der Scharia nichts Gutes mehr denkt.<br><br>\u00a9 Rainer Dambroth &#8211; 08.12.2021 &#8211; <strong><a href=\"https:\/\/www.overline-poetry.de\/\">www.overline-poetry.de<\/a><\/strong><br><br>\ud83d\udd17 <strong><a href=\"https:\/\/www.overline-design.de\/poetry\/?page_id=6054\" data-type=\"URL\" data-id=\"https:\/\/www.overline-design.de\/poetry\/?page_id=6054\">Zum Gedenken an Mahsa Aminis &#8211; Tod nach Festnahme durch die iranische Sittenpolizei!<\/a><\/strong> <\/p>\n","protected":false},"excerpt":{"rendered":"<p>Der Iran wird von alten Mullahs, als Vertreter Gottes, streng regiert,so dass der iranischen B\u00fcrger mit roher Brutalit\u00e4t die Rechte verliert.Wer sich als Demonstrant sich gegen das System der Mullahs stellt,gegen den wird dann brutal im Namen Gottes das Todesurteil gef\u00e4llt. Wenn die Iraner gegen die Regierung der Mullahs demonstrieren,dann sie im Namen Gottes ihr [&hellip;]<\/p>\n","protected":false},"author":3,"featured_media":0,"parent":0,"menu_order":0,"comment_status":"closed","ping_status":"closed","template":"","meta":{"footnotes":""},"class_list":["post-6486","page","type-page","status-publish","hentry"],"jetpack_sharing_enabled":true,"_links":{"self":[{"href":"https:\/\/www.overline-design.de\/poetry\/index.php?rest_route=\/wp\/v2\/pages\/6486","targetHints":{"allow":["GET"]}}],"collection":[{"href":"https:\/\/www.overline-design.de\/poetry\/index.php?rest_route=\/wp\/v2\/pages"}],"about":[{"href":"https:\/\/www.overline-design.de\/poetry\/index.php?rest_route=\/wp\/v2\/types\/page"}],"author":[{"embeddable":true,"href":"https:\/\/www.overline-design.de\/poetry\/index.php?rest_route=\/wp\/v2\/users\/3"}],"replies":[{"embeddable":true,"href":"https:\/\/www.overline-design.de\/poetry\/index.php?rest_route=%2Fwp%2Fv2%2Fcomments&post=6486"}],"version-history":[{"count":12,"href":"https:\/\/www.overline-design.de\/poetry\/index.php?rest_route=\/wp\/v2\/pages\/6486\/revisions"}],"predecessor-version":[{"id":6630,"href":"https:\/\/www.overline-design.de\/poetry\/index.php?rest_route=\/wp\/v2\/pages\/6486\/revisions\/6630"}],"wp:attachment":[{"href":"https:\/\/www.overline-design.de\/poetry\/index.php?rest_route=%2Fwp%2Fv2%2Fmedia&parent=6486"}],"curies":[{"name":"wp","href":"https:\/\/api.w.org\/{rel}","templated":true}]}}